{"id":7024,"date":"2022-02-24T15:00:56","date_gmt":"2022-02-24T11:30:56","guid":{"rendered":"https:\/\/intime-cyprus.com\/?page_id=7024"},"modified":"2024-04-02T16:46:54","modified_gmt":"2024-04-02T12:16:54","slug":"leitfaden-zum-immobilienkauf","status":"publish","type":"page","link":"https:\/\/intime-cyprus.com\/de\/leitfaden-zum-immobilienkauf\/","title":{"rendered":"Kauf von Immobilienkauf"},"content":{"rendered":"<section class=\"l-section wpb_row height_huge color_secondary with_img parallax_ver parallaxdir_reversed\"><div class=\"l-section-img\" role=\"img\" aria-label=\"\u0634\u0631\u06a9\u062a \u0633\u0631\u0645\u0627\u06cc\u0647 \u06af\u0630\u0627\u0631\u06cc \u0647\u0627\u0628\" data-img-width=\"1920\" data-img-height=\"880\" style=\"background-image: url(https:\/\/intime-cyprus.com\/wp-content\/uploads\/2021\/04\/hub-property-about-us.jpg);background-position: top center;\"><\/div><div class=\"l-section-overlay\" style=\"background:rgba(36,38,45,0.50)\"><\/div><div class=\"l-section-h i-cf\"><div class=\"g-cols vc_row via_grid cols_1 laptops-cols_inherit tablets-cols_inherit mobiles-cols_1 valign_top type_default stacking_default\"><div class=\"wpb_column vc_column_container\"><div class=\"vc_column-inner\"><h2 class=\"w-post-elm post_title align_center entry-title color_link_inherit\">Kauf von Immobilienkauf<\/h2><div class=\"wpb_text_column\"><div class=\"wpb_wrapper\"><p style=\"text-align: center;\"><span style=\"color: #ffffff;\">Alles, was Sie \u00fcber den Kauf einer Immobilie in Nordzypern wissen m\u00fcssen<\/span><\/p>\n<\/div><\/div><\/div><\/div><\/div><\/div><\/section><section class=\"l-section wpb_row height_medium\"><div class=\"l-section-h i-cf\"><div class=\"g-cols vc_row via_grid cols_2 laptops-cols_inherit tablets-cols_inherit mobiles-cols_1 valign_top type_default stacking_default\"><div class=\"wpb_column vc_column_container\"><div class=\"vc_column-inner\"><div class=\"w-tabs us_custom_58b72039 style_default switch_click accordion has_scrolling\" style=\"--sections-title-size:inherit\"><div class=\"w-tabs-sections titles-align_right icon_chevron cpos_right\"><div class=\"w-tabs-section\" id=\"1619859789501-13020b62-99ec\" itemscope itemprop=\"mainEntity\" itemtype=\"https:\/\/schema.org\/Question\"><button class=\"w-tabs-section-header\" aria-controls=\"content-1619859789501-13020b62-99ec\" aria-expanded=\"false\"><div class=\"w-tabs-section-title\" itemprop=\"name\">Allgemeine Bedingungen f\u00fcr den Kauf von Immobilien in Nordzypern:<\/div><div class=\"w-tabs-section-control\"><\/div><\/button><div  class=\"w-tabs-section-content\" id=\"content-1619859789501-13020b62-99ec\" itemscope itemprop=\"acceptedAnswer\" itemtype=\"https:\/\/schema.org\/Answer\"><div class=\"w-tabs-section-content-h i-cf\" itemprop=\"text\"><div class=\"wpb_text_column\"><div class=\"wpb_wrapper\"><p>Vorverkaufseinheiten (werden in einem Jahr geliefert): 30% Vorauszahlung + 20% bis zum Schl\u00fcssel + 50% f\u00fcr 60 Monate ohne Zinsen<\/p>\n<p>Fertige Wohneinheiten; 50% bei \u00dcbergabe des Schl\u00fcssels + 50% der verbleibenden 60 Monate ohne Zinsen<\/p>\n<\/div><\/div><\/div><\/div><\/div><div class=\"w-tabs-section\" id=\"1645702501182-c0999030-2a7e\" itemscope itemprop=\"mainEntity\" itemtype=\"https:\/\/schema.org\/Question\"><button class=\"w-tabs-section-header\" aria-controls=\"content-1645702501182-c0999030-2a7e\" aria-expanded=\"false\"><div class=\"w-tabs-section-title\" itemprop=\"name\">Zeitplan f\u00fcr die Ratenzahlung<\/div><div class=\"w-tabs-section-control\"><\/div><\/button><div  class=\"w-tabs-section-content\" id=\"content-1645702501182-c0999030-2a7e\" itemscope itemprop=\"acceptedAnswer\" itemtype=\"https:\/\/schema.org\/Answer\"><div class=\"w-tabs-section-content-h i-cf\" itemprop=\"text\"><div class=\"wpb_text_column\"><div class=\"wpb_wrapper\"><p>Einmal alle 4 bis 6 Monate<\/p>\n<\/div><\/div><\/div><\/div><\/div><div class=\"w-tabs-section\" id=\"1619860166683-74871cfc-50e4\" itemscope itemprop=\"mainEntity\" itemtype=\"https:\/\/schema.org\/Question\"><button class=\"w-tabs-section-header\" aria-controls=\"content-1619860166683-74871cfc-50e4\" aria-expanded=\"false\"><div class=\"w-tabs-section-title\" itemprop=\"name\">Nebenkosten beim Kauf einer Immobilie<\/div><div class=\"w-tabs-section-control\"><\/div><\/button><div  class=\"w-tabs-section-content\" id=\"content-1619860166683-74871cfc-50e4\" itemscope itemprop=\"acceptedAnswer\" itemtype=\"https:\/\/schema.org\/Answer\"><div class=\"w-tabs-section-content-h i-cf\" itemprop=\"text\"><div class=\"wpb_text_column\"><div class=\"wpb_wrapper\"><p>0,5 Prozent sind die Kosten f\u00fcr staatliche Stempel und Siegel<\/p>\n<p>5% Steuer (an die Regierung abgef\u00fchrt)<\/p>\n<p>3% f\u00fcr die Kosten der Registrierung der Eigentumsurkunde<\/p>\n<p>1000 bis 2500 Pfund f\u00fcr Wasser- und Gasz\u00e4hler<\/p>\n<\/div><\/div><\/div><\/div><\/div><div class=\"w-tabs-section\" id=\"1619860281395-f9d49f0e-834f\" itemscope itemprop=\"mainEntity\" itemtype=\"https:\/\/schema.org\/Question\"><button class=\"w-tabs-section-header\" aria-controls=\"content-1619860281395-f9d49f0e-834f\" aria-expanded=\"false\"><div class=\"w-tabs-section-title\" itemprop=\"name\">Preis der Vorverkaufseinheiten<\/div><div class=\"w-tabs-section-control\"><\/div><\/button><div  class=\"w-tabs-section-content\" id=\"content-1619860281395-f9d49f0e-834f\" itemscope itemprop=\"acceptedAnswer\" itemtype=\"https:\/\/schema.org\/Answer\"><div class=\"w-tabs-section-content-h i-cf\" itemprop=\"text\"><div class=\"wpb_text_column\"><div class=\"wpb_wrapper\"><p>Suite: h\u00f6her als 42000 Pfund<\/p>\n<p>1 Schlafzimmer: h\u00f6her als 55000 Pfund<\/p>\n<p>2 Schlafzimmer: h\u00f6her als 64000 Pfund<\/p>\n<p>Villa: h\u00f6her als 100000 Pfund<\/p>\n<\/div><\/div><\/div><\/div><\/div><div class=\"w-tabs-section\" id=\"1619860427070-db38f8f1-f731\" itemscope itemprop=\"mainEntity\" itemtype=\"https:\/\/schema.org\/Question\"><button class=\"w-tabs-section-header\" aria-controls=\"content-1619860427070-db38f8f1-f731\" aria-expanded=\"false\"><div class=\"w-tabs-section-title\" itemprop=\"name\"> Bedingungen f\u00fcr die Er\u00f6ffnung eines Bankkontos<\/div><div class=\"w-tabs-section-control\"><\/div><\/button><div  class=\"w-tabs-section-content\" id=\"content-1619860427070-db38f8f1-f731\" itemscope itemprop=\"acceptedAnswer\" itemtype=\"https:\/\/schema.org\/Answer\"><div class=\"w-tabs-section-content-h i-cf\" itemprop=\"text\"><div class=\"wpb_text_column\"><div class=\"wpb_wrapper\"><p>Nach Unterzeichnung des Vertrags kann jede Person innerhalb eines Tages ein Bankkonto in allen W\u00e4hrungen er\u00f6ffnen.<\/p>\n<\/div><\/div><\/div><\/div><\/div><div class=\"w-tabs-section\" id=\"1619860327116-cce28305-e4c5\" itemscope itemprop=\"mainEntity\" itemtype=\"https:\/\/schema.org\/Question\"><button class=\"w-tabs-section-header\" aria-controls=\"content-1619860327116-cce28305-e4c5\" aria-expanded=\"false\"><div class=\"w-tabs-section-title\" itemprop=\"name\">Preis der fertigen Wohneinheiten<\/div><div class=\"w-tabs-section-control\"><\/div><\/button><div  class=\"w-tabs-section-content\" id=\"content-1619860327116-cce28305-e4c5\" itemscope itemprop=\"acceptedAnswer\" itemtype=\"https:\/\/schema.org\/Answer\"><div class=\"w-tabs-section-content-h i-cf\" itemprop=\"text\"><div class=\"wpb_text_column\"><div class=\"wpb_wrapper\"><p>Suite: h\u00f6her als 55000 Pfund<\/p>\n<p>1 Schlafzimmer: h\u00f6her als 72000 Pfund<\/p>\n<p>2 Schlafzimmer: h\u00f6her als 82000 Pfund<\/p>\n<p>Villa: h\u00f6her als 150000 Pfund<\/p>\n<\/div><\/div><\/div><\/div><\/div><div class=\"w-tabs-section\" id=\"1619860512705-6a0283ff-4f85\" itemscope itemprop=\"mainEntity\" itemtype=\"https:\/\/schema.org\/Question\"><button class=\"w-tabs-section-header\" aria-controls=\"content-1619860512705-6a0283ff-4f85\" aria-expanded=\"false\"><div class=\"w-tabs-section-title\" itemprop=\"name\">Klima<\/div><div class=\"w-tabs-section-control\"><\/div><\/button><div  class=\"w-tabs-section-content\" id=\"content-1619860512705-6a0283ff-4f85\" itemscope itemprop=\"acceptedAnswer\" itemtype=\"https:\/\/schema.org\/Answer\"><div class=\"w-tabs-section-content-h i-cf\" itemprop=\"text\"><div class=\"wpb_text_column\"><div class=\"wpb_wrapper\"><p>Es hat 300 Sonnentage und ein angenehmes mediterranes Klima<\/p>\n<\/div><\/div><\/div><\/div><\/div><div class=\"w-tabs-section\" id=\"1619860544735-24da81be-6141\" itemscope itemprop=\"mainEntity\" itemtype=\"https:\/\/schema.org\/Question\"><button class=\"w-tabs-section-header\" aria-controls=\"content-1619860544735-24da81be-6141\" aria-expanded=\"false\"><div class=\"w-tabs-section-title\" itemprop=\"name\">Sicherheit in Nordzypern<\/div><div class=\"w-tabs-section-control\"><\/div><\/button><div  class=\"w-tabs-section-content\" id=\"content-1619860544735-24da81be-6141\" itemscope itemprop=\"acceptedAnswer\" itemtype=\"https:\/\/schema.org\/Answer\"><div class=\"w-tabs-section-content-h i-cf\" itemprop=\"text\"><div class=\"wpb_text_column\"><div class=\"wpb_wrapper\"><p>Das f\u00fcnft-sicherste Land der Welt und vorbildliche Sicherheit<\/p>\n<\/div><\/div><\/div><\/div><\/div><div class=\"w-tabs-section\" id=\"1619860573727-cb222995-e98b\" itemscope itemprop=\"mainEntity\" itemtype=\"https:\/\/schema.org\/Question\"><button class=\"w-tabs-section-header\" aria-controls=\"content-1619860573727-cb222995-e98b\" aria-expanded=\"false\"><div class=\"w-tabs-section-title\" itemprop=\"name\">W\u00e4hrung in Nordzypern<\/div><div class=\"w-tabs-section-control\"><\/div><\/button><div  class=\"w-tabs-section-content\" id=\"content-1619860573727-cb222995-e98b\" itemscope itemprop=\"acceptedAnswer\" itemtype=\"https:\/\/schema.org\/Answer\"><div class=\"w-tabs-section-content-h i-cf\" itemprop=\"text\"><div class=\"wpb_text_column\"><div class=\"wpb_wrapper\"><p>T\u00e4gliche Lebenshaltungskosten in T\u00fcrkischen Lira<br \/>\nKauf und Verkauf von Immobilien und Autos in britischen Pfund<\/p>\n<\/div><\/div><\/div><\/div><\/div><div class=\"w-tabs-section\" id=\"1619860636514-f3d49d94-ed85\" itemscope itemprop=\"mainEntity\" itemtype=\"https:\/\/schema.org\/Question\"><button class=\"w-tabs-section-header\" aria-controls=\"content-1619860636514-f3d49d94-ed85\" aria-expanded=\"false\"><div class=\"w-tabs-section-title\" itemprop=\"name\">Sprache <\/div><div class=\"w-tabs-section-control\"><\/div><\/button><div  class=\"w-tabs-section-content\" id=\"content-1619860636514-f3d49d94-ed85\" itemscope itemprop=\"acceptedAnswer\" itemtype=\"https:\/\/schema.org\/Answer\"><div class=\"w-tabs-section-content-h i-cf\" itemprop=\"text\"><div class=\"wpb_text_column\"><div class=\"wpb_wrapper\"><p>Istanbul T\u00fcrkisch, aber 90 % der Bev\u00f6lkerung sprechen flie\u00dfend Englisch.<\/p>\n<\/div><\/div><\/div><\/div><\/div><\/div><\/div><\/div><\/div><div class=\"wpb_column vc_column_container\"><div class=\"vc_column-inner\"><div class=\"w-tabs us_custom_58b72039 style_default switch_click accordion has_scrolling\" style=\"--sections-title-size:inherit\"><div class=\"w-tabs-sections titles-align_right icon_chevron cpos_right\"><div class=\"w-tabs-section\" id=\"1619860837384-bc4beedf-2f29\" itemscope itemprop=\"mainEntity\" itemtype=\"https:\/\/schema.org\/Question\"><button class=\"w-tabs-section-header\" aria-controls=\"content-1619860837384-bc4beedf-2f29\" aria-expanded=\"false\"><div class=\"w-tabs-section-title\" itemprop=\"name\">Bedingungen f\u00fcr die Aufenthaltsgenehmigung<\/div><div class=\"w-tabs-section-control\"><\/div><\/button><div  class=\"w-tabs-section-content\" id=\"content-1619860837384-bc4beedf-2f29\" itemscope itemprop=\"acceptedAnswer\" itemtype=\"https:\/\/schema.org\/Answer\"><div class=\"w-tabs-section-content-h i-cf\" itemprop=\"text\"><div class=\"wpb_text_column\"><div class=\"wpb_wrapper\"><p>Die Dauer f\u00fcr den Erhalt einer Aufenthaltsgenehmigung betr\u00e4gt 21 Arbeitstage nach Vertragsunterzeichnung, und die Bedingungen sind die gleichen f\u00fcr fertige und vorgefertigte Wohnungen.<\/p>\n<p>Aufenthaltserlaubnis f\u00fcr 1 Person oder ein Paar: Minimum eine Suite<\/p>\n<p>Aufenthaltsgenehmigung f\u00fcr eine 3-k\u00f6pfige Familie: Wohneinheit mit mindestens 1 Schlafzimmer<\/p>\n<p>Aufenthaltsgenehmigung f\u00fcr eine 4-k\u00f6pfige Familie und mehr: Wohneinheit mit mindestens 2 Schlafzimmer<\/p>\n<p>\ud83d\uded1Die Aufenthaltserlaubnis wird j\u00e4hrlich f\u00fcr bis zu 4 Jahre erteilt und kann nach dem vierten Jahr in eine unbefristete Aufenthaltserlaubnis umgewandelt werden.<\/p>\n<\/div><\/div><\/div><\/div><\/div><div class=\"w-tabs-section\" id=\"1645703941411-a01f7e67-d156\" itemscope itemprop=\"mainEntity\" itemtype=\"https:\/\/schema.org\/Question\"><button class=\"w-tabs-section-header\" aria-controls=\"content-1645703941411-a01f7e67-d156\" aria-expanded=\"false\"><div class=\"w-tabs-section-title\" itemprop=\"name\">Die H\u00f6he der Mieteinnahmen<\/div><div class=\"w-tabs-section-control\"><\/div><\/button><div  class=\"w-tabs-section-content\" id=\"content-1645703941411-a01f7e67-d156\" itemscope itemprop=\"acceptedAnswer\" itemtype=\"https:\/\/schema.org\/Answer\"><div class=\"w-tabs-section-content-h i-cf\" itemprop=\"text\"><div class=\"wpb_text_column\"><div class=\"wpb_wrapper\"><p>Suite: 200 bis 300 Pfund monatlich<\/p>\n<p>1 Schlafzimmer: 300 bis 350 Pfund monatlich<\/p>\n<p>2 Schlafzimmer: 350 bis 450 Pfund monatlich<\/p>\n<p>Villa: 500 Pfund und mehr monatlich<\/p>\n<p>Der Unterschied im Preis pro Einheit h\u00e4ngt von folgenden Faktoren ab: Projekt, Sauberkeit, Ausstattung, Landschaft, Boden, Einrichtungen usw.<\/p>\n<p>\ud83d\uded1Bei tageweiser Anmietung k\u00f6nnen die oben genannten Betr\u00e4ge bis zum 2-fachen erh\u00f6ht werden.<\/p>\n<\/div><\/div><\/div><\/div><\/div><div class=\"w-tabs-section\" id=\"1645703940203-068fb99e-107b\" itemscope itemprop=\"mainEntity\" itemtype=\"https:\/\/schema.org\/Question\"><button class=\"w-tabs-section-header\" aria-controls=\"content-1645703940203-068fb99e-107b\" aria-expanded=\"false\"><div class=\"w-tabs-section-title\" itemprop=\"name\">Lebenshaltungskosten<\/div><div class=\"w-tabs-section-control\"><\/div><\/button><div  class=\"w-tabs-section-content\" id=\"content-1645703940203-068fb99e-107b\" itemscope itemprop=\"acceptedAnswer\" itemtype=\"https:\/\/schema.org\/Answer\"><div class=\"w-tabs-section-content-h i-cf\" itemprop=\"text\"><div class=\"wpb_text_column\"><div class=\"wpb_wrapper\"><p>Es ist viel weniger als in Deutschland\u00a0und ist deutlich billiger als andere europ\u00e4ische L\u00e4nder.<\/p>\n<\/div><\/div><\/div><\/div><\/div><div class=\"w-tabs-section\" id=\"1645703939108-a226c011-9a30\" itemscope itemprop=\"mainEntity\" itemtype=\"https:\/\/schema.org\/Question\"><button class=\"w-tabs-section-header\" aria-controls=\"content-1645703939108-a226c011-9a30\" aria-expanded=\"false\"><div class=\"w-tabs-section-title\" itemprop=\"name\">Bildung in Nordzypern<\/div><div class=\"w-tabs-section-control\"><\/div><\/button><div  class=\"w-tabs-section-content\" id=\"content-1645703939108-a226c011-9a30\" itemscope itemprop=\"acceptedAnswer\" itemtype=\"https:\/\/schema.org\/Answer\"><div class=\"w-tabs-section-content-h i-cf\" itemprop=\"text\"><div class=\"wpb_text_column\"><div class=\"wpb_wrapper\"><p>In Nordzypern gibt es von der Vorschule bis zur Universit\u00e4t Hunderte von internationalen, privaten und \u00f6ffentlichen Kursen in englischer Sprache.<\/p>\n<\/div><\/div><\/div><\/div><\/div><div class=\"w-tabs-section\" id=\"1619860837745-9429fcaf-09d2\" itemscope itemprop=\"mainEntity\" itemtype=\"https:\/\/schema.org\/Question\"><button class=\"w-tabs-section-header\" aria-controls=\"content-1619860837745-9429fcaf-09d2\" aria-expanded=\"false\"><div class=\"w-tabs-section-title\" itemprop=\"name\">Wie Sie pers\u00f6nlich kaufen k\u00f6nnen<\/div><div class=\"w-tabs-section-control\"><\/div><\/button><div  class=\"w-tabs-section-content\" id=\"content-1619860837745-9429fcaf-09d2\" itemscope itemprop=\"acceptedAnswer\" itemtype=\"https:\/\/schema.org\/Answer\"><div class=\"w-tabs-section-content-h i-cf\" itemprop=\"text\"><div class=\"wpb_text_column\"><div class=\"wpb_wrapper\"><p>Alle Personen, die alle 2 Dosen des Impfstoffs erhalten haben, k\u00f6nnen ohne Quarant\u00e4ne nach Nordzypern reisen, wenn sie innerhalb von h\u00f6chstens 72 Stunden einen negativen PCR-Test vorlegen.<\/p>\n<p>Nicht geimpfte Personen sollten 5 Tage lang zu Hause unter Quarant\u00e4ne gestellt werden.<\/p>\n<\/div><\/div><\/div><\/div><\/div><div class=\"w-tabs-section\" id=\"1619860838149-eb0cf840-e669\" itemscope itemprop=\"mainEntity\" itemtype=\"https:\/\/schema.org\/Question\"><button class=\"w-tabs-section-header\" aria-controls=\"content-1619860838149-eb0cf840-e669\" aria-expanded=\"false\"><div class=\"w-tabs-section-title\" itemprop=\"name\">Wie man online kauft<\/div><div class=\"w-tabs-section-control\"><\/div><\/button><div  class=\"w-tabs-section-content\" id=\"content-1619860838149-eb0cf840-e669\" itemscope itemprop=\"acceptedAnswer\" itemtype=\"https:\/\/schema.org\/Answer\"><div class=\"w-tabs-section-content-h i-cf\" itemprop=\"text\"><div class=\"wpb_text_column\"><div class=\"wpb_wrapper\"><p>Wenn Sie am Kauf interessiert sind, k\u00f6nnen Sie Ihre gew\u00fcnschten Einheiten per WhatsApp- und Videoanruf besichtigen und nach der Auswahl Ihre Einheit f\u00fcr 1000 $ f\u00fcr einen Monat buchen und dann eine Vorauszahlung leisten. Der Online-Einkaufsprozess l\u00e4uft genauso ab wie der pers\u00f6nliche Einkauf, und Sie sind in allen Phasen per Videoanruf anwesend.<\/p>\n<p>&nbsp;<\/p>\n<\/div><\/div><\/div><\/div><\/div><div class=\"w-tabs-section\" id=\"1619861053758-5a38c889-2f6c\" itemscope itemprop=\"mainEntity\" itemtype=\"https:\/\/schema.org\/Question\"><button class=\"w-tabs-section-header\" aria-controls=\"content-1619861053758-5a38c889-2f6c\" aria-expanded=\"false\"><div class=\"w-tabs-section-title\" itemprop=\"name\">Die M\u00f6glichkeit, die reservierte Wohneinheit zu \u00e4ndern<\/div><div class=\"w-tabs-section-control\"><\/div><\/button><div  class=\"w-tabs-section-content\" id=\"content-1619861053758-5a38c889-2f6c\" itemscope itemprop=\"acceptedAnswer\" itemtype=\"https:\/\/schema.org\/Answer\"><div class=\"w-tabs-section-content-h i-cf\" itemprop=\"text\"><div class=\"wpb_text_column\"><div class=\"wpb_wrapper\"><p>Im Falle einer Reservierung oder Vorauszahlung k\u00f6nnen Sie Ihre Einheit jederzeit gegen eine kleinere oder gr\u00f6\u00dfere Einheit austauschen, ohne zus\u00e4tzliche Kosten zu zahlen; dies wird in Ihrem Vertrag vermerkt.<\/p>\n<\/div><\/div><\/div><\/div><\/div><div class=\"w-tabs-section\" id=\"1619861083333-70769fda-2738\" itemscope itemprop=\"mainEntity\" itemtype=\"https:\/\/schema.org\/Question\"><button class=\"w-tabs-section-header\" aria-controls=\"content-1619861083333-70769fda-2738\" aria-expanded=\"false\"><div class=\"w-tabs-section-title\" itemprop=\"name\">Cyprus inTime Besondere Geschenke<\/div><div class=\"w-tabs-section-control\"><\/div><\/button><div  class=\"w-tabs-section-content\" id=\"content-1619861083333-70769fda-2738\" itemscope itemprop=\"acceptedAnswer\" itemtype=\"https:\/\/schema.org\/Answer\"><div class=\"w-tabs-section-content-h i-cf\" itemprop=\"text\"><div class=\"wpb_text_column\"><div class=\"wpb_wrapper\"><p>5 Hauptk\u00fcchenger\u00e4te (Ofen, Abzugshaube, Herd, gro\u00dfer K\u00fchlschrank und Waschmaschine)<\/p>\n<p>Klimatisierung entsprechend der Anzahl der Schlafzimmer und S\u00e4le\u00a0Fernseher<\/p>\n<p>Bezahlung des Hin- und R\u00fcckflugtickets<\/p>\n<\/div><\/div><\/div><\/div><\/div><div class=\"w-tabs-section\" id=\"1619861177135-89018d55-e7eb\" itemscope itemprop=\"mainEntity\" itemtype=\"https:\/\/schema.org\/Question\"><button class=\"w-tabs-section-header\" aria-controls=\"content-1619861177135-89018d55-e7eb\" aria-expanded=\"false\"><div class=\"w-tabs-section-title\" itemprop=\"name\">Kostenlose Dienstleistungen der Firma Cyprus INTIME<\/div><div class=\"w-tabs-section-control\"><\/div><\/button><div  class=\"w-tabs-section-content\" id=\"content-1619861177135-89018d55-e7eb\" itemscope itemprop=\"acceptedAnswer\" itemtype=\"https:\/\/schema.org\/Answer\"><div class=\"w-tabs-section-content-h i-cf\" itemprop=\"text\"><div class=\"wpb_text_column\"><div class=\"wpb_wrapper\"><p>Die Evernest Gruppe steht Ihnen auch mit Dienstleistungen wie 6 Tage kostenloser Aufenthalt, kostenloser Stadt- und Flughafentransfer, Stadtrundfahrt und Kennenlernen von Nordzypern, Shoppingtour, etc. in Nordzypern zur Verf\u00fcgung.<\/p>\n<\/div><\/div><\/div><\/div><\/div><div class=\"w-tabs-section\" id=\"1619860990869-e3ab8c53-4c05\" itemscope itemprop=\"mainEntity\" itemtype=\"https:\/\/schema.org\/Question\"><button class=\"w-tabs-section-header\" aria-controls=\"content-1619860990869-e3ab8c53-4c05\" aria-expanded=\"false\"><div class=\"w-tabs-section-title\" itemprop=\"name\">Die Dienstleistungen der Cyprus INTIME Investment Company im Bereich des Immobilienkaufs in Nordzypern<\/div><div class=\"w-tabs-section-control\"><\/div><\/button><div  class=\"w-tabs-section-content\" id=\"content-1619860990869-e3ab8c53-4c05\" itemscope itemprop=\"acceptedAnswer\" itemtype=\"https:\/\/schema.org\/Answer\"><div class=\"w-tabs-section-content-h i-cf\" itemprop=\"text\"><div class=\"wpb_text_column\"><div class=\"wpb_wrapper\"><p>Die CYPRUS INTIME Investment Company ist durch die Bereitstellung der besten Dienstleistungen im Bereich des Immobilienkaufs und der Investition zweifellos der beste Rechtsvertreter unserer lieben Landsleute in Nordzypern. Komplette Dienstleistungen von null bis hundert Immobilienkauf, Kundenorientierung, Garantie und g\u00fcltiger After-Sales-Service sowie die Bereitstellung der umfassendsten Kollektion zum besten Preis geh\u00f6ren zu den Idealen dieser Kollektion. Einige der Dienstleistungen der CYPRUS INIME Investment Company sind wie folgt:<\/p>\n<p>Projekte besuchen<br \/>Kostenloser Flughafentransfer<br \/>3 Tage kostenloser Aufenthalt<br \/>Freizeittouren<br \/>Mall-Touren<br \/>Begleitung in allen Phasen des Kaufs und der Erlangung des Wohnsitzes<br \/>Bankkreditberatung und Anlagem\u00f6glichkeiten<\/p>\n<\/div><\/div><\/div><\/div><\/div><\/div><\/div><\/div><\/div><\/div><\/div><\/section>\n","protected":false},"excerpt":{"rendered":"Kauf von ImmobilienkaufAlles, was Sie \u00fcber den Kauf einer Immobilie in Nordzypern wissen m\u00fcssen Allgemeine Bedingungen f\u00fcr den Kauf von Immobilien in Nordzypern:Vorverkaufseinheiten (werden in einem Jahr geliefert): 30% Vorauszahlung + 20% bis zum Schl\u00fcssel + 50% f\u00fcr 60 Monate ohne Zinsen Fertige Wohneinheiten; 50% bei \u00dcbergabe des Schl\u00fcssels + 50% der verbleibenden 60 Monate...","protected":false},"author":2,"featured_media":0,"parent":0,"menu_order":0,"comment_status":"closed","ping_status":"closed","template":"","meta":{"_joinchat":[],"footnotes":""},"class_list":["post-7024","page","type-page","status-publish","hentry"],"_links":{"self":[{"href":"https:\/\/intime-cyprus.com\/de\/wp-json\/wp\/v2\/pages\/7024","targetHints":{"allow":["GET"]}}],"collection":[{"href":"https:\/\/intime-cyprus.com\/de\/wp-json\/wp\/v2\/pages"}],"about":[{"href":"https:\/\/intime-cyprus.com\/de\/wp-json\/wp\/v2\/types\/page"}],"author":[{"embeddable":true,"href":"https:\/\/intime-cyprus.com\/de\/wp-json\/wp\/v2\/users\/2"}],"replies":[{"embeddable":true,"href":"https:\/\/intime-cyprus.com\/de\/wp-json\/wp\/v2\/comments?post=7024"}],"version-history":[{"count":1,"href":"https:\/\/intime-cyprus.com\/de\/wp-json\/wp\/v2\/pages\/7024\/revisions"}],"predecessor-version":[{"id":20787,"href":"https:\/\/intime-cyprus.com\/de\/wp-json\/wp\/v2\/pages\/7024\/revisions\/20787"}],"wp:attachment":[{"href":"https:\/\/intime-cyprus.com\/de\/wp-json\/wp\/v2\/media?parent=7024"}],"curies":[{"name":"wp","href":"https:\/\/api.w.org\/{rel}","templated":true}]}}