{"id":7029,"date":"2022-02-24T13:56:32","date_gmt":"2022-02-24T10:26:32","guid":{"rendered":"https:\/\/intime-cyprus.com\/?page_id=7029"},"modified":"2025-06-07T15:07:54","modified_gmt":"2025-06-07T11:37:54","slug":"rechtsberatung","status":"publish","type":"page","link":"https:\/\/intime-cyprus.com\/de\/rechtsberatung\/","title":{"rendered":"Rechtsberatung"},"content":{"rendered":"<section class=\"l-section wpb_row height_huge color_primary with_img parallax_ver\"><div class=\"l-section-img\" role=\"img\" aria-label=\"\u0686\u06a9\u0634 \u0642\u0627\u0636\u06cc \u062f\u0627\u062f\u06af\u0627\u0647 \u0642\u0628\u0631\u0633 \u0634\u0645\u0627\u0644\u06cc\" data-img-width=\"1400\" data-img-height=\"700\" style=\"background-image: url(https:\/\/intime-cyprus.com\/wp-content\/uploads\/2022\/02\/property-law.jpg);background-position: top center;\"><\/div><div class=\"l-section-overlay\" style=\"background:rgba(36,38,45,0.50)\"><\/div><div class=\"l-section-h i-cf\"><div class=\"g-cols vc_row via_grid cols_1 laptops-cols_inherit tablets-cols_inherit mobiles-cols_1 valign_middle type_default stacking_default\"><div class=\"wpb_column vc_column_container\"><div class=\"vc_column-inner\"><div class=\"w-separator size_small\"><\/div><h2 class=\"w-post-elm post_title us_custom_6df4bc3a has_text_color align_center entry-title color_link_inherit\">Rechtsberatung<\/h2><div class=\"w-separator size_small\"><\/div><\/div><\/div><\/div><\/div><\/section><section class=\"l-section wpb_row height_medium\" id=\"about\"><div class=\"l-section-overlay\" style=\"background:#f5f5f5\"><\/div><div class=\"l-section-h i-cf\"><div class=\"g-cols vc_row via_grid cols_2 laptops-cols_inherit tablets-cols_inherit mobiles-cols_1 valign_top type_default stacking_default\"><div class=\"wpb_column vc_column_container\"><div class=\"vc_column-inner\"><h2 class=\"w-text us_custom_f8cd2031 has_text_color\"><span class=\"w-text-h\"><span class=\"w-text-value\">Regeln f\u00fcr den Kauf von Immobilien in Nordzypern<\/span><\/span><\/h2><div class=\"wpb_text_column\"><div class=\"wpb_wrapper\"><p>Nach dem derzeitigen Verfahren k\u00f6nnen Ausl\u00e4nder nur f\u00fcr eine Immobilie (Wohnung oder Villa) eine endg\u00fcltige Eigentumsurkunde erhalten, sie k\u00f6nnen jedoch ohne Einschr\u00e4nkungen unterschiedliche Immobilienvertr\u00e4ge haben. Diese Regelung wird von Zeit zu Zeit von der Regierung vor\u00fcbergehend auf bis zu 3 Wohnungen ge\u00e4ndert. Zun\u00e4chst m\u00fcssen Sie den Grundst\u00fcckskaufvertrag unterschreiben und beim Finanzamt anmelden. Um den Vertrag zu registrieren, m\u00fcssen Sie 5 % Steuern auf den gesamten Kaufpreis zahlen.<\/p>\n<p>Wenn Sie m\u00f6chten, k\u00f6nnen Sie den Vertrag gleich nach der Anmeldung beim Finanzamt beim Grundbuchamt anmelden. Wenn Sie Ihren Vertrag beim Grundbuchamt registrieren, kann niemand Ihr Eigentum ohne Ihre Zustimmung an Dritte verkaufen, vermieten, verpf\u00e4nden oder verpf\u00e4nden. Der Vorteil dieser Eintragung im Grundbuchamt besteht darin, dass in jedem Fall, auch wenn der Verk\u00e4ufer in Konkurs geht, kein anderer Dritter ein Recht auf das eingetragene Grundst\u00fcck aus Ihrem Grundst\u00fcck beanspruchen kann.<br \/>Kosten = 191 Lira f\u00fcr die Grundbucheintragung<\/p>\n<\/div><\/div><\/div><\/div><div class=\"wpb_column vc_column_container\"><div class=\"vc_column-inner\"><div class=\"w-image align_none\"><div class=\"w-image-h\"><img decoding=\"async\" width=\"1395\" height=\"739\" src=\"https:\/\/intime-cyprus.com\/wp-content\/uploads\/2022\/02\/predlozhenie.jpg\" class=\"attachment-full size-full\" alt=\"\" loading=\"lazy\" srcset=\"https:\/\/intime-cyprus.com\/wp-content\/uploads\/2022\/02\/predlozhenie.jpg 1395w, https:\/\/intime-cyprus.com\/wp-content\/uploads\/2022\/02\/predlozhenie-300x159.jpg 300w, https:\/\/intime-cyprus.com\/wp-content\/uploads\/2022\/02\/predlozhenie-1024x542.jpg 1024w\" sizes=\"auto, (max-width: 1395px) 100vw, 1395px\"><\/div><\/div><\/div><\/div><\/div><\/div><\/section><section class=\"l-section wpb_row height_medium\"><div class=\"l-section-h i-cf\"><div class=\"g-cols vc_row via_grid cols_2 laptops-cols_inherit tablets-cols_inherit mobiles-cols_1 valign_top type_default reversed stacking_default\"><div class=\"wpb_column vc_column_container\"><div class=\"vc_column-inner\"><div class=\"w-image align_none\"><div class=\"w-image-h\"><img decoding=\"async\" width=\"1024\" height=\"597\" src=\"https:\/\/intime-cyprus.com\/wp-content\/uploads\/2022\/02\/\u0627\u0633\u0646\u0627\u062f-\u0645\u0644\u06a9\u06cc.jpg\" class=\"attachment-full size-full\" alt=\"\" loading=\"lazy\" srcset=\"https:\/\/intime-cyprus.com\/wp-content\/uploads\/2022\/02\/\u0627\u0633\u0646\u0627\u062f-\u0645\u0644\u06a9\u06cc.jpg 1024w, https:\/\/intime-cyprus.com\/wp-content\/uploads\/2022\/02\/\u0627\u0633\u0646\u0627\u062f-\u0645\u0644\u06a9\u06cc-300x175.jpg 300w\" sizes=\"auto, (max-width: 1024px) 100vw, 1024px\"><\/div><\/div><\/div><\/div><div class=\"wpb_column vc_column_container\"><div class=\"vc_column-inner\"><h2 class=\"w-text us_custom_f8cd2031 has_text_color\"><span class=\"w-text-h\"><span class=\"w-text-value\">Angeforderte Dokumente<\/span><\/span><\/h2><div class=\"wpb_text_column\"><div class=\"wpb_wrapper\"><p>Eingetragener Vertrag<br \/>Reisepass<br \/>Strafregisterauszug (\u00fcbersetzt ins T\u00fcrkische oder Englische)<br \/>Anmeldeformular<\/p>\n<\/div><\/div><div class=\"wpb_text_column\"><div class=\"wpb_wrapper\"><p>Nachdem der Antrag abgeschlossen ist, beginnt eine Sicherheitsuntersuchung. Wird der K\u00e4ufer als Ergebnis dieser Pr\u00fcfung als geeignet befunden, wird die Anfrage an den Ministerrat weitergeleitet. Nach Ermessen des Ministerrates wird der Kaufantrag genehmigt.<\/p>\n<\/div><\/div><div class=\"w-btn-wrapper align_none\"><a class=\"w-btn us-btn-style_1\" title=\"\u062a\u0645\u0627\u0633 \u0628\u0627 \u0645\u0627\" href=\"https:\/\/intime-cyprus.com\/de\/kontakt-mit-uns\/\"><span class=\"w-btn-label\">Lassen Sie sich rechtlich beraten<\/span><\/a><\/div><\/div><\/div><\/div><\/div><\/section><section class=\"l-section wpb_row height_medium\"><div class=\"l-section-overlay\" style=\"background:#f5f5f5\"><\/div><div class=\"l-section-h i-cf\"><div class=\"g-cols vc_row via_grid cols_2 laptops-cols_inherit tablets-cols_inherit mobiles-cols_1 valign_top type_default stacking_default\"><div class=\"wpb_column vc_column_container\"><div class=\"vc_column-inner\"><h2 class=\"w-text us_custom_f8cd2031 has_text_color\"><span class=\"w-text-h\"><span class=\"w-text-value\">Steuerliche Bedingungen<\/span><\/span><\/h2><div class=\"wpb_text_column\"><div class=\"wpb_wrapper\"><p>Nach dem Sicherheitsermittlungsverfahren, das ca. 6 bis 8 Monate ab dem Datum des Antrags dauert, wird mit Zustimmung des Ministerkabinetts eine Ordnungsnummer an den Anwalt des Antragstellers erteilt und die \u00dcbertragung der erworbenen Immobilie zusammen mit der eine Benachrichtigung \u00fcber diese Nummer wird bei der Organisation f\u00fcr Eigentums- und Urkundenregistrierung eingereicht.<\/p>\n<p>Grundbuchsteuer<\/p>\n<p>1 % des Gesamtverkaufspreises der ersten Immobilie unter 140 qm und 3 % dar\u00fcber (Grundbuchgeb\u00fchr), 3 % f\u00fcr die zweite Immobilie und 3 % f\u00fcr die dritte Immobilie.<br \/>5% Mehrwertsteuer<\/p>\n<\/div><\/div><div class=\"w-btn-wrapper align_none\"><a class=\"w-btn us-btn-style_1\" title=\"\u062a\u0645\u0627\u0633 \u0628\u0627 \u0645\u0627\" href=\"https:\/\/intime-cyprus.com\/de\/kontakt-mit-uns\/\"><span class=\"w-btn-label\">Lassen Sie sich rechtlich beraten<\/span><\/a><\/div><\/div><\/div><div class=\"wpb_column vc_column_container\"><div class=\"vc_column-inner\"><div class=\"w-image align_none\"><div class=\"w-image-h\"><img decoding=\"async\" width=\"1121\" height=\"619\" src=\"https:\/\/intime-cyprus.com\/wp-content\/uploads\/2022\/02\/how-do-i-calculate-expected-earnings-when-mining-a-cryptocurrency-e1645700568826.jpg\" class=\"attachment-full size-full\" alt=\"\" loading=\"lazy\" srcset=\"https:\/\/intime-cyprus.com\/wp-content\/uploads\/2022\/02\/how-do-i-calculate-expected-earnings-when-mining-a-cryptocurrency-e1645700568826.jpg 1121w, https:\/\/intime-cyprus.com\/wp-content\/uploads\/2022\/02\/how-do-i-calculate-expected-earnings-when-mining-a-cryptocurrency-e1645700568826-300x166.jpg 300w, https:\/\/intime-cyprus.com\/wp-content\/uploads\/2022\/02\/how-do-i-calculate-expected-earnings-when-mining-a-cryptocurrency-e1645700568826-1024x565.jpg 1024w\" sizes=\"auto, (max-width: 1121px) 100vw, 1121px\"><\/div><\/div><\/div><\/div><\/div><\/div><\/section><div class=\"wpb_column vc_column_container\"><div class=\"vc_column-inner\"><\/div><\/div>\n","protected":false},"excerpt":{"rendered":"RechtsberatungRegeln f\u00fcr den Kauf von Immobilien in NordzypernNach dem derzeitigen Verfahren k\u00f6nnen Ausl\u00e4nder nur f\u00fcr eine Immobilie (Wohnung oder Villa) eine endg\u00fcltige Eigentumsurkunde erhalten, sie k\u00f6nnen jedoch ohne Einschr\u00e4nkungen unterschiedliche Immobilienvertr\u00e4ge haben. Diese Regelung wird von Zeit zu Zeit von der Regierung vor\u00fcbergehend auf bis zu 3 Wohnungen ge\u00e4ndert. Zun\u00e4chst m\u00fcssen Sie den Grundst\u00fcckskaufvertrag unterschreiben...","protected":false},"author":2,"featured_media":0,"parent":0,"menu_order":0,"comment_status":"closed","ping_status":"closed","template":"","meta":{"_joinchat":[],"footnotes":""},"class_list":["post-7029","page","type-page","status-publish","hentry"],"_links":{"self":[{"href":"https:\/\/intime-cyprus.com\/de\/wp-json\/wp\/v2\/pages\/7029","targetHints":{"allow":["GET"]}}],"collection":[{"href":"https:\/\/intime-cyprus.com\/de\/wp-json\/wp\/v2\/pages"}],"about":[{"href":"https:\/\/intime-cyprus.com\/de\/wp-json\/wp\/v2\/types\/page"}],"author":[{"embeddable":true,"href":"https:\/\/intime-cyprus.com\/de\/wp-json\/wp\/v2\/users\/2"}],"replies":[{"embeddable":true,"href":"https:\/\/intime-cyprus.com\/de\/wp-json\/wp\/v2\/comments?post=7029"}],"version-history":[{"count":2,"href":"https:\/\/intime-cyprus.com\/de\/wp-json\/wp\/v2\/pages\/7029\/revisions"}],"predecessor-version":[{"id":24746,"href":"https:\/\/intime-cyprus.com\/de\/wp-json\/wp\/v2\/pages\/7029\/revisions\/24746"}],"wp:attachment":[{"href":"https:\/\/intime-cyprus.com\/de\/wp-json\/wp\/v2\/media?parent=7029"}],"curies":[{"name":"wp","href":"https:\/\/api.w.org\/{rel}","templated":true}]}}