{"id":7036,"date":"2022-02-23T08:47:15","date_gmt":"2022-02-23T05:17:15","guid":{"rendered":"https:\/\/intime-cyprus.com\/?page_id=7036"},"modified":"2025-06-07T15:08:12","modified_gmt":"2025-06-07T11:38:12","slug":"studieren-in-nordzypern","status":"publish","type":"page","link":"https:\/\/intime-cyprus.com\/de\/studieren-in-nordzypern\/","title":{"rendered":"Studieren in Nordzypern"},"content":{"rendered":"<section class=\"l-section wpb_row height_huge color_primary with_img parallax_ver\"><div class=\"l-section-img\" role=\"img\" aria-label=\"\u0641\u0627\u0631\u063a \u0627\u0644\u062a\u062d\u0635\u06cc\u0644\u0627\u0646 \u062f\u0627\u0646\u0634\u06af\u0627\u0647 \u0642\u0628\u0631\u0633 \u0634\u0645\u0627\u0644\u06cc\" data-img-width=\"1920\" data-img-height=\"1080\" style=\"background-image: url(https:\/\/intime-cyprus.com\/wp-content\/uploads\/2022\/02\/education-1.jpg);background-position: top center;\"><\/div><div class=\"l-section-overlay\" style=\"background:rgba(36,38,45,0.50)\"><\/div><div class=\"l-section-h i-cf\"><div class=\"g-cols vc_row via_grid cols_1 laptops-cols_inherit tablets-cols_inherit mobiles-cols_1 valign_middle type_default stacking_default\"><div class=\"wpb_column vc_column_container\"><div class=\"vc_column-inner\"><div class=\"w-separator size_small\"><\/div><h2 class=\"w-post-elm post_title us_custom_6df4bc3a has_text_color align_center entry-title color_link_inherit\">Studieren in Nordzypern<\/h2><div class=\"w-separator size_small\"><\/div><\/div><\/div><\/div><\/div><\/section><section class=\"l-section wpb_row height_medium\" id=\"about\"><div class=\"l-section-overlay\" style=\"background:#f5f5f5\"><\/div><div class=\"l-section-h i-cf\"><div class=\"g-cols vc_row via_grid cols_2 laptops-cols_inherit tablets-cols_inherit mobiles-cols_1 valign_top type_default stacking_default\"><div class=\"wpb_column vc_column_container\"><div class=\"vc_column-inner\"><h2 class=\"w-text us_custom_f8cd2031 has_text_color\"><span class=\"w-text-h\"><span class=\"w-text-value\">Ideale Studienbedingungen in Nordzypern<\/span><\/span><\/h2><div class=\"wpb_text_column\"><div class=\"wpb_wrapper\"><p>Nordzypern hat viele renommierte Universit\u00e4ten, die jedes Jahr viele Studenten aus allen L\u00e4ndern aufnehmen. Alle nordzypriotischen Universit\u00e4ten haben hohe internationale Rankings. Aus diesem Grund ist dieses Land als Studentenland und Ziel f\u00fcr diejenigen bekannt, die studieren m\u00f6chten.<\/p>\n<p>Einer der wichtigsten Vorteile eines Studiums in Nordzypern sind die niedrigen Bildungs- und Lebenshaltungskosten. Auch die fehlende Visumspflicht f\u00fcr Iraner ist der Grund, warum viele Studenten jedes Jahr in den beiden Semestern Mehr und Bahman nach Nordzypern kommen, um ihr Studium aufzunehmen oder fortzusetzen.<\/p>\n<\/div><\/div><div class=\"w-btn-wrapper align_none\"><a class=\"w-btn us-btn-style_1\" title=\"\u062a\u0645\u0627\u0633 \u0628\u0627 \u0645\u0627\" href=\"https:\/\/intime-cyprus.com\/de\/kontakt-mit-uns\/\"><span class=\"w-btn-label\">Tipps bekommen<\/span><\/a><\/div><\/div><\/div><div class=\"wpb_column vc_column_container\"><div class=\"vc_column-inner\"><div class=\"w-image align_none\"><div class=\"w-image-h\"><img decoding=\"async\" width=\"798\" height=\"410\" src=\"https:\/\/intime-cyprus.com\/wp-content\/uploads\/2022\/02\/shutterstock_218151238-e1645640852651.jpg\" class=\"attachment-full size-full\" alt=\"\" loading=\"lazy\" srcset=\"https:\/\/intime-cyprus.com\/wp-content\/uploads\/2022\/02\/shutterstock_218151238-e1645640852651.jpg 798w, https:\/\/intime-cyprus.com\/wp-content\/uploads\/2022\/02\/shutterstock_218151238-e1645640852651-300x154.jpg 300w\" sizes=\"auto, (max-width: 798px) 100vw, 798px\"><\/div><\/div><\/div><\/div><\/div><\/div><\/section><section class=\"l-section wpb_row height_medium\"><div class=\"l-section-h i-cf\"><div class=\"g-cols vc_row via_grid cols_2 laptops-cols_inherit tablets-cols_inherit mobiles-cols_1 valign_top type_default reversed stacking_default\"><div class=\"wpb_column vc_column_container\"><div class=\"vc_column-inner\"><div class=\"w-image align_none\"><div class=\"w-image-h\"><img decoding=\"async\" width=\"741\" height=\"403\" src=\"https:\/\/intime-cyprus.com\/wp-content\/uploads\/2022\/02\/Eastern-Mediterranean-University-750x450-1-e1645641315391.jpg\" class=\"attachment-full size-full\" alt=\"\" loading=\"lazy\" srcset=\"https:\/\/intime-cyprus.com\/wp-content\/uploads\/2022\/02\/Eastern-Mediterranean-University-750x450-1-e1645641315391.jpg 741w, https:\/\/intime-cyprus.com\/wp-content\/uploads\/2022\/02\/Eastern-Mediterranean-University-750x450-1-e1645641315391-300x163.jpg 300w\" sizes=\"auto, (max-width: 741px) 100vw, 741px\"><\/div><\/div><\/div><\/div><div class=\"wpb_column vc_column_container\"><div class=\"vc_column-inner\"><h2 class=\"w-text us_custom_f8cd2031 has_text_color\"><span class=\"w-text-h\"><span class=\"w-text-value\">Universit\u00e4ten in Nordzypern<\/span><\/span><\/h2><div class=\"wpb_text_column\"><div class=\"wpb_wrapper\"><p>Eine der renommiertesten Universit\u00e4ten in Nordzypern ist die Eastern Mediterranean University, die sich in der Stadt Famagusta befindet.<br \/>Die EMU-Universit\u00e4t ist wissenschaftlich sehr angesehen und die Abschl\u00fcsse dieser Universit\u00e4t sind vom iranischen Wissenschaftsministerium anerkannt.<\/p>\n<p>Eine weitere sehr angesehene und hochkar\u00e4tige Universit\u00e4t in Zypern ist die Cyprus International University (CIU).<br \/>In Bezug auf die Studiengeb\u00fchren hat diese Universit\u00e4t viel geringere Kosten als die Eastern Mediterranean University, und selbst auf der Promotionsebene wird ein 50% -Stipendium wie bei anderen Abschl\u00fcssen ber\u00fccksichtigt.<\/p>\n<\/div><\/div><div class=\"w-btn-wrapper align_none\"><a class=\"w-btn us-btn-style_1\" title=\"\u062a\u0645\u0627\u0633 \u0628\u0627 \u0645\u0627\" href=\"https:\/\/intime-cyprus.com\/de\/kontakt-mit-uns\/\"><span class=\"w-btn-label\">Tipps bekommen<\/span><\/a><\/div><\/div><\/div><\/div><\/div><\/section><section class=\"l-section wpb_row height_medium\"><div class=\"l-section-overlay\" style=\"background:#f5f5f5\"><\/div><div class=\"l-section-h i-cf\"><div class=\"g-cols vc_row via_grid cols_2 laptops-cols_inherit tablets-cols_inherit mobiles-cols_1 valign_top type_default stacking_default\"><div class=\"wpb_column vc_column_container\"><div class=\"vc_column-inner\"><h2 class=\"w-text us_custom_f8cd2031 has_text_color\"><span class=\"w-text-h\"><span class=\"w-text-value\">F\u00e4cher, Abschl\u00fcsse und Zulassungsvoraussetzungen<\/span><\/span><\/h2><div class=\"wpb_text_column\"><div class=\"wpb_wrapper\"><p>Alle beliebten Kurse werden auf allen Ebenen an den Universit\u00e4ten Nordzyperns unterrichtet. Die Studiensprache an den renommierten Universit\u00e4ten Zyperns ist Englisch. Einer der positiven Punkte ist jedoch, dass keine IELTS- und TOEFL-Zertifikate erforderlich sind.<\/p>\n<p>Ihr Englischniveau wird durch eine von der Universit\u00e4t durchgef\u00fchrte Pr\u00fcfung festgestellt. Bei bestandener Pr\u00fcfung kann der Student direkt in die Fakult\u00e4t seines Studienortes eintreten und sein Studium aufnehmen. Und ansonsten kann er nach dem Bestehen einiger Spracheinheiten und dem Erreichen des gew\u00fcnschten Niveaus mit dem Studium beginnen.<\/p>\n<\/div><\/div><div class=\"w-btn-wrapper align_none\"><a class=\"w-btn us-btn-style_1\" title=\"\u062a\u0645\u0627\u0633 \u0628\u0627 \u0645\u0627\" href=\"https:\/\/intime-cyprus.com\/de\/kontakt-mit-uns\/\"><span class=\"w-btn-label\">Tipps bekommen<\/span><\/a><\/div><\/div><\/div><div class=\"wpb_column vc_column_container\"><div class=\"vc_column-inner\"><div class=\"w-image align_none\"><div class=\"w-image-h\"><img decoding=\"async\" width=\"998\" height=\"510\" src=\"https:\/\/intime-cyprus.com\/wp-content\/uploads\/2022\/02\/shutterstock_298297466-e1645641952781.jpg\" class=\"attachment-full size-full\" alt=\"\" loading=\"lazy\" srcset=\"https:\/\/intime-cyprus.com\/wp-content\/uploads\/2022\/02\/shutterstock_298297466-e1645641952781.jpg 998w, https:\/\/intime-cyprus.com\/wp-content\/uploads\/2022\/02\/shutterstock_298297466-e1645641952781-300x153.jpg 300w\" sizes=\"auto, (max-width: 998px) 100vw, 998px\"><\/div><\/div><\/div><\/div><\/div><\/div><\/section><section class=\"l-section wpb_row height_medium color_alternate\" id=\"benefits\"><div class=\"l-section-overlay\" style=\"background:rgba(12,26,73,0.55)\"><\/div><div class=\"l-section-h i-cf\"><div class=\"g-cols vc_row via_grid cols_1 laptops-cols_inherit tablets-cols_inherit mobiles-cols_1 valign_top type_default stacking_default\"><div class=\"wpb_column vc_column_container\"><div class=\"vc_column-inner\"><div id=\"ultimate-heading-598069dc303b9bbca\" class=\"uvc-heading ult-adjust-bottom-margin ultimate-heading-598069dc303b9bbca uvc-3513 \" data-hspacer=\"icon_only\"  data-halign=\"center\" style=\"text-align:center\"><div class=\"uvc-main-heading ult-responsive\"  data-ultimate-target='.uvc-heading.ultimate-heading-598069dc303b9bbca h2'  data-responsive-json-new='{\"font-size\":\"\",\"line-height\":\"\"}' ><h2 style=\"font-weight:bold;color:#ffffff;\">Weitere Vorteile des Studiums in Nordzypern<\/h2><\/div><div class=\"uvc-heading-spacer icon_only\" style=\"top\"><div class=\"ult-just-icon-wrapper  \"><div class=\"align-icon\" style=\"text-align:center;\">\n<div class=\"aio-icon none \"  style=\"color:#d8aa51;font-size:32px;display:inline-block;\">\n\t<i class=\"Defaults-angle-double-down\"><\/i>\n<\/div><\/div><\/div><\/div><\/div><\/div><\/div><div class=\"wpb_column vc_column_container\"><div class=\"vc_column-inner\"><div class=\"w-tabs us_custom_6df4bc3a has_text_color layout_hor style_modern switch_click has_scrolling\" style=\"--sections-title-size:1em\"><div class=\"w-tabs-list items_3 align_justify\"><div class=\"w-tabs-list-h\"><button class=\"w-tabs-item active\" aria-controls=\"content-1619942562164-4dfcca70-0228\" aria-expanded=\"false\"><span class=\"w-tabs-item-title\">Unterricht und Geb\u00fchren<\/span><\/button><button class=\"w-tabs-item\" aria-controls=\"content-1619942563545-9d016520-4977\" aria-expanded=\"false\"><span class=\"w-tabs-item-title\">Wohnsitz der Familie der Studienbewerber in Nordzypern<\/span><\/button><button class=\"w-tabs-item\" aria-controls=\"content-1619942564949-f3143a3c-2aa1\" aria-expanded=\"false\"><span class=\"w-tabs-item-title\">Eine Gelegenheit, die Sie sich nicht entgehen lassen sollten!<\/span><\/button><\/div><\/div><div class=\"w-tabs-sections titles-align_none icon_chevron cpos_right\"><div class=\"w-tabs-section active has_text_color\" id=\"1619942562164-4dfcca70-0228\" style=\"background:rgba(51,51,51,0.45);color:#ffffff;\"><button class=\"w-tabs-section-header active\" aria-controls=\"content-1619942562164-4dfcca70-0228\" aria-expanded=\"true\"><div class=\"w-tabs-section-title\">Unterricht und Geb\u00fchren<\/div><div class=\"w-tabs-section-control\"><\/div><\/button><div  class=\"w-tabs-section-content\" id=\"content-1619942562164-4dfcca70-0228\"><div class=\"w-tabs-section-content-h i-cf\"><div class=\"g-cols wpb_row us_custom_38ec8cf5 via_grid cols_2 laptops-cols_inherit tablets-cols_inherit mobiles-cols_1 valign_middle type_default stacking_default\" style=\"--columns-gap:3rem;\"><div class=\"wpb_column vc_column_container\"><div class=\"vc_column-inner\"><div class=\"wpb_text_column us_custom_6df4bc3a list-tab has_text_color\"><div class=\"wpb_wrapper\"><p style=\"color: white;\">Die Studiengeb\u00fchren f\u00fcr jeden Kurs variieren je nach Fachrichtung und Universit\u00e4t. Aus praktischen Gr\u00fcnden und um die neuesten Bedingungen zu erfahren, k\u00f6nnen Sie sich an unseren Berater wenden. Die Lehrassistenz ist eine der M\u00f6glichkeiten, mit der Graduierte und Doktoranden einen Teil ihrer Ausgaben finanzieren.<\/p>\n<p>Es versteht sich von selbst, dass die Kosten f\u00fcr einen Doktortitel in Nordzypern wesentlich g\u00fcnstiger sind als der gleiche Abschluss im Iran.<\/p>\n<\/div><\/div><div class=\"w-btn-wrapper align_none\"><a class=\"w-btn us-btn-style_1\" title=\"\u062a\u0645\u0627\u0633 \u0628\u0627 \u0645\u0627\" href=\"https:\/\/intime-cyprus.com\/de\/kontakt-mit-uns\/\"><span class=\"w-btn-label\">Tipps bekommen<\/span><\/a><\/div><\/div><\/div><div class=\"wpb_column vc_column_container\"><div class=\"vc_column-inner\"><div class=\"w-image align_center\"><div class=\"w-image-h\"><img decoding=\"async\" width=\"997\" height=\"490\" src=\"https:\/\/intime-cyprus.com\/wp-content\/uploads\/2022\/02\/How-Much-Money-Does-It-Take-To--e1645643450819.jpg\" class=\"attachment-full size-full\" alt=\"\" loading=\"lazy\" srcset=\"https:\/\/intime-cyprus.com\/wp-content\/uploads\/2022\/02\/How-Much-Money-Does-It-Take-To--e1645643450819.jpg 997w, https:\/\/intime-cyprus.com\/wp-content\/uploads\/2022\/02\/How-Much-Money-Does-It-Take-To--e1645643450819-300x147.jpg 300w\" sizes=\"auto, (max-width: 997px) 100vw, 997px\"><\/div><\/div><\/div><\/div><\/div><div class=\"w-separator size_medium\"><\/div><\/div><\/div><\/div><div class=\"w-tabs-section has_text_color\" id=\"1619942563545-9d016520-4977\" style=\"background:rgba(51,51,51,0.45);color:#ffffff;\"><button class=\"w-tabs-section-header\" aria-controls=\"content-1619942563545-9d016520-4977\" aria-expanded=\"false\"><div class=\"w-tabs-section-title\">Wohnsitz der Familie der Studienbewerber in Nordzypern<\/div><div class=\"w-tabs-section-control\"><\/div><\/button><div  class=\"w-tabs-section-content\" id=\"content-1619942563545-9d016520-4977\"><div class=\"w-tabs-section-content-h i-cf\"><div class=\"g-cols wpb_row us_custom_38ec8cf5 via_grid cols_2 laptops-cols_inherit tablets-cols_inherit mobiles-cols_1 valign_middle type_default stacking_default\" style=\"--columns-gap:3rem;\"><div class=\"wpb_column vc_column_container\"><div class=\"vc_column-inner\"><div class=\"wpb_text_column list-tab\"><div class=\"wpb_wrapper\"><p style=\"color: white;\">Nach den Regeln der Einwanderungsbeh\u00f6rde von Zypern k\u00f6nnen erstklassige Familien von Studenten so lange bei ihren Eltern bleiben, wie sie m\u00f6chten, und es gibt diesbez\u00fcglich keine Einschr\u00e4nkungen.<\/p>\n<\/div><\/div><div class=\"w-btn-wrapper align_none\"><a class=\"w-btn us-btn-style_1\" title=\"\u062a\u0645\u0627\u0633 \u0628\u0627 \u0645\u0627\" href=\"https:\/\/intime-cyprus.com\/de\/kontakt-mit-uns\/\"><span class=\"w-btn-label\">Tipps bekommen<\/span><\/a><\/div><\/div><\/div><div class=\"wpb_column vc_column_container\"><div class=\"vc_column-inner\"><div class=\"w-image align_center\"><div class=\"w-image-h\"><img decoding=\"async\" width=\"903\" height=\"431\" src=\"https:\/\/intime-cyprus.com\/wp-content\/uploads\/2022\/02\/banner-permits-e1645642794768.jpg\" class=\"attachment-full size-full\" alt=\"\" loading=\"lazy\" srcset=\"https:\/\/intime-cyprus.com\/wp-content\/uploads\/2022\/02\/banner-permits-e1645642794768.jpg 903w, https:\/\/intime-cyprus.com\/wp-content\/uploads\/2022\/02\/banner-permits-e1645642794768-300x143.jpg 300w\" sizes=\"auto, (max-width: 903px) 100vw, 903px\"><\/div><\/div><\/div><\/div><\/div><div class=\"w-separator size_medium\"><\/div><\/div><\/div><\/div><div class=\"w-tabs-section has_text_color\" id=\"1619942564949-f3143a3c-2aa1\" style=\"background:rgba(51,51,51,0.45);color:#ffffff;\"><button class=\"w-tabs-section-header\" aria-controls=\"content-1619942564949-f3143a3c-2aa1\" aria-expanded=\"false\"><div class=\"w-tabs-section-title\">Eine Gelegenheit, die Sie sich nicht entgehen lassen sollten!<\/div><div class=\"w-tabs-section-control\"><\/div><\/button><div  class=\"w-tabs-section-content\" id=\"content-1619942564949-f3143a3c-2aa1\"><div class=\"w-tabs-section-content-h i-cf\"><div class=\"g-cols wpb_row us_custom_38ec8cf5 via_grid cols_2 laptops-cols_inherit tablets-cols_inherit mobiles-cols_1 valign_middle type_default stacking_default\" style=\"--columns-gap:3rem;\"><div class=\"wpb_column vc_column_container\"><div class=\"vc_column-inner\"><div class=\"wpb_text_column list-tab\"><div class=\"wpb_wrapper\"><p style=\"color: white;\"><strong>Du bist auf der Suche nach einem geeigneten Studienplatz und einer guten Universit\u00e4t?<\/strong><\/p>\n<p>Nordzypern hat 8 internationale Universit\u00e4ten und mehr als 40.000 Studenten, die aus verschiedenen Teilen der Welt in diese Region gekommen sind.<\/p>\n<p>Die Eastern Mediterranean University und die International University of Cyprus sind zwei wichtige und ber\u00fchmte Universit\u00e4ten in Nordzypern, an denen viele Menschen auf diese Insel kommen, um an diesen beiden Universit\u00e4ten zu studieren.<\/p>\n<\/div><\/div><div class=\"w-btn-wrapper align_none\"><a class=\"w-btn us-btn-style_1\" title=\"\u062a\u0645\u0627\u0633 \u0628\u0627 \u0645\u0627\" href=\"https:\/\/intime-cyprus.com\/de\/kontakt-mit-uns\/\"><span class=\"w-btn-label\">Tipps bekommen<\/span><\/a><\/div><\/div><\/div><div class=\"wpb_column vc_column_container\"><div class=\"vc_column-inner\"><div class=\"w-image align_center\"><div class=\"w-image-h\"><img decoding=\"async\" width=\"1048\" height=\"564\" src=\"https:\/\/intime-cyprus.com\/wp-content\/uploads\/2022\/02\/Depositphotos_8963151_l-2015-Custom-e1645643263680.jpg\" class=\"attachment-full size-full\" alt=\"\" loading=\"lazy\" srcset=\"https:\/\/intime-cyprus.com\/wp-content\/uploads\/2022\/02\/Depositphotos_8963151_l-2015-Custom-e1645643263680.jpg 1048w, https:\/\/intime-cyprus.com\/wp-content\/uploads\/2022\/02\/Depositphotos_8963151_l-2015-Custom-e1645643263680-300x161.jpg 300w, https:\/\/intime-cyprus.com\/wp-content\/uploads\/2022\/02\/Depositphotos_8963151_l-2015-Custom-e1645643263680-1024x551.jpg 1024w\" sizes=\"auto, (max-width: 1048px) 100vw, 1048px\"><\/div><\/div><\/div><\/div><\/div><div class=\"w-separator size_medium\"><\/div><\/div><\/div><\/div><\/div><\/div><\/div><\/div><\/div><\/div><\/section><div class=\"wpb_column vc_column_container\"><div class=\"vc_column-inner\"><\/div><\/div>\n","protected":false},"excerpt":{"rendered":"Studieren in NordzypernIdeale Studienbedingungen in NordzypernNordzypern hat viele renommierte Universit\u00e4ten, die jedes Jahr viele Studenten aus allen L\u00e4ndern aufnehmen. Alle nordzypriotischen Universit\u00e4ten haben hohe internationale Rankings. Aus diesem Grund ist dieses Land als Studentenland und Ziel f\u00fcr diejenigen bekannt, die studieren m\u00f6chten. Einer der wichtigsten Vorteile eines Studiums in Nordzypern sind die niedrigen Bildungs- und...","protected":false},"author":2,"featured_media":0,"parent":0,"menu_order":0,"comment_status":"closed","ping_status":"closed","template":"","meta":{"_joinchat":[],"footnotes":""},"class_list":["post-7036","page","type-page","status-publish","hentry"],"_links":{"self":[{"href":"https:\/\/intime-cyprus.com\/de\/wp-json\/wp\/v2\/pages\/7036","targetHints":{"allow":["GET"]}}],"collection":[{"href":"https:\/\/intime-cyprus.com\/de\/wp-json\/wp\/v2\/pages"}],"about":[{"href":"https:\/\/intime-cyprus.com\/de\/wp-json\/wp\/v2\/types\/page"}],"author":[{"embeddable":true,"href":"https:\/\/intime-cyprus.com\/de\/wp-json\/wp\/v2\/users\/2"}],"replies":[{"embeddable":true,"href":"https:\/\/intime-cyprus.com\/de\/wp-json\/wp\/v2\/comments?post=7036"}],"version-history":[{"count":2,"href":"https:\/\/intime-cyprus.com\/de\/wp-json\/wp\/v2\/pages\/7036\/revisions"}],"predecessor-version":[{"id":24747,"href":"https:\/\/intime-cyprus.com\/de\/wp-json\/wp\/v2\/pages\/7036\/revisions\/24747"}],"wp:attachment":[{"href":"https:\/\/intime-cyprus.com\/de\/wp-json\/wp\/v2\/media?parent=7036"}],"curies":[{"name":"wp","href":"https:\/\/api.w.org\/{rel}","templated":true}]}}