{"id":9229,"date":"2024-04-19T17:19:26","date_gmt":"2024-04-19T12:49:26","guid":{"rendered":"https:\/\/intime-cyprus.com\/?page_id=9229"},"modified":"2024-04-19T17:19:26","modified_gmt":"2024-04-19T12:49:26","slug":"nachricht","status":"publish","type":"page","link":"https:\/\/intime-cyprus.com\/de\/nachricht\/","title":{"rendered":"Nachricht"},"content":{"rendered":"<section class=\"l-section wpb_row height_medium\"><div class=\"l-section-h i-cf\"><div class=\"g-cols vc_row via_grid cols_1 laptops-cols_inherit tablets-cols_inherit mobiles-cols_1 valign_top type_default stacking_default\"><div class=\"wpb_column vc_column_container\"><div class=\"vc_column-inner\"><h1 class=\"w-post-elm post_title align_center entry-title color_link_inherit\">Nachricht<\/h1><div class=\"w-grid us_grid type_masonry layout_blog_13 cols_3 pagination_ajax preload_style_spinner with_isotope with_css_animation\" id=\"us_grid_1\" style=\"--columns:3;--gap:1.5rem;\" data-filterable=\"true\"><style>@media (max-width:1024px){#us_grid_1{--columns:2!important}}@media (max-width:600px){#us_grid_1{--columns:1!important}}@media (min-width:1024px){#us_grid_1 .w-post-elm.post_title{font-size:17px!important}}.layout_blog_13 .w-grid-item-h{}@media(max-width:479px){.layout_blog_13 .usg_post_image_1{display:none!important}}.layout_blog_13 .usg_hwrapper_1{color:var(--color-content-text)!important;margin-right:10%!important;padding-top:6%!important;padding-bottom:6%!important;background:var(--color-content-bg-alt)!important}.layout_blog_13 .usg_vwrapper_1{width:48%!important;margin-left:6%!important;margin-right:0!important}.layout_blog_13 .usg_post_image_1{width:50%!important;margin-left:7%!important;margin-right:-11%!important}.layout_blog_13 .usg_post_date_1{font-size:0.9rem!important}.layout_blog_13 .usg_post_title_1{font-weight:700!important;line-height:1.2!important}.layout_blog_13 .usg_post_content_1{font-size:0.9rem!important}@media (max-width:600px){.layout_blog_13 .usg_hwrapper_1{margin-left:0!important;margin-right:0!important;padding-top:0!important;padding-bottom:0!important}.layout_blog_13 .usg_vwrapper_1{width:86%!important;margin:7% 7% 5% 7%!important}.layout_blog_13 .usg_post_image_1{width:100%!important;margin-left:0!important;margin-right:0!important}}<\/style><div class=\"w-grid-list\">\t<article class=\"w-grid-item us_animate_fade off_autostart size_1x1 post-21132 post type-post status-publish format-standard has-post-thumbnail hentry category-nachricht\" data-id=\"21132\" style=\"animation-delay:0s\">\r\n\t\t<div class=\"w-grid-item-h\">\r\n\t\t\t\t\t\t<div class=\"w-hwrapper usg_hwrapper_1 has_text_color align_none valign_center wrap\"><div class=\"w-vwrapper usg_vwrapper_1 align_none valign_top\"><time class=\"w-post-elm post_date usg_post_date_1 entry-date published\" datetime=\"2024-04-22T18:22:18+03:30\" title=\"22 April 2024 um 18:22:18 Asia\/Tehran\u00a0Uhr\">vor 2\u00a0Jahren<\/time><h2 class=\"w-post-elm post_title usg_post_title_1 entry-title color_link_inherit\"><a href=\"https:\/\/intime-cyprus.com\/de\/terra-life-projekt-gestartet\/\">Terra Life Projekt gestartet!<\/a><\/h2><div class=\"w-post-elm post_content usg_post_content_1\">Wir freuen uns, die offizielle Einf\u00fchrung des Terra Life-Projekts bekannt zu geben, ein Zeugnis f\u00fcr raffiniertes Wohnen und zeitgen\u00f6ssisches Design. Eingebettet in der N\u00e4he der ruhigen K\u00fcste, lockt Terra Life&hellip;<\/div><\/div><div class=\"w-post-elm post_image usg_post_image_1 has_width stretched\"><a href=\"https:\/\/intime-cyprus.com\/de\/terra-life-projekt-gestartet\/\" aria-label=\"Terra Life Projekt gestartet!\"><img loading=\"lazy\" decoding=\"async\" width=\"1024\" height=\"576\" src=\"https:\/\/intime-cyprus.com\/wp-content\/uploads\/2024\/04\/13-1024x576.webp\" class=\"attachment-large size-large wp-post-image\" alt=\"\" srcset=\"https:\/\/intime-cyprus.com\/wp-content\/uploads\/2024\/04\/13-1024x576.webp 1024w, https:\/\/intime-cyprus.com\/wp-content\/uploads\/2024\/04\/13-300x169.webp 300w, https:\/\/intime-cyprus.com\/wp-content\/uploads\/2024\/04\/13.webp 1920w\" sizes=\"auto, (max-width: 1024px) 100vw, 1024px\"><\/a><\/div><\/div>\t\t<\/div>\r\n\t\t\t<\/article>\r\n\t<article class=\"w-grid-item us_animate_fade off_autostart size_1x1 post-21027 post type-post status-publish format-standard has-post-thumbnail hentry category-nachricht\" data-id=\"21027\" style=\"animation-delay:0.1s\">\r\n\t\t<div class=\"w-grid-item-h\">\r\n\t\t\t\t\t\t<div class=\"w-hwrapper usg_hwrapper_1 has_text_color align_none valign_center wrap\"><div class=\"w-vwrapper usg_vwrapper_1 align_none valign_top\"><time class=\"w-post-elm post_date usg_post_date_1 entry-date published\" datetime=\"2024-04-19T13:18:46+03:30\" title=\"19 April 2024 um 13:18:46 Asia\/Tehran\u00a0Uhr\">vor 2\u00a0Jahren<\/time><h2 class=\"w-post-elm post_title usg_post_title_1 entry-title color_link_inherit\"><a href=\"https:\/\/intime-cyprus.com\/de\/vorverkauf-der-malibu-projekt-erweiterung\/\">Vorverkauf der Malibu Projekt-Erweiterung!<\/a><\/h2><div class=\"w-post-elm post_content usg_post_content_1\">Wir freuen uns, die Nachricht zu teilen, dass einer der Top-Entwickler in Nordzypern eine neue Phase des bereits beliebten Malibu-Projekts enth\u00fcllt hat! &nbsp; Malibu, das sich in Tatlisu befindet, erstreckt&hellip;<\/div><\/div><div class=\"w-post-elm post_image usg_post_image_1 has_width stretched\"><a href=\"https:\/\/intime-cyprus.com\/de\/vorverkauf-der-malibu-projekt-erweiterung\/\" aria-label=\"Vorverkauf der Malibu Projekt-Erweiterung!\"><img loading=\"lazy\" decoding=\"async\" width=\"1024\" height=\"576\" src=\"https:\/\/intime-cyprus.com\/wp-content\/uploads\/2024\/04\/photo_2024-04-19_12-06-41-1024x576.webp\" class=\"attachment-large size-large wp-post-image\" alt=\"\" srcset=\"https:\/\/intime-cyprus.com\/wp-content\/uploads\/2024\/04\/photo_2024-04-19_12-06-41-1024x576.webp 1024w, https:\/\/intime-cyprus.com\/wp-content\/uploads\/2024\/04\/photo_2024-04-19_12-06-41-300x169.webp 300w, https:\/\/intime-cyprus.com\/wp-content\/uploads\/2024\/04\/photo_2024-04-19_12-06-41.webp 1280w\" sizes=\"auto, (max-width: 1024px) 100vw, 1024px\"><\/a><\/div><\/div>\t\t<\/div>\r\n\t\t\t<\/article>\r\n<\/div>\t<div class=\"w-grid-preloader\">\r\n\t\t<div class=\"g-preloader type_1\">\r\n\t\t\t<div><\/div>\r\n\t\t<\/div>\r\n\t<\/div>\r\n\t\t<div class=\"w-grid-json hidden\" onclick='return {&quot;action&quot;:&quot;us_ajax_grid&quot;,&quot;infinite_scroll&quot;:0,&quot;max_num_pages&quot;:1,&quot;pagination&quot;:&quot;ajax&quot;,&quot;template_vars&quot;:{&quot;columns&quot;:&quot;3&quot;,&quot;exclude_items&quot;:&quot;none&quot;,&quot;img_size&quot;:&quot;default&quot;,&quot;ignore_items_size&quot;:0,&quot;items_layout&quot;:&quot;blog_13&quot;,&quot;items_offset&quot;:&quot;1&quot;,&quot;load_animation&quot;:&quot;fade&quot;,&quot;overriding_link&quot;:&quot;{\\&quot;url\\&quot;:\\&quot;\\&quot;}&quot;,&quot;post_id&quot;:0,&quot;query_args&quot;:{&quot;post_type&quot;:[&quot;post&quot;],&quot;tax_query&quot;:[{&quot;taxonomy&quot;:&quot;category&quot;,&quot;field&quot;:&quot;slug&quot;,&quot;terms&quot;:[&quot;nachricht&quot;]}],&quot;post_status&quot;:[&quot;publish&quot;],&quot;posts_per_page&quot;:&quot;20&quot;},&quot;orderby_query_args&quot;:{&quot;orderby&quot;:{&quot;date&quot;:&quot;DESC&quot;}},&quot;type&quot;:&quot;masonry&quot;,&quot;us_grid_post_type&quot;:&quot;post&quot;,&quot;us_grid_ajax_index&quot;:1,&quot;us_grid_filter_query_string&quot;:null,&quot;us_grid_index&quot;:1,&quot;page_args&quot;:[],&quot;lang&quot;:&quot;de&quot;}}'><\/div>\r\n\t<\/div><\/div><\/div><\/div><\/div><\/section>\n","protected":false},"excerpt":{"rendered":"Wir freuen uns, die Nachricht zu teilen, dass einer der Top-Entwickler in Nordzypern eine neue Phase des bereits beliebten Malibu-Projekts enth\u00fcllt hat! &nbsp; Malibu, das sich in Tatlisu befindet, erstreckt sich \u00fcber 16.000 m\u00b2 erstklassiges Immobiliengrundst\u00fcck, nur zwei Gehminuten vom Strand entfernt und bietet unvergleichliche Aussichten auf das Meer und die Berge. &nbsp; Exklusiv nur...","protected":false},"author":2,"featured_media":0,"parent":0,"menu_order":0,"comment_status":"closed","ping_status":"closed","template":"","meta":{"_joinchat":[],"footnotes":""},"class_list":["post-9229","page","type-page","status-publish","hentry"],"_links":{"self":[{"href":"https:\/\/intime-cyprus.com\/de\/wp-json\/wp\/v2\/pages\/9229","targetHints":{"allow":["GET"]}}],"collection":[{"href":"https:\/\/intime-cyprus.com\/de\/wp-json\/wp\/v2\/pages"}],"about":[{"href":"https:\/\/intime-cyprus.com\/de\/wp-json\/wp\/v2\/types\/page"}],"author":[{"embeddable":true,"href":"https:\/\/intime-cyprus.com\/de\/wp-json\/wp\/v2\/users\/2"}],"replies":[{"embeddable":true,"href":"https:\/\/intime-cyprus.com\/de\/wp-json\/wp\/v2\/comments?post=9229"}],"version-history":[{"count":2,"href":"https:\/\/intime-cyprus.com\/de\/wp-json\/wp\/v2\/pages\/9229\/revisions"}],"predecessor-version":[{"id":21049,"href":"https:\/\/intime-cyprus.com\/de\/wp-json\/wp\/v2\/pages\/9229\/revisions\/21049"}],"wp:attachment":[{"href":"https:\/\/intime-cyprus.com\/de\/wp-json\/wp\/v2\/media?parent=9229"}],"curies":[{"name":"wp","href":"https:\/\/api.w.org\/{rel}","templated":true}]}}