{"id":95,"date":"2021-04-26T15:58:19","date_gmt":"2021-04-26T11:28:19","guid":{"rendered":"https:\/\/intime-cyprus.com\/?page_id=95"},"modified":"2024-04-02T16:12:30","modified_gmt":"2024-04-02T11:42:30","slug":"%d8%aa%d9%85%d8%a7%d8%b3-%d8%a8%d8%a7-%d9%85%d8%a7","status":"publish","type":"page","link":"https:\/\/intime-cyprus.com\/fa\/%d8%aa%d9%85%d8%a7%d8%b3-%d8%a8%d8%a7-%d9%85%d8%a7\/","title":{"rendered":"\u062a\u0645\u0627\u0633 \u0628\u0627 \u0645\u0627"},"content":{"rendered":"<section class=\"l-section wpb_row height_huge color_secondary with_img parallax_ver\"><div class=\"l-section-img\" role=\"img\" aria-label=\"\u062a\u0635\u0648\u06cc\u0631\" data-img-width=\"1920\" data-img-height=\"723\" style=\"background-image: url(https:\/\/intime-cyprus.com\/wp-content\/uploads\/2023\/11\/Team-intime-photo-1.jpg);background-position: bottom center;background-repeat: no-repeat;\"><\/div><div class=\"l-section-overlay\" style=\"background:rgba(22,36,83,0.85)\"><\/div><div class=\"l-section-h i-cf\"><div class=\"g-cols vc_row via_grid cols_1 laptops-cols_inherit tablets-cols_inherit mobiles-cols_1 valign_top type_default stacking_default\"><div class=\"wpb_column vc_column_container\"><div class=\"vc_column-inner\"><h1 class=\"w-post-elm post_title align_center entry-title color_link_inherit\">\u062a\u0645\u0627\u0633 \u0628\u0627 \u0645\u0627<\/h1><\/div><\/div><\/div><\/div><\/section><section class=\"l-section wpb_row us_custom_58b72039 height_small\"><div class=\"l-section-h i-cf\"><div class=\"g-cols vc_row via_grid cols_3 laptops-cols_inherit tablets-cols_inherit mobiles-cols_1 valign_top type_default stacking_default\" style=\"--columns-gap:calc(3rem + 1.5rem);\"><div class=\"wpb_column vc_column_container us_custom_46196fac has_bg_color\"><div class=\"vc_column-inner\"><div class=\"w-iconbox us_custom_1e0e9307 iconpos_top style_default color_primary align_center no_text\"><a href=\"tel:00905391171172\" class=\"w-iconbox-link\" aria-label=\"\u0642\u0628\u0631\u0633 : 4320 869 (533) 90+\"><div class=\"w-iconbox-icon\" style=\"font-size:2rem;\"><i class=\"fas fa-phone\"><\/i><\/div><\/a><div class=\"w-iconbox-meta\"><p class=\"w-iconbox-title\"><a href=\"tel:00905391171172\" class=\"w-iconbox-link\" aria-label=\"\u0642\u0628\u0631\u0633 : 4320 869 (533) 90+\">\u0642\u0628\u0631\u0633 : 4320 869 (533) 90+<\/a><\/p><\/div><\/div><\/div><\/div><div class=\"wpb_column vc_column_container us_custom_46196fac has_bg_color\"><div class=\"vc_column-inner\"><div class=\"w-iconbox us_custom_1e0e9307 iconpos_top style_default color_primary align_center no_text\"><a href=\"mailto:info@intime-cyprus.com\" class=\"w-iconbox-link\" aria-label=\"info@intime-cyprus.com\"><div class=\"w-iconbox-icon\" style=\"font-size:2rem;\"><i class=\"fas fa-envelope\"><\/i><\/div><\/a><div class=\"w-iconbox-meta\"><p class=\"w-iconbox-title\"><a href=\"mailto:info@intime-cyprus.com\" class=\"w-iconbox-link\" aria-label=\"info@intime-cyprus.com\">info@intime-cyprus.com<\/a><\/p><\/div><\/div><\/div><\/div><div class=\"wpb_column vc_column_container us_custom_46196fac has_bg_color\"><div class=\"vc_column-inner\"><div class=\"w-iconbox us_custom_1e0e9307 iconpos_top style_default color_primary align_center no_text\"><div class=\"w-iconbox-icon\" style=\"font-size:2rem;\"><i class=\"far fa-location-arrow\"><\/i><\/div><div class=\"w-iconbox-meta\"><p class=\"w-iconbox-title\">Yeni Bo\u011fazi\u00e7i, Salamis Yolu, Muharrem D\u00f6ve\u00e7 Plaza, D\u00fckkan 8<\/p><\/div><\/div><\/div><\/div><\/div><\/div><\/section><section class=\"l-section wpb_row height_small color_alternate\" id=\"About\"><div class=\"l-section-h i-cf\"><div class=\"g-cols vc_row via_grid cols_1 laptops-cols_inherit tablets-cols_inherit mobiles-cols_1 valign_top type_default stacking_default\"><div class=\"wpb_column vc_column_container\"><div class=\"vc_column-inner\"><div class=\"g-cols wpb_row via_grid cols_5-7 laptops-cols_inherit tablets-cols_inherit mobiles-cols_1 valign_middle type_default stacking_default\" style=\"--columns-gap:calc(3rem + 1.5rem);\"><div class=\"wpb_column vc_column_container\"><div class=\"vc_column-inner\"><div class=\"w-image align_none\"><div class=\"w-image-h\"><img decoding=\"async\" width=\"1920\" height=\"2198\" src=\"https:\/\/intime-cyprus.com\/wp-content\/uploads\/2023\/11\/Team-intime-photo.jpg\" class=\"attachment-full size-full\" alt=\"\" loading=\"lazy\" srcset=\"https:\/\/intime-cyprus.com\/wp-content\/uploads\/2023\/11\/Team-intime-photo.jpg 1920w, https:\/\/intime-cyprus.com\/wp-content\/uploads\/2023\/11\/Team-intime-photo-262x300.jpg 262w, https:\/\/intime-cyprus.com\/wp-content\/uploads\/2023\/11\/Team-intime-photo-894x1024.jpg 894w\" sizes=\"auto, (max-width: 1920px) 100vw, 1920px\"><\/div><\/div><\/div><\/div><div class=\"wpb_column vc_column_container\"><div class=\"vc_column-inner\"><div id=\"ultimate-heading-846969dc54a0bd023\" class=\"uvc-heading ult-adjust-bottom-margin ultimate-heading-846969dc54a0bd023 uvc-8857 \" data-hspacer=\"no_spacer\"  data-halign=\"right\" style=\"text-align:right\"><div class=\"uvc-heading-spacer no_spacer\" style=\"top\"><\/div><div class=\"uvc-main-heading ult-responsive\"  data-ultimate-target='.uvc-heading.ultimate-heading-846969dc54a0bd023 h6'  data-responsive-json-new='{\"font-size\":\"\",\"line-height\":\"\"}' ><h6 style=\"font-weight:normal;color:#d8aa51;\">\u0644\u0630\u062a \u062a\u0645\u0627\u0634\u0627\u06cc \u0633\u0627\u062d\u0644 \u0645\u062f\u06cc\u062a\u0631\u0627\u0646\u0647 \u0627\u0632 \u062f\u0644\u0650 \u062e\u0627\u0646\u0647 \u062a\u0648\u2026<\/h6><\/div><\/div><div class=\"wpb_text_column\"><div class=\"wpb_wrapper\"><p><strong>\u0634\u0631\u06a9\u062a \u0633\u0631\u0645\u0627\u06cc\u0647 \u06af\u0630\u0627\u0631\u06cc CYPRUS INTIME<\/strong> \u0645\u062a\u062e\u0635\u0635 \u062f\u0631 \u0632\u0645\u06cc\u0646\u0647 \u0633\u0631\u0645\u0627\u06cc\u0647\u200c\u06af\u0630\u0627\u0631\u06cc \u0648 \u062e\u0631\u06cc\u062f \u0645\u0644\u06a9 \u062f\u0631 \u0642\u0628\u0631\u0633 \u0634\u0645\u0627\u0644\u06cc\u060c \u0622\u0645\u0627\u062f\u0647 \u0627\u0631\u0627\u0626\u0647 \u062e\u062f\u0645\u0627\u062a\u06cc \u0634\u0627\u06cc\u0633\u062a\u0647 \u0628\u0647 \u0634\u0645\u0627\u0633\u062a.<\/p>\n<p>\u0645\u0627 \u0645\u0637\u0645\u0626\u0646\u200c\u062a\u0631\u06cc\u0646 \u0631\u0627\u0647\u06a9\u0627\u0631\u0647\u0627 \u0631\u0627 \u062f\u0631 \u0631\u0627\u0633\u062a\u0627\u06cc \u06cc\u06a9 \u0633\u0631\u0645\u0627\u06cc\u0647\u200c\u06af\u0630\u0627\u0631\u06cc \u0633\u0648\u062f\u0622\u0648\u0631 \u062f\u0631 <strong>\u0642\u0628\u0631\u0633 \u0634\u0645\u0627\u0644\u06cc<\/strong> \u0628\u0647 \u0634\u0645\u0627 \u0627\u0631\u0627\u0626\u0647 \u0645\u06cc\u200c\u06a9\u0646\u06cc\u0645. CYPRUS INTIME \u0647\u0645\u0633\u0641\u0631 \u0634\u0645\u0627 \u062e\u0648\u0627\u0647\u062f \u0628\u0648\u062f \u062a\u0627 \u0633\u0631\u06cc\u0639\u200c\u062a\u0631\u060c \u0645\u0637\u0645\u0626\u0646\u200c\u062a\u0631 \u0648 \u067e\u0631\u0633\u0648\u062f\u062a\u0631 \u0645\u0644\u06a9 \u062e\u0648\u062f \u0631\u0627 \u062f\u0631 \u06a9\u0634\u0648\u0631 \u0632\u06cc\u0628\u0627\u06cc \u0642\u0628\u0631\u0633 \u0634\u0645\u0627\u0644\u06cc \u062e\u0631\u06cc\u062f\u0627\u0631\u06cc \u06a9\u0646\u06cc\u062f.<\/p>\n<\/div><\/div><div class=\"w-socials color_brand shape_rounded style_colored hover_fade\" style=\"--gap:2px;\"><div class=\"w-socials-list\"><div class=\"w-socials-item facebook\"><a target=\"_blank\" rel=\"nofollow noopener\" href=\"https:\/\/www.facebook.com\/Cyprus-intime-Estate-Fa-110302241574498\" class=\"w-socials-item-link\" aria-label=\"Facebook\"><span class=\"w-socials-item-link-hover\"><\/span><i class=\"fab fa-facebook\"><\/i><\/a><div class=\"w-socials-item-popup\"><span>Facebook<\/span><\/div><\/div><div class=\"w-socials-item instagram\"><a target=\"_blank\" rel=\"nofollow noopener\" href=\"https:\/\/www.instagram.com\/cyprusintime.estate.fa\/\" class=\"w-socials-item-link\" aria-label=\"Instagram\"><span class=\"w-socials-item-link-hover\"><\/span><i class=\"fab fa-instagram\"><\/i><\/a><div class=\"w-socials-item-popup\"><span>Instagram<\/span><\/div><\/div><div class=\"w-socials-item telegram\"><a target=\"_blank\" rel=\"nofollow\" href=\"https:\/\/t.me\/cyprus_intime\" class=\"w-socials-item-link\" aria-label=\"Telegram\"><span class=\"w-socials-item-link-hover\"><\/span><i class=\"fab fa-telegram\"><\/i><\/a><div class=\"w-socials-item-popup\"><span>Telegram<\/span><\/div><\/div><div class=\"w-socials-item youtube\"><a target=\"_blank\" rel=\"nofollow noopener\" href=\"https:\/\/www.youtube.com\/channel\/UCXM9xFu2JCCtzR4YoVTSlIg\" class=\"w-socials-item-link\" aria-label=\"YouTube\"><span class=\"w-socials-item-link-hover\"><\/span><i class=\"fab fa-youtube\"><\/i><\/a><div class=\"w-socials-item-popup\"><span>YouTube<\/span><\/div><\/div><\/div><\/div><\/div><\/div><\/div><\/div><\/div><\/div><\/div><\/section><section class=\"l-section wpb_row us_custom_e874e514 height_small\"><div class=\"l-section-h i-cf\"><div class=\"g-cols vc_row via_grid cols_custom laptops-cols_inherit tablets-cols_inherit mobiles-cols_1 valign_top type_default stacking_default\" style=\"--custom-columns:0.5fr 5fr 0.5fr \"><div class=\"wpb_column vc_column_container\"><div class=\"vc_column-inner\"><\/div><\/div><div class=\"wpb_column vc_column_container us_custom_fb1a14fe has_bg_color\"><div class=\"vc_column-inner\"><div class=\"wpb_text_column us_custom_6df4bc3a has_text_color\"><div class=\"wpb_wrapper\"><h1 style=\"text-align: center;\">\u062f\u0631\u06cc\u0627\u0641\u062a <span style=\"background-color: rgb(231 188 95 \/ 37%); line-height: 20px; display: inline-block;\">\u0645\u0634\u0627\u0648\u0631\u0647 \u0648 \u062a\u0648\u0631 \u0631\u0627\u06cc\u06af\u0627\u0646<\/span><\/h1>\n<\/div><\/div><script>\nvar gform;gform||(document.addEventListener(\"gform_main_scripts_loaded\",function(){gform.scriptsLoaded=!0}),document.addEventListener(\"gform\/theme\/scripts_loaded\",function(){gform.themeScriptsLoaded=!0}),window.addEventListener(\"DOMContentLoaded\",function(){gform.domLoaded=!0}),gform={domLoaded:!1,scriptsLoaded:!1,themeScriptsLoaded:!1,isFormEditor:()=>\"function\"==typeof InitializeEditor,callIfLoaded:function(o){return!(!gform.domLoaded||!gform.scriptsLoaded||!gform.themeScriptsLoaded&&!gform.isFormEditor()||(gform.isFormEditor()&&console.warn(\"The use of gform.initializeOnLoaded() is deprecated in the form editor context and will be removed in Gravity Forms 3.1.\"),o(),0))},initializeOnLoaded:function(o){gform.callIfLoaded(o)||(document.addEventListener(\"gform_main_scripts_loaded\",()=>{gform.scriptsLoaded=!0,gform.callIfLoaded(o)}),document.addEventListener(\"gform\/theme\/scripts_loaded\",()=>{gform.themeScriptsLoaded=!0,gform.callIfLoaded(o)}),window.addEventListener(\"DOMContentLoaded\",()=>{gform.domLoaded=!0,gform.callIfLoaded(o)}))},hooks:{action:{},filter:{}},addAction:function(o,r,e,t){gform.addHook(\"action\",o,r,e,t)},addFilter:function(o,r,e,t){gform.addHook(\"filter\",o,r,e,t)},doAction:function(o){gform.doHook(\"action\",o,arguments)},applyFilters:function(o){return gform.doHook(\"filter\",o,arguments)},removeAction:function(o,r){gform.removeHook(\"action\",o,r)},removeFilter:function(o,r,e){gform.removeHook(\"filter\",o,r,e)},addHook:function(o,r,e,t,n){null==gform.hooks[o][r]&&(gform.hooks[o][r]=[]);var d=gform.hooks[o][r];null==n&&(n=r+\"_\"+d.length),gform.hooks[o][r].push({tag:n,callable:e,priority:t=null==t?10:t})},doHook:function(r,o,e){var t;if(e=Array.prototype.slice.call(e,1),null!=gform.hooks[r][o]&&((o=gform.hooks[r][o]).sort(function(o,r){return o.priority-r.priority}),o.forEach(function(o){\"function\"!=typeof(t=o.callable)&&(t=window[t]),\"action\"==r?t.apply(null,e):e[0]=t.apply(null,e)})),\"filter\"==r)return e[0]},removeHook:function(o,r,t,n){var e;null!=gform.hooks[o][r]&&(e=(e=gform.hooks[o][r]).filter(function(o,r,e){return!!(null!=n&&n!=o.tag||null!=t&&t!=o.priority)}),gform.hooks[o][r]=e)}});\n<\/script>\n\n                <div class='gf_browser_gecko gform_wrapper gravity-theme gform-theme--no-framework' data-form-theme='gravity-theme' data-form-index='0' id='gform_wrapper_12' style='display:none'><div id='gf_12' class='gform_anchor' tabindex='-1'><\/div>\n                        <div class='gform_heading'>\n                            <p class='gform_description'><\/p>\n                        <\/div><form method='post' enctype='multipart\/form-data' target='gform_ajax_frame_12' id='gform_12'  action='\/fa\/wp-json\/wp\/v2\/pages\/95#gf_12' data-formid='12' novalidate>\n                        <div class='gform-body gform_body'><div id='gform_fields_12' class='gform_fields top_label form_sublabel_below description_below validation_below'><div id=\"field_12_6\" class=\"gfield gfield--type-hidden gfield--width-full gform_hidden field_sublabel_below gfield--no-description field_description_below field_validation_below gfield_visibility_visible\"  ><div class='ginput_container ginput_container_text'><input name='input_6' id='input_12_6' type='hidden' class='gform_hidden'  aria-invalid=\"false\" value='https:\/\/intime-cyprus.com\/fa\/wp-json\/wp\/v2\/pages\/95' \/><\/div><\/div><div id=\"field_12_5\" class=\"gfield gfield--type-text gfield--width-third gf_left_third gfield--width-third field_sublabel_below gfield--no-description field_description_below hidden_label field_validation_below gfield_visibility_visible\"  ><label class='gfield_label gform-field-label' for='input_12_5'>Name<\/label><div class='ginput_container ginput_container_text'><input name='input_5' id='input_12_5' type='text' value='' class='large'    placeholder='\u0646\u0627\u0645 \u0648 \u0646\u0627\u0645 \u062e\u0627\u0646\u0648\u0627\u062f\u06af\u06cc'  aria-invalid=\"false\"   \/><\/div><\/div><div id=\"field_12_4\" class=\"gfield gfield--type-text gfield--width-third gf_middle_third gfield--width-third field_sublabel_below gfield--no-description field_description_below hidden_label field_validation_below gfield_visibility_visible\"  ><label class='gfield_label gform-field-label' for='input_12_4'>Mobile<\/label><div class='ginput_container ginput_container_text'><input name='input_4' id='input_12_4' type='text' value='' class='large'    placeholder='\u0634\u0645\u0627\u0631\u0647 \u062a\u0645\u0627\u0633'  aria-invalid=\"false\"   \/><\/div><\/div><div id=\"field_submit\" class=\"gfield gfield--type-submit gfield--width-third field_sublabel_below gfield--no-description field_description_below field_validation_below gfield_visibility_visible\"  data-field-class=\"gform_editor_submit_container\" data-field-position=\"inline\" ><input type='submit' id='gform_submit_button_12' class='gform-button gform-button--white  button gform-button--width-full' onclick='gform.submission.handleButtonClick(this);' data-submission-type='submit' value='\u062f\u0631\u06cc\u0627\u0641\u062a \u0645\u0634\u0627\u0648\u0631\u0647'  \/><\/div><\/div><\/div>\n        <div class='gform-footer gform_footer top_label'>  <input type='hidden' name='gform_ajax' value='form_id=12&amp;title=&amp;description=1&amp;tabindex=0&amp;theme=gravity-theme&amp;styles=[]&amp;hash=1b82985984782289aa1005f6ba6d4ccf' \/>\n            <input type='hidden' class='gform_hidden' name='gform_submission_method' data-js='gform_submission_method_12' value='iframe' \/>\n            <input type='hidden' class='gform_hidden' name='gform_theme' data-js='gform_theme_12' id='gform_theme_12' value='gravity-theme' \/>\n            <input type='hidden' class='gform_hidden' name='gform_style_settings' data-js='gform_style_settings_12' id='gform_style_settings_12' value='[]' \/>\n            <input type='hidden' class='gform_hidden' name='is_submit_12' value='1' \/>\n            <input type='hidden' class='gform_hidden' name='gform_submit' value='12' \/>\n            \n            <input type='hidden' class='gform_hidden' name='gform_unique_id' value='' \/>\n            <input type='hidden' class='gform_hidden' name='state_12' value='WyJbXSIsImZjZDkwMzU4MTUwNjVkZTZkM2I1Zjg1ZDUwY2EzMTE3Il0=' \/>\n            <input type='hidden' autocomplete='off' class='gform_hidden' name='gform_target_page_number_12' id='gform_target_page_number_12' value='0' \/>\n            <input type='hidden' autocomplete='off' class='gform_hidden' name='gform_source_page_number_12' id='gform_source_page_number_12' value='1' \/>\n            <input type='hidden' name='gform_field_values' value='' \/>\n            \n        <\/div>\n                        <\/form>\n                        <\/div>\n\t\t                <iframe style='display:none;width:0px;height:0px;' src='about:blank' name='gform_ajax_frame_12' id='gform_ajax_frame_12' title='This iframe contains the logic required to handle Ajax powered Gravity Forms.'><\/iframe>\n\t\t                <script>\ngform.initializeOnLoaded( function() {gformInitSpinner( 12, 'https:\/\/intime-cyprus.com\/wp-content\/plugins\/gravityforms\/images\/spinner.svg', true );jQuery('#gform_ajax_frame_12').on('load',function(){var contents = jQuery(this).contents().find('*').html();var is_postback = contents.indexOf('GF_AJAX_POSTBACK') >= 0;if(!is_postback){return;}var form_content = jQuery(this).contents().find('#gform_wrapper_12');var is_confirmation = jQuery(this).contents().find('#gform_confirmation_wrapper_12').length > 0;var is_redirect = contents.indexOf('gformRedirect(){') >= 0;var is_form = form_content.length > 0 && ! is_redirect && ! is_confirmation;var mt = parseInt(jQuery('html').css('margin-top'), 10) + parseInt(jQuery('body').css('margin-top'), 10) + 100;if(is_form){form_content.find('form').css('opacity', 0);jQuery('#gform_wrapper_12').html(form_content.html());if(form_content.hasClass('gform_validation_error')){jQuery('#gform_wrapper_12').addClass('gform_validation_error');} else {jQuery('#gform_wrapper_12').removeClass('gform_validation_error');}setTimeout( function() { \/* delay the scroll by 50 milliseconds to fix a bug in chrome *\/ jQuery(document).scrollTop(jQuery('#gform_wrapper_12').offset().top - mt); }, 50 );if(window['gformInitDatepicker']) {gformInitDatepicker();}if(window['gformInitPriceFields']) {gformInitPriceFields();}var current_page = jQuery('#gform_source_page_number_12').val();gformInitSpinner( 12, 'https:\/\/intime-cyprus.com\/wp-content\/plugins\/gravityforms\/images\/spinner.svg', true );jQuery(document).trigger('gform_page_loaded', [12, current_page]);window['gf_submitting_12'] = false;}else if(!is_redirect){var confirmation_content = jQuery(this).contents().find('.GF_AJAX_POSTBACK').html();if(!confirmation_content){confirmation_content = contents;}jQuery('#gform_wrapper_12').replaceWith(confirmation_content);jQuery(document).scrollTop(jQuery('#gf_12').offset().top - mt);jQuery(document).trigger('gform_confirmation_loaded', [12]);window['gf_submitting_12'] = false;wp.a11y.speak(jQuery('#gform_confirmation_message_12').text());}else{jQuery('#gform_12').append(contents);if(window['gformRedirect']) {gformRedirect();}}jQuery(document).trigger(\"gform_pre_post_render\", [{ formId: \"12\", currentPage: \"current_page\", abort: function() { this.preventDefault(); } }]);                if (event && event.defaultPrevented) {                return;         }        const gformWrapperDiv = document.getElementById( \"gform_wrapper_12\" );        if ( gformWrapperDiv ) {            const visibilitySpan = document.createElement( \"span\" );            visibilitySpan.id = \"gform_visibility_test_12\";            gformWrapperDiv.insertAdjacentElement( \"afterend\", visibilitySpan );        }        const visibilityTestDiv = document.getElementById( \"gform_visibility_test_12\" );        let postRenderFired = false;                function triggerPostRender() {            if ( postRenderFired ) {                return;            }            postRenderFired = true;            gform.core.triggerPostRenderEvents( 12, current_page );            if ( visibilityTestDiv ) {                visibilityTestDiv.parentNode.removeChild( visibilityTestDiv );            }        }        function debounce( func, wait, immediate ) {            var timeout;            return function() {                var context = this, args = arguments;                var later = function() {                    timeout = null;                    if ( !immediate ) func.apply( context, args );                };                var callNow = immediate && !timeout;                clearTimeout( timeout );                timeout = setTimeout( later, wait );                if ( callNow ) func.apply( context, args );            };        }        const debouncedTriggerPostRender = debounce( function() {            triggerPostRender();        }, 200 );        if ( visibilityTestDiv && visibilityTestDiv.offsetParent === null ) {            const observer = new MutationObserver( ( mutations ) => {                mutations.forEach( ( mutation ) => {                    if ( mutation.type === 'attributes' && visibilityTestDiv.offsetParent !== null ) {                        debouncedTriggerPostRender();                        observer.disconnect();                    }                });            });            observer.observe( document.body, {                attributes: true,                childList: false,                subtree: true,                attributeFilter: [ 'style', 'class' ],            });        } else {            triggerPostRender();        }    } );} );\n<\/script>\n<\/div><\/div><div class=\"wpb_column vc_column_container\"><div class=\"vc_column-inner\"><\/div><\/div><\/div><\/div><\/section>\n","protected":false},"excerpt":{"rendered":"\u062a\u0645\u0627\u0633 \u0628\u0627 \u0645\u0627\u0642\u0628\u0631\u0633 : 4320 869 (533) 90+info@intime-cyprus.comYeni Bo\u011fazi\u00e7i, Salamis Yolu, Muharrem D\u00f6ve\u00e7 Plaza, D\u00fckkan 8\u0644\u0630\u062a \u062a\u0645\u0627\u0634\u0627\u06cc \u0633\u0627\u062d\u0644 \u0645\u062f\u06cc\u062a\u0631\u0627\u0646\u0647 \u0627\u0632 \u062f\u0644\u0650 \u062e\u0627\u0646\u0647 \u062a\u0648\u2026\u0634\u0631\u06a9\u062a \u0633\u0631\u0645\u0627\u06cc\u0647 \u06af\u0630\u0627\u0631\u06cc CYPRUS INTIME \u0645\u062a\u062e\u0635\u0635 \u062f\u0631 \u0632\u0645\u06cc\u0646\u0647 \u0633\u0631\u0645\u0627\u06cc\u0647\u200c\u06af\u0630\u0627\u0631\u06cc \u0648 \u062e\u0631\u06cc\u062f \u0645\u0644\u06a9 \u062f\u0631 \u0642\u0628\u0631\u0633 \u0634\u0645\u0627\u0644\u06cc\u060c \u0622\u0645\u0627\u062f\u0647 \u0627\u0631\u0627\u0626\u0647 \u062e\u062f\u0645\u0627\u062a\u06cc \u0634\u0627\u06cc\u0633\u062a\u0647 \u0628\u0647 \u0634\u0645\u0627\u0633\u062a. \u0645\u0627 \u0645\u0637\u0645\u0626\u0646\u200c\u062a\u0631\u06cc\u0646 \u0631\u0627\u0647\u06a9\u0627\u0631\u0647\u0627 \u0631\u0627 \u062f\u0631 \u0631\u0627\u0633\u062a\u0627\u06cc \u06cc\u06a9 \u0633\u0631\u0645\u0627\u06cc\u0647\u200c\u06af\u0630\u0627\u0631\u06cc \u0633\u0648\u062f\u0622\u0648\u0631 \u062f\u0631 \u0642\u0628\u0631\u0633 \u0634\u0645\u0627\u0644\u06cc...","protected":false},"author":2,"featured_media":0,"parent":0,"menu_order":0,"comment_status":"closed","ping_status":"closed","template":"","meta":{"_joinchat":[],"footnotes":""},"class_list":["post-95","page","type-page","status-publish","hentry"],"_links":{"self":[{"href":"https:\/\/intime-cyprus.com\/fa\/wp-json\/wp\/v2\/pages\/95","targetHints":{"allow":["GET"]}}],"collection":[{"href":"https:\/\/intime-cyprus.com\/fa\/wp-json\/wp\/v2\/pages"}],"about":[{"href":"https:\/\/intime-cyprus.com\/fa\/wp-json\/wp\/v2\/types\/page"}],"author":[{"embeddable":true,"href":"https:\/\/intime-cyprus.com\/fa\/wp-json\/wp\/v2\/users\/2"}],"replies":[{"embeddable":true,"href":"https:\/\/intime-cyprus.com\/fa\/wp-json\/wp\/v2\/comments?post=95"}],"version-history":[{"count":22,"href":"https:\/\/intime-cyprus.com\/fa\/wp-json\/wp\/v2\/pages\/95\/revisions"}],"predecessor-version":[{"id":13719,"href":"https:\/\/intime-cyprus.com\/fa\/wp-json\/wp\/v2\/pages\/95\/revisions\/13719"}],"wp:attachment":[{"href":"https:\/\/intime-cyprus.com\/fa\/wp-json\/wp\/v2\/media?parent=95"}],"curies":[{"name":"wp","href":"https:\/\/api.w.org\/{rel}","templated":true}]}}