{"id":8657,"date":"2022-05-23T13:38:16","date_gmt":"2022-05-23T09:08:16","guid":{"rendered":"https:\/\/intime-cyprus.com\/?page_id=8657"},"modified":"2024-04-22T18:47:53","modified_gmt":"2024-04-22T14:17:53","slug":"haberler","status":"publish","type":"page","link":"https:\/\/intime-cyprus.com\/tr\/haberler\/","title":{"rendered":"Haberler"},"content":{"rendered":"<section class=\"l-section wpb_row height_medium\"><div class=\"l-section-h i-cf\"><div class=\"g-cols vc_row via_grid cols_1 laptops-cols_inherit tablets-cols_inherit mobiles-cols_1 valign_top type_default stacking_default\"><div class=\"wpb_column vc_column_container\"><div class=\"vc_column-inner\"><h1 class=\"w-post-elm post_title align_center entry-title color_link_inherit\">Haberler<\/h1><div class=\"w-grid us_grid type_masonry layout_blog_13 cols_3 pagination_ajax preload_style_spinner with_isotope with_css_animation\" id=\"us_grid_1\" style=\"--columns:3;--gap:1.5rem;\" data-filterable=\"true\"><style>@media (max-width:1024px){#us_grid_1{--columns:2!important}}@media (max-width:600px){#us_grid_1{--columns:1!important}}@media (min-width:1024px){#us_grid_1 .w-post-elm.post_title{font-size:17px!important}}.layout_blog_13 .w-grid-item-h{}@media(max-width:479px){.layout_blog_13 .usg_post_image_1{display:none!important}}.layout_blog_13 .usg_hwrapper_1{color:var(--color-content-text)!important;margin-right:10%!important;padding-top:6%!important;padding-bottom:6%!important;background:var(--color-content-bg-alt)!important}.layout_blog_13 .usg_vwrapper_1{width:48%!important;margin-left:6%!important;margin-right:0!important}.layout_blog_13 .usg_post_image_1{width:50%!important;margin-left:7%!important;margin-right:-11%!important}.layout_blog_13 .usg_post_date_1{font-size:0.9rem!important}.layout_blog_13 .usg_post_title_1{font-weight:700!important;line-height:1.2!important}.layout_blog_13 .usg_post_content_1{font-size:0.9rem!important}@media (max-width:600px){.layout_blog_13 .usg_hwrapper_1{margin-left:0!important;margin-right:0!important;padding-top:0!important;padding-bottom:0!important}.layout_blog_13 .usg_vwrapper_1{width:86%!important;margin:7% 7% 5% 7%!important}.layout_blog_13 .usg_post_image_1{width:100%!important;margin-left:0!important;margin-right:0!important}}<\/style><div class=\"w-grid-list\">\t<article class=\"w-grid-item us_animate_fade off_autostart size_1x1 post-21138 post type-post status-publish format-standard has-post-thumbnail hentry category-haberler\" data-id=\"21138\" style=\"animation-delay:0s\">\r\n\t\t<div class=\"w-grid-item-h\">\r\n\t\t\t\t\t\t<div class=\"w-hwrapper usg_hwrapper_1 has_text_color align_none valign_center wrap\"><div class=\"w-vwrapper usg_vwrapper_1 align_none valign_top\"><time class=\"w-post-elm post_date usg_post_date_1 entry-date published\" datetime=\"2024-04-22T18:22:18+03:30\" title=\"22 Nisan 2024, 18:22:18 Asia\/Tehran\">2 y\u0131l \u00f6nce<\/time><h2 class=\"w-post-elm post_title usg_post_title_1 entry-title color_link_inherit\"><a href=\"https:\/\/intime-cyprus.com\/tr\/terra-life-projesi-baslatildi\/\">Terra Life Projesi Ba\u015flat\u0131ld\u0131!<\/a><\/h2><div class=\"w-post-elm post_content usg_post_content_1\">Rafine ya\u015fam ve \u00e7a\u011fda\u015f tasar\u0131m\u0131n bir g\u00f6stergesi olan Terra Life projesinin resmi ba\u015flang\u0131c\u0131n\u0131 duyurmaktan heyecan duyuyoruz. Sakin sahil \u015feridine yak\u0131n bir \u015fekilde konumland\u0131r\u0131lan Terra Life, canl\u0131 bir \u00e7evre i\u00e7inde l\u00fcks&hellip;<\/div><\/div><div class=\"w-post-elm post_image usg_post_image_1 has_width stretched\"><a href=\"https:\/\/intime-cyprus.com\/tr\/terra-life-projesi-baslatildi\/\" aria-label=\"Terra Life Projesi Ba\u015flat\u0131ld\u0131!\"><img loading=\"lazy\" decoding=\"async\" width=\"1024\" height=\"576\" src=\"https:\/\/intime-cyprus.com\/wp-content\/uploads\/2024\/04\/13-1024x576.webp\" class=\"attachment-large size-large wp-post-image\" alt=\"\" srcset=\"https:\/\/intime-cyprus.com\/wp-content\/uploads\/2024\/04\/13-1024x576.webp 1024w, https:\/\/intime-cyprus.com\/wp-content\/uploads\/2024\/04\/13-300x169.webp 300w, https:\/\/intime-cyprus.com\/wp-content\/uploads\/2024\/04\/13.webp 1920w\" sizes=\"auto, (max-width: 1024px) 100vw, 1024px\"><\/a><\/div><\/div>\t\t<\/div>\r\n\t\t\t<\/article>\r\n\t<article class=\"w-grid-item us_animate_fade off_autostart size_1x1 post-21142 post type-post status-publish format-standard has-post-thumbnail hentry category-haberler\" data-id=\"21142\" style=\"animation-delay:0.1s\">\r\n\t\t<div class=\"w-grid-item-h\">\r\n\t\t\t\t\t\t<div class=\"w-hwrapper usg_hwrapper_1 has_text_color align_none valign_center wrap\"><div class=\"w-vwrapper usg_vwrapper_1 align_none valign_top\"><time class=\"w-post-elm post_date usg_post_date_1 entry-date published\" datetime=\"2024-04-18T18:48:02+03:30\" title=\"18 Nisan 2024, 18:48:02 Asia\/Tehran\">2 y\u0131l \u00f6nce<\/time><h2 class=\"w-post-elm post_title usg_post_title_1 entry-title color_link_inherit\"><a href=\"https:\/\/intime-cyprus.com\/tr\/malibu-proje-uzatmasinin-on-satisi\/\">Malibu proje uzatmas\u0131n\u0131n \u00f6n sat\u0131\u015f\u0131!<\/a><\/h2><div class=\"w-post-elm post_content usg_post_content_1\">Kuzey K\u0131br\u0131s&#8217;\u0131n en iyi geli\u015ftiricilerinden birinin, zaten \u00e7ok sevilen Malibu projesinin yeni a\u015famas\u0131n\u0131 ba\u015flatt\u0131\u011f\u0131 haberini payla\u015fmaktan heyecan duyuyoruz! &nbsp; Tatl\u0131su&#8217;da bulunan Malibu, plaja sadece iki dakikal\u0131k y\u00fcr\u00fcme mesafesinde, 16.000 m2&#8217;lik&hellip;<\/div><\/div><div class=\"w-post-elm post_image usg_post_image_1 has_width stretched\"><a href=\"https:\/\/intime-cyprus.com\/tr\/malibu-proje-uzatmasinin-on-satisi\/\" aria-label=\"Malibu proje uzatmas\u0131n\u0131n \u00f6n sat\u0131\u015f\u0131!\"><img loading=\"lazy\" decoding=\"async\" width=\"1024\" height=\"576\" src=\"https:\/\/intime-cyprus.com\/wp-content\/uploads\/2024\/04\/photo_2024-04-19_12-06-41-1024x576.webp\" class=\"attachment-large size-large wp-post-image\" alt=\"\" srcset=\"https:\/\/intime-cyprus.com\/wp-content\/uploads\/2024\/04\/photo_2024-04-19_12-06-41-1024x576.webp 1024w, https:\/\/intime-cyprus.com\/wp-content\/uploads\/2024\/04\/photo_2024-04-19_12-06-41-300x169.webp 300w, https:\/\/intime-cyprus.com\/wp-content\/uploads\/2024\/04\/photo_2024-04-19_12-06-41.webp 1280w\" sizes=\"auto, (max-width: 1024px) 100vw, 1024px\"><\/a><\/div><\/div>\t\t<\/div>\r\n\t\t\t<\/article>\r\n<\/div>\t<div class=\"w-grid-preloader\">\r\n\t\t<div class=\"g-preloader type_1\">\r\n\t\t\t<div><\/div>\r\n\t\t<\/div>\r\n\t<\/div>\r\n\t\t<div class=\"w-grid-json hidden\" onclick='return {&quot;action&quot;:&quot;us_ajax_grid&quot;,&quot;infinite_scroll&quot;:0,&quot;max_num_pages&quot;:1,&quot;pagination&quot;:&quot;ajax&quot;,&quot;template_vars&quot;:{&quot;columns&quot;:&quot;3&quot;,&quot;exclude_items&quot;:&quot;none&quot;,&quot;img_size&quot;:&quot;default&quot;,&quot;ignore_items_size&quot;:0,&quot;items_layout&quot;:&quot;blog_13&quot;,&quot;items_offset&quot;:&quot;1&quot;,&quot;load_animation&quot;:&quot;fade&quot;,&quot;overriding_link&quot;:&quot;{\\&quot;url\\&quot;:\\&quot;\\&quot;}&quot;,&quot;post_id&quot;:0,&quot;query_args&quot;:{&quot;post_type&quot;:[&quot;post&quot;],&quot;tax_query&quot;:[{&quot;taxonomy&quot;:&quot;category&quot;,&quot;field&quot;:&quot;slug&quot;,&quot;terms&quot;:[&quot;haberler&quot;]}],&quot;post_status&quot;:[&quot;publish&quot;],&quot;posts_per_page&quot;:&quot;20&quot;},&quot;orderby_query_args&quot;:{&quot;orderby&quot;:{&quot;date&quot;:&quot;DESC&quot;}},&quot;type&quot;:&quot;masonry&quot;,&quot;us_grid_post_type&quot;:&quot;post&quot;,&quot;us_grid_ajax_index&quot;:1,&quot;us_grid_filter_query_string&quot;:null,&quot;us_grid_index&quot;:1,&quot;page_args&quot;:[],&quot;lang&quot;:&quot;tr&quot;}}'><\/div>\r\n\t<\/div><\/div><\/div><\/div><\/div><\/section>\n","protected":false},"excerpt":{"rendered":"Kuzey K\u0131br\u0131s'\u0131n en iyi geli\u015ftiricilerinden birinin, zaten \u00e7ok sevilen Malibu projesinin yeni a\u015famas\u0131n\u0131 ba\u015flatt\u0131\u011f\u0131 haberini payla\u015fmaktan heyecan duyuyoruz! &nbsp; Tatl\u0131su'da bulunan Malibu, plaja sadece iki dakikal\u0131k y\u00fcr\u00fcme mesafesinde, 16.000 m2'lik birinci s\u0131n\u0131f bir gayrimenkul \u00fczerine yay\u0131lm\u0131\u015f olup, e\u015fsiz deniz ve da\u011f manzaras\u0131 sunmaktad\u0131r. Yaln\u0131zca 52 daireye \u00f6zel olarak a\u015fa\u011f\u0131daki se\u00e7eneklere sahipsiniz: St\u00fcdyo Tek yatak odal\u0131...","protected":false},"author":2,"featured_media":0,"parent":0,"menu_order":0,"comment_status":"closed","ping_status":"closed","template":"","meta":{"_joinchat":[],"footnotes":""},"class_list":["post-8657","page","type-page","status-publish","hentry"],"_links":{"self":[{"href":"https:\/\/intime-cyprus.com\/tr\/wp-json\/wp\/v2\/pages\/8657","targetHints":{"allow":["GET"]}}],"collection":[{"href":"https:\/\/intime-cyprus.com\/tr\/wp-json\/wp\/v2\/pages"}],"about":[{"href":"https:\/\/intime-cyprus.com\/tr\/wp-json\/wp\/v2\/types\/page"}],"author":[{"embeddable":true,"href":"https:\/\/intime-cyprus.com\/tr\/wp-json\/wp\/v2\/users\/2"}],"replies":[{"embeddable":true,"href":"https:\/\/intime-cyprus.com\/tr\/wp-json\/wp\/v2\/comments?post=8657"}],"version-history":[{"count":2,"href":"https:\/\/intime-cyprus.com\/tr\/wp-json\/wp\/v2\/pages\/8657\/revisions"}],"predecessor-version":[{"id":21141,"href":"https:\/\/intime-cyprus.com\/tr\/wp-json\/wp\/v2\/pages\/8657\/revisions\/21141"}],"wp:attachment":[{"href":"https:\/\/intime-cyprus.com\/tr\/wp-json\/wp\/v2\/media?parent=8657"}],"curies":[{"name":"wp","href":"https:\/\/api.w.org\/{rel}","templated":true}]}}