{"id":8660,"date":"2021-04-26T15:59:43","date_gmt":"2021-04-26T11:29:43","guid":{"rendered":"https:\/\/intime-cyprus.com\/?page_id=8660"},"modified":"2022-11-10T12:50:10","modified_gmt":"2022-11-10T09:20:10","slug":"projeler","status":"publish","type":"page","link":"https:\/\/intime-cyprus.com\/tr\/projeler\/","title":{"rendered":"Projeler"},"content":{"rendered":"<section class=\"l-section wpb_row height_huge color_secondary with_img parallax_ver parallaxdir_reversed\"><div class=\"l-section-img\" role=\"img\" aria-label=\"\u0634\u0631\u06a9\u062a \u0633\u0631\u0645\u0627\u06cc\u0647 \u06af\u0630\u0627\u0631\u06cc \u0647\u0627\u0628\" data-img-width=\"1920\" data-img-height=\"880\" style=\"background-image: url(https:\/\/intime-cyprus.com\/wp-content\/uploads\/2021\/04\/hub-property-about-us.jpg);\"><\/div><div class=\"l-section-overlay\" style=\"background:rgba(36,38,45,0.40)\"><\/div><div class=\"l-section-h i-cf\"><div class=\"g-cols vc_row via_grid cols_1 laptops-cols_inherit tablets-cols_inherit mobiles-cols_1 valign_top type_default stacking_default\"><div class=\"wpb_column vc_column_container\"><div class=\"vc_column-inner\"><h2 class=\"w-post-elm post_title align_center entry-title color_link_inherit\">Projeler<\/h2><\/div><\/div><\/div><\/div><\/section><section class=\"l-section wpb_row height_medium\"><div class=\"l-section-h i-cf\"><div class=\"g-cols vc_row via_grid cols_1 laptops-cols_inherit tablets-cols_inherit mobiles-cols_1 valign_top type_default stacking_default\"><div class=\"wpb_column vc_column_container\"><div class=\"vc_column-inner\"><div class=\"wpb_text_column us_custom_fde76abf\"><div class=\"wpb_wrapper\"><p>Hayalinizdeki evi bulun<\/p>\n<\/div><\/div><div class=\"wpb_text_column us_custom_fde76abf\"><div class=\"wpb_wrapper\"><p>Proje detaylar\u0131n\u0131 g\u00f6rmek i\u00e7in proje resmine t\u0131klay\u0131n.<\/p>\n<\/div><\/div><div class=\"w-separator size_small\"><\/div><div class=\"w-grid us_grid type_grid layout_portfolio_2 cols_4 pagination_ajax preload_style_spinner ratio_1x1\" id=\"us_grid_1\" style=\"--columns:4;--gap:1rem;--item-ratio:1;\" data-filterable=\"true\"><style>@media (max-width:1380px){#us_grid_1{--columns:3!important}}@media (max-width:1024px){#us_grid_1{--columns:2!important}}@media (max-width:600px){#us_grid_1{--columns:1!important}}@media (min-width:1024px){#us_grid_1 .w-post-elm.post_title{font-size:1.1rem!important}}.layout_portfolio_2 .w-grid-item-h{background:#333}.layout_portfolio_2 .usg_post_image_1{transition-duration:0.35s;transform-origin:50% 50%;transform:scale(1) translate(0%,0%)}.layout_portfolio_2 .w-grid-item-h:focus-within .usg_post_image_1,.layout_portfolio_2 .w-grid-item-h:hover .usg_post_image_1{transform:scale(1.1) translate(0%,0%);opacity:0.1}.layout_portfolio_2 .usg_post_image_1{position:absolute!important;top:0!important;right:0!important;bottom:0!important;left:0!important}.layout_portfolio_2 .usg_vwrapper_1{position:absolute!important;right:0!important;bottom:0!important;left:0!important;background:linear-gradient(transparent,rgba(30,30,30,0.8))!important;padding:4rem 2rem 1.5rem 2rem!important}.layout_portfolio_2 .usg_post_title_1{color:#fff!important;font-size:1.2rem!important}.layout_portfolio_2 .usg_post_taxonomy_1{color:#fff!important;font-size:0.9rem!important}<\/style><div class=\"w-grid-list\">\t<article class=\"w-grid-item size_1x1 post-21679 us_portfolio type-us_portfolio status-publish has-post-thumbnail hentry\" data-id=\"21679\">\r\n\t\t<div class=\"w-grid-item-h\">\r\n\t\t\t\t\t\t\t<a href=\"https:\/\/intime-cyprus.com\/tr\/portfolio\/arcadia\/\" class=\"w-grid-item-anchor\" aria-label=\"Arcadia\"><\/a>\r\n\t\t\t\t\t\t<div class=\"w-post-elm post_image usg_post_image_1 stretched\"><img loading=\"lazy\" decoding=\"async\" width=\"1000\" height=\"542\" src=\"https:\/\/intime-cyprus.com\/wp-content\/uploads\/2024\/05\/Copy-of-Arcadia-18-copy.webp\" class=\"attachment-large size-large wp-post-image\" alt=\"\" srcset=\"https:\/\/intime-cyprus.com\/wp-content\/uploads\/2024\/05\/Copy-of-Arcadia-18-copy.webp 1000w, https:\/\/intime-cyprus.com\/wp-content\/uploads\/2024\/05\/Copy-of-Arcadia-18-copy-300x163.webp 300w\" sizes=\"auto, (max-width: 1000px) 100vw, 1000px\"><\/div><div class=\"w-vwrapper usg_vwrapper_1 align_none valign_top\"><h2 class=\"w-post-elm post_title usg_post_title_1 has_text_color entry-title color_link_inherit\">Arcadia<\/h2><\/div>\t\t<\/div>\r\n\t\t\t<\/article>\r\n\t<article class=\"w-grid-item size_1x1 post-20965 us_portfolio type-us_portfolio status-publish has-post-thumbnail hentry\" data-id=\"20965\">\r\n\t\t<div class=\"w-grid-item-h\">\r\n\t\t\t\t\t\t\t<a href=\"https:\/\/intime-cyprus.com\/tr\/portfolio\/modern-kent-projesi\/\" class=\"w-grid-item-anchor\" aria-label=\"Modern kent projesi\"><\/a>\r\n\t\t\t\t\t\t<div class=\"w-post-elm post_image usg_post_image_1 stretched\"><img loading=\"lazy\" decoding=\"async\" width=\"1024\" height=\"576\" src=\"https:\/\/intime-cyprus.com\/wp-content\/uploads\/2024\/04\/13-1024x576.webp\" class=\"attachment-large size-large wp-post-image\" alt=\"\" srcset=\"https:\/\/intime-cyprus.com\/wp-content\/uploads\/2024\/04\/13-1024x576.webp 1024w, https:\/\/intime-cyprus.com\/wp-content\/uploads\/2024\/04\/13-300x169.webp 300w, https:\/\/intime-cyprus.com\/wp-content\/uploads\/2024\/04\/13.webp 1920w\" sizes=\"auto, (max-width: 1024px) 100vw, 1024px\"><\/div><div class=\"w-vwrapper usg_vwrapper_1 align_none valign_top\"><h2 class=\"w-post-elm post_title usg_post_title_1 has_text_color entry-title color_link_inherit\">Modern kent projesi<\/h2><\/div>\t\t<\/div>\r\n\t\t\t<\/article>\r\n\t<article class=\"w-grid-item size_1x1 post-8707 us_portfolio type-us_portfolio status-publish has-post-thumbnail hentry\" data-id=\"8707\">\r\n\t\t<div class=\"w-grid-item-h\">\r\n\t\t\t\t\t\t\t<a href=\"https:\/\/intime-cyprus.com\/tr\/portfolio\/kuzey-kibrisin-en-modern-ve-ozel-projesi\/\" class=\"w-grid-item-anchor\" aria-label=\"Kuzey K\u0131br\u0131s&#8217;\u0131n en modern ve \u00f6zel projesi\"><\/a>\r\n\t\t\t\t\t\t<div class=\"w-post-elm post_image usg_post_image_1 stretched\"><img loading=\"lazy\" decoding=\"async\" width=\"1024\" height=\"576\" src=\"https:\/\/intime-cyprus.com\/wp-content\/uploads\/2022\/10\/WhatsApp-Image-2022-10-25-at-13.39.53-1024x576.jpeg\" class=\"attachment-large size-large wp-post-image\" alt=\"\u0645\u062f\u0631\u0646 \u062a\u0631\u064a\u0646 \u0633\u0627\u062e\u062a\u0645\u0627\u0646 \u0642\u0628\u0631\u0633 \u0634\u0645\u0627\u0644\u06cc\" srcset=\"https:\/\/intime-cyprus.com\/wp-content\/uploads\/2022\/10\/WhatsApp-Image-2022-10-25-at-13.39.53-1024x576.jpeg 1024w, https:\/\/intime-cyprus.com\/wp-content\/uploads\/2022\/10\/WhatsApp-Image-2022-10-25-at-13.39.53-300x169.jpeg 300w, https:\/\/intime-cyprus.com\/wp-content\/uploads\/2022\/10\/WhatsApp-Image-2022-10-25-at-13.39.53.jpeg 1600w\" sizes=\"auto, (max-width: 1024px) 100vw, 1024px\" \/><\/div><div class=\"w-vwrapper usg_vwrapper_1 align_none valign_top\"><h2 class=\"w-post-elm post_title usg_post_title_1 has_text_color entry-title color_link_inherit\">Kuzey K\u0131br\u0131s&#8217;\u0131n en modern ve \u00f6zel projesi<\/h2><\/div>\t\t<\/div>\r\n\t\t\t<\/article>\r\n\t<article class=\"w-grid-item size_1x1 post-8713 us_portfolio type-us_portfolio status-publish has-post-thumbnail hentry\" data-id=\"8713\">\r\n\t\t<div class=\"w-grid-item-h\">\r\n\t\t\t\t\t\t\t<a href=\"https:\/\/intime-cyprus.com\/tr\/portfolio\/kuzey-kibrisin-en-luks-ve-ozel-projesi\/\" class=\"w-grid-item-anchor\" aria-label=\"Kuzey K\u0131br\u0131s&#8217;\u0131n en l\u00fcks ve \u00f6zel projesi\"><\/a>\r\n\t\t\t\t\t\t<div class=\"w-post-elm post_image usg_post_image_1 stretched\"><img loading=\"lazy\" decoding=\"async\" width=\"1024\" height=\"576\" src=\"https:\/\/intime-cyprus.com\/wp-content\/uploads\/2022\/08\/2.jpg\" class=\"attachment-large size-large wp-post-image\" alt=\"\" srcset=\"https:\/\/intime-cyprus.com\/wp-content\/uploads\/2022\/08\/2.jpg 1024w, https:\/\/intime-cyprus.com\/wp-content\/uploads\/2022\/08\/2-300x169.jpg 300w\" sizes=\"auto, (max-width: 1024px) 100vw, 1024px\"><\/div><div class=\"w-vwrapper usg_vwrapper_1 align_none valign_top\"><h2 class=\"w-post-elm post_title usg_post_title_1 has_text_color entry-title color_link_inherit\">Kuzey K\u0131br\u0131s&#8217;\u0131n en l\u00fcks ve \u00f6zel projesi<\/h2><\/div>\t\t<\/div>\r\n\t\t\t<\/article>\r\n\t<article class=\"w-grid-item size_1x1 post-8722 us_portfolio type-us_portfolio status-publish has-post-thumbnail hentry\" data-id=\"8722\">\r\n\t\t<div class=\"w-grid-item-h\">\r\n\t\t\t\t\t\t\t<a href=\"https:\/\/intime-cyprus.com\/tr\/portfolio\/kuzey-kibrista-benzersiz-apartman-kompleksi\/\" class=\"w-grid-item-anchor\" aria-label=\"Kuzey K\u0131br\u0131s&#8217;ta benzersiz apartman kompleksi\"><\/a>\r\n\t\t\t\t\t\t<div class=\"w-post-elm post_image usg_post_image_1 stretched\"><img loading=\"lazy\" decoding=\"async\" width=\"1024\" height=\"576\" src=\"https:\/\/intime-cyprus.com\/wp-content\/uploads\/2022\/11\/3-1-1024x576.jpg\" class=\"attachment-large size-large wp-post-image\" alt=\"\" srcset=\"https:\/\/intime-cyprus.com\/wp-content\/uploads\/2022\/11\/3-1-1024x576.jpg 1024w, https:\/\/intime-cyprus.com\/wp-content\/uploads\/2022\/11\/3-1-300x169.jpg 300w, https:\/\/intime-cyprus.com\/wp-content\/uploads\/2022\/11\/3-1.jpg 1440w\" sizes=\"auto, (max-width: 1024px) 100vw, 1024px\"><\/div><div class=\"w-vwrapper usg_vwrapper_1 align_none valign_top\"><h2 class=\"w-post-elm post_title usg_post_title_1 has_text_color entry-title color_link_inherit\">Kuzey K\u0131br\u0131s&#8217;ta benzersiz apartman kompleksi<\/h2><\/div>\t\t<\/div>\r\n\t\t\t<\/article>\r\n\t<article class=\"w-grid-item size_1x1 post-8736 us_portfolio type-us_portfolio status-publish has-post-thumbnail hentry\" data-id=\"8736\">\r\n\t\t<div class=\"w-grid-item-h\">\r\n\t\t\t\t\t\t\t<a href=\"https:\/\/intime-cyprus.com\/tr\/portfolio\/kuzey-kibrista-luks-ve-guzel-proje\/\" class=\"w-grid-item-anchor\" aria-label=\"Kuzey K\u0131br\u0131s&#8217;ta l\u00fcks ve g\u00fczel proje\"><\/a>\r\n\t\t\t\t\t\t<div class=\"w-post-elm post_image usg_post_image_1 stretched\"><img loading=\"lazy\" decoding=\"async\" width=\"1024\" height=\"576\" src=\"https:\/\/intime-cyprus.com\/wp-content\/uploads\/2022\/11\/4-1-1024x576.jpg\" class=\"attachment-large size-large wp-post-image\" alt=\"\" srcset=\"https:\/\/intime-cyprus.com\/wp-content\/uploads\/2022\/11\/4-1-1024x576.jpg 1024w, https:\/\/intime-cyprus.com\/wp-content\/uploads\/2022\/11\/4-1-300x169.jpg 300w, https:\/\/intime-cyprus.com\/wp-content\/uploads\/2022\/11\/4-1.jpg 1440w\" sizes=\"auto, (max-width: 1024px) 100vw, 1024px\"><\/div><div class=\"w-vwrapper usg_vwrapper_1 align_none valign_top\"><h2 class=\"w-post-elm post_title usg_post_title_1 has_text_color entry-title color_link_inherit\">Kuzey K\u0131br\u0131s&#8217;ta l\u00fcks ve g\u00fczel proje<\/h2><\/div>\t\t<\/div>\r\n\t\t\t<\/article>\r\n\t<article class=\"w-grid-item size_1x1 post-8749 us_portfolio type-us_portfolio status-publish has-post-thumbnail hentry\" data-id=\"8749\">\r\n\t\t<div class=\"w-grid-item-h\">\r\n\t\t\t\t\t\t\t<a href=\"https:\/\/intime-cyprus.com\/tr\/portfolio\/mukemmel-tesislere-sahip-essiz-bir-proje\/\" class=\"w-grid-item-anchor\" aria-label=\"M\u00fckemmel tesislere sahip e\u015fsiz bir proje\"><\/a>\r\n\t\t\t\t\t\t<div class=\"w-post-elm post_image usg_post_image_1 stretched\"><img loading=\"lazy\" decoding=\"async\" width=\"1024\" height=\"576\" src=\"https:\/\/intime-cyprus.com\/wp-content\/uploads\/2022\/11\/5-1024x576.jpg\" class=\"attachment-large size-large wp-post-image\" alt=\"\" srcset=\"https:\/\/intime-cyprus.com\/wp-content\/uploads\/2022\/11\/5-1024x576.jpg 1024w, https:\/\/intime-cyprus.com\/wp-content\/uploads\/2022\/11\/5-300x169.jpg 300w, https:\/\/intime-cyprus.com\/wp-content\/uploads\/2022\/11\/5.jpg 1440w\" sizes=\"auto, (max-width: 1024px) 100vw, 1024px\"><\/div><div class=\"w-vwrapper usg_vwrapper_1 align_none valign_top\"><h2 class=\"w-post-elm post_title usg_post_title_1 has_text_color entry-title color_link_inherit\">M\u00fckemmel tesislere sahip e\u015fsiz bir proje<\/h2><\/div>\t\t<\/div>\r\n\t\t\t<\/article>\r\n\t<article class=\"w-grid-item size_1x1 post-8757 us_portfolio type-us_portfolio status-publish has-post-thumbnail hentry\" data-id=\"8757\">\r\n\t\t<div class=\"w-grid-item-h\">\r\n\t\t\t\t\t\t\t<a href=\"https:\/\/intime-cyprus.com\/tr\/portfolio\/kuzey-kibrista-luks-proje\/\" class=\"w-grid-item-anchor\" aria-label=\"Kuzey K\u0131br\u0131s&#8217;ta l\u00fcks proje\"><\/a>\r\n\t\t\t\t\t\t<div class=\"w-post-elm post_image usg_post_image_1 stretched\"><img loading=\"lazy\" decoding=\"async\" width=\"1024\" height=\"562\" src=\"https:\/\/intime-cyprus.com\/wp-content\/uploads\/2022\/11\/6-1024x562.jpg\" class=\"attachment-large size-large wp-post-image\" alt=\"\" srcset=\"https:\/\/intime-cyprus.com\/wp-content\/uploads\/2022\/11\/6-1024x562.jpg 1024w, https:\/\/intime-cyprus.com\/wp-content\/uploads\/2022\/11\/6-300x165.jpg 300w, https:\/\/intime-cyprus.com\/wp-content\/uploads\/2022\/11\/6.jpg 1440w\" sizes=\"auto, (max-width: 1024px) 100vw, 1024px\"><\/div><div class=\"w-vwrapper usg_vwrapper_1 align_none valign_top\"><h2 class=\"w-post-elm post_title usg_post_title_1 has_text_color entry-title color_link_inherit\">Kuzey K\u0131br\u0131s&#8217;ta l\u00fcks proje<\/h2><\/div>\t\t<\/div>\r\n\t\t\t<\/article>\r\n<\/div>\t<div class=\"w-grid-preloader\">\r\n\t\t<div class=\"g-preloader type_1\">\r\n\t\t\t<div><\/div>\r\n\t\t<\/div>\r\n\t<\/div>\r\n\t\t\t\t<div class=\"g-loadmore \">\r\n\t\t\t\t<div class=\"g-preloader type_1\">\r\n\t\t\t\t\t<div><\/div>\r\n\t\t\t\t<\/div>\r\n\t\t\t\t<button class=\"w-btn us-btn-style_1\">\r\n\t\t\t\t\t<span class=\"w-btn-label\">\u067e\u0631\u0648\u0698\u0647 \u0647\u0627\u06cc \u0628\u06cc\u0634\u062a\u0631<\/span>\r\n\t\t\t\t<\/button>\r\n\t\t\t<\/div>\r\n\t\t\t\t<div class=\"w-grid-json hidden\" onclick='return {&quot;action&quot;:&quot;us_ajax_grid&quot;,&quot;infinite_scroll&quot;:0,&quot;max_num_pages&quot;:6,&quot;pagination&quot;:&quot;ajax&quot;,&quot;template_vars&quot;:{&quot;columns&quot;:&quot;4&quot;,&quot;exclude_items&quot;:&quot;none&quot;,&quot;img_size&quot;:&quot;default&quot;,&quot;ignore_items_size&quot;:0,&quot;items_layout&quot;:&quot;portfolio_2&quot;,&quot;items_offset&quot;:&quot;1&quot;,&quot;load_animation&quot;:&quot;none&quot;,&quot;overriding_link&quot;:&quot;%7B%22type%22%3A%22post%22%7D&quot;,&quot;post_id&quot;:0,&quot;query_args&quot;:{&quot;post_type&quot;:[&quot;us_portfolio&quot;],&quot;post_status&quot;:[&quot;publish&quot;],&quot;posts_per_page&quot;:&quot;8&quot;},&quot;orderby_query_args&quot;:{&quot;orderby&quot;:{&quot;date&quot;:&quot;DESC&quot;}},&quot;type&quot;:&quot;grid&quot;,&quot;us_grid_post_type&quot;:&quot;us_portfolio&quot;,&quot;us_grid_ajax_index&quot;:1,&quot;us_grid_filter_query_string&quot;:null,&quot;us_grid_index&quot;:1,&quot;page_args&quot;:[],&quot;lang&quot;:&quot;tr&quot;}}'><\/div>\r\n\t<\/div><\/div><\/div><\/div><\/div><\/section>\n","protected":false},"excerpt":{"rendered":"70 bin pound dan ba\u015flayan fiyatlarla L\u00fcks villa ve apartman projesi Bu e\u015fsiz proje \u00fc\u00e7 farkl\u0131 tipten olu\u015fmakta ve 3 yatak odal\u0131 villalar, st\u00fcdyo penthouselar ve bah\u00e7eli daireler i\u00e7ermektedir. Bu projenin \u00f6zel olanaklar\u0131, konaklama ve iyi vakit ge\u00e7irme ko\u015fullar\u0131 sa\u011flam\u0131\u015ft\u0131r. Kuzey K\u0131br\u0131s Villa, Daire Yeni ve l\u00fcks bir ya\u015fam\u0131 deneyimlemek i\u00e7in e\u015fsiz bir f\u0131rsat Harika...","protected":false},"author":2,"featured_media":0,"parent":0,"menu_order":0,"comment_status":"closed","ping_status":"closed","template":"","meta":{"_joinchat":[],"footnotes":""},"class_list":["post-8660","page","type-page","status-publish","hentry"],"_links":{"self":[{"href":"https:\/\/intime-cyprus.com\/tr\/wp-json\/wp\/v2\/pages\/8660","targetHints":{"allow":["GET"]}}],"collection":[{"href":"https:\/\/intime-cyprus.com\/tr\/wp-json\/wp\/v2\/pages"}],"about":[{"href":"https:\/\/intime-cyprus.com\/tr\/wp-json\/wp\/v2\/types\/page"}],"author":[{"embeddable":true,"href":"https:\/\/intime-cyprus.com\/tr\/wp-json\/wp\/v2\/users\/2"}],"replies":[{"embeddable":true,"href":"https:\/\/intime-cyprus.com\/tr\/wp-json\/wp\/v2\/comments?post=8660"}],"version-history":[{"count":0,"href":"https:\/\/intime-cyprus.com\/tr\/wp-json\/wp\/v2\/pages\/8660\/revisions"}],"wp:attachment":[{"href":"https:\/\/intime-cyprus.com\/tr\/wp-json\/wp\/v2\/media?parent=8660"}],"curies":[{"name":"wp","href":"https:\/\/api.w.org\/{rel}","templated":true}]}}