{"id":8666,"date":"2022-02-23T08:47:15","date_gmt":"2022-02-23T05:17:15","guid":{"rendered":"https:\/\/intime-cyprus.com\/?page_id=8666"},"modified":"2025-06-07T15:05:02","modified_gmt":"2025-06-07T11:35:02","slug":"kuzey-kibrista-egitim","status":"publish","type":"page","link":"https:\/\/intime-cyprus.com\/tr\/kuzey-kibrista-egitim\/","title":{"rendered":"Kuzey K\u0131br\u0131s&#8217;ta E\u011fitim"},"content":{"rendered":"<section class=\"l-section wpb_row height_huge color_primary with_img parallax_ver\"><div class=\"l-section-img\" role=\"img\" aria-label=\"\u0641\u0627\u0631\u063a \u0627\u0644\u062a\u062d\u0635\u06cc\u0644\u0627\u0646 \u062f\u0627\u0646\u0634\u06af\u0627\u0647 \u0642\u0628\u0631\u0633 \u0634\u0645\u0627\u0644\u06cc\" data-img-width=\"1920\" data-img-height=\"1080\" style=\"background-image: url(https:\/\/intime-cyprus.com\/wp-content\/uploads\/2022\/02\/education-1.jpg);background-position: top center;\"><\/div><div class=\"l-section-overlay\" style=\"background:rgba(36,38,45,0.50)\"><\/div><div class=\"l-section-h i-cf\"><div class=\"g-cols vc_row via_grid cols_1 laptops-cols_inherit tablets-cols_inherit mobiles-cols_1 valign_middle type_default stacking_default\"><div class=\"wpb_column vc_column_container\"><div class=\"vc_column-inner\"><div class=\"w-separator size_small\"><\/div><h2 class=\"w-post-elm post_title us_custom_6df4bc3a has_text_color align_center entry-title color_link_inherit\">Kuzey K\u0131br\u0131s&#8217;ta E\u011fitim<\/h2><div class=\"w-separator size_small\"><\/div><\/div><\/div><\/div><\/div><\/section><section class=\"l-section wpb_row height_medium\" id=\"about\"><div class=\"l-section-overlay\" style=\"background:#f5f5f5\"><\/div><div class=\"l-section-h i-cf\"><div class=\"g-cols vc_row via_grid cols_2 laptops-cols_inherit tablets-cols_inherit mobiles-cols_1 valign_top type_default stacking_default\"><div class=\"wpb_column vc_column_container\"><div class=\"vc_column-inner\"><h2 class=\"w-text us_custom_f8cd2031 has_text_color\"><span class=\"w-text-h\"><span class=\"w-text-value\">Kuzey K\u0131br\u0131s&#8217;ta ideal e\u011fitim ko\u015fullar\u0131<\/span><\/span><\/h2><div class=\"wpb_text_column\"><div class=\"wpb_wrapper\"><p>Kuzey K\u0131br\u0131s, her y\u0131l t\u00fcm \u00fclkelerden \u00e7ok say\u0131da \u00f6\u011frenci kabul eden bir\u00e7ok prestijli \u00fcniversiteye sahiptir. T\u00fcm Kuzey K\u0131br\u0131s \u00fcniversitelerinin uluslararas\u0131 s\u0131ralamalar\u0131 y\u00fcksektir. Bu nedenle, bu \u00fclke bir \u00f6\u011frenci \u00fclkesi ve okumak isteyenler i\u00e7in bir destinasyon olarak bilinir.<\/p>\n<p>Kuzey K\u0131br\u0131s&#8217;ta e\u011fitim alman\u0131n en \u00f6nemli avantajlar\u0131ndan biri e\u011fitim ve ya\u015fam maliyetlerinin d\u00fc\u015f\u00fck olmas\u0131d\u0131r. Ayr\u0131ca, \u0130ranl\u0131lar i\u00e7in vize zorunlulu\u011funun olmamas\u0131, Ekim ve \u015eubat&#8217;\u0131n iki d\u00f6neminde her y\u0131l bir\u00e7ok \u00f6\u011frencinin \u00fcniversite e\u011fitimine ba\u015flamak veya devam etmek i\u00e7in Kuzey K\u0131br\u0131s&#8217;a gelmesinin nedenidir.<\/p>\n<\/div><\/div><div class=\"w-btn-wrapper align_none\"><a class=\"w-btn us-btn-style_1\" title=\"\u062a\u0645\u0627\u0633 \u0628\u0627 \u0645\u0627\" href=\"https:\/\/intime-cyprus.com\/\u062a\u0645\u0627\u0633-\u0628\u0627-\u0645\u0627\/\"><span class=\"w-btn-label\">Tavsiye al<\/span><\/a><\/div><\/div><\/div><div class=\"wpb_column vc_column_container\"><div class=\"vc_column-inner\"><div class=\"w-image align_none\"><div class=\"w-image-h\"><img decoding=\"async\" width=\"798\" height=\"410\" src=\"https:\/\/intime-cyprus.com\/wp-content\/uploads\/2022\/02\/shutterstock_218151238-e1645640852651.jpg\" class=\"attachment-full size-full\" alt=\"\" loading=\"lazy\" srcset=\"https:\/\/intime-cyprus.com\/wp-content\/uploads\/2022\/02\/shutterstock_218151238-e1645640852651.jpg 798w, https:\/\/intime-cyprus.com\/wp-content\/uploads\/2022\/02\/shutterstock_218151238-e1645640852651-300x154.jpg 300w\" sizes=\"auto, (max-width: 798px) 100vw, 798px\"><\/div><\/div><\/div><\/div><\/div><\/div><\/section><section class=\"l-section wpb_row height_medium\"><div class=\"l-section-h i-cf\"><div class=\"g-cols vc_row via_grid cols_2 laptops-cols_inherit tablets-cols_inherit mobiles-cols_1 valign_top type_default reversed stacking_default\"><div class=\"wpb_column vc_column_container\"><div class=\"vc_column-inner\"><div class=\"w-image align_none\"><div class=\"w-image-h\"><img decoding=\"async\" width=\"741\" height=\"403\" src=\"https:\/\/intime-cyprus.com\/wp-content\/uploads\/2022\/02\/Eastern-Mediterranean-University-750x450-1-e1645641315391.jpg\" class=\"attachment-full size-full\" alt=\"\u062f\u0627\u0646\u0634\u06af\u0627\u0647 Eastern Mediterranean University \u0642\u0628\u0631\u0633 \u0634\u0645\u0627\u0644\u06cc\" loading=\"lazy\" srcset=\"https:\/\/intime-cyprus.com\/wp-content\/uploads\/2022\/02\/Eastern-Mediterranean-University-750x450-1-e1645641315391.jpg 741w, https:\/\/intime-cyprus.com\/wp-content\/uploads\/2022\/02\/Eastern-Mediterranean-University-750x450-1-e1645641315391-300x163.jpg 300w\" sizes=\"auto, (max-width: 741px) 100vw, 741px\" \/><\/div><\/div><\/div><\/div><div class=\"wpb_column vc_column_container\"><div class=\"vc_column-inner\"><h2 class=\"w-text us_custom_f8cd2031 has_text_color\"><span class=\"w-text-h\"><span class=\"w-text-value\">Kuzey K\u0131br\u0131s \u00dcniversiteleri<\/span><\/span><\/h2><div class=\"wpb_text_column\"><div class=\"wpb_wrapper\"><p>Kuzey K\u0131br\u0131s&#8217;ta bulunan en prestijli \u00fcniversitelerden biri de Gazima\u011fusa \u015fehrinde bulunan Eastern Mediterranean University&#8217;dir.<br \/>EMU \u00dcniversitesi bilimsel olarak \u00e7ok prestijlidir ve bu \u00fcniversitenin dereceleri \u0130ran Bilim Bakanl\u0131\u011f\u0131 taraf\u0131ndan onaylanm\u0131\u015ft\u0131r.<\/p>\n<p>Cyprus International University (CIU),K\u0131br\u0131s&#8217;\u0131n en prestijli ve \u00fcst d\u00fczey \u00fcniversitelerinden biridir.<br \/>Bu \u00fcniversite \u00f6\u011frenim \u00fccreti a\u00e7\u0131s\u0131ndan bile EMU \u00dcniversitesi&#8217;ne g\u00f6re \u00e7ok daha d\u00fc\u015f\u00fck bir maliyete sahiptir, doktora d\u00fczeyinde bile di\u011fer dereceler gibi %50 bursu dikkate almaktad\u0131r.<\/p>\n<\/div><\/div><div class=\"w-btn-wrapper align_none\"><a class=\"w-btn us-btn-style_1\" title=\"\u062a\u0645\u0627\u0633 \u0628\u0627 \u0645\u0627\" href=\"https:\/\/intime-cyprus.com\/\u062a\u0645\u0627\u0633-\u0628\u0627-\u0645\u0627\/\"><span class=\"w-btn-label\">Tavsiye al<\/span><\/a><\/div><\/div><\/div><\/div><\/div><\/section><section class=\"l-section wpb_row height_medium\"><div class=\"l-section-overlay\" style=\"background:#f5f5f5\"><\/div><div class=\"l-section-h i-cf\"><div class=\"g-cols vc_row via_grid cols_2 laptops-cols_inherit tablets-cols_inherit mobiles-cols_1 valign_top type_default stacking_default\"><div class=\"wpb_column vc_column_container\"><div class=\"vc_column-inner\"><h2 class=\"w-text us_custom_f8cd2031 has_text_color\"><span class=\"w-text-h\"><span class=\"w-text-value\">Alanlar, dereceler ve kabul ko\u015fullar\u0131<\/span><\/span><\/h2><div class=\"wpb_text_column\"><div class=\"wpb_wrapper\"><p>Kuzey K\u0131br\u0131s \u00fcniversitelerinde t\u00fcm pop\u00fcler alanlar her seviyede verilmektedir. K\u0131br\u0131s&#8217;\u0131n prestijli \u00fcniversitelerinde e\u011fitim dili \u0130ngilizce&#8217;dir. Ancak olumlu y\u00f6nlerinden biri, IELTS ve TOEFL sertifikalar\u0131na ihtiya\u00e7 duymamas\u0131d\u0131r.<\/p>\n<p>\u0130ngilizce dil seviyeniz \u00fcniversite taraf\u0131ndan yap\u0131lan bir s\u0131navla belirlenir. S\u0131nav\u0131 ge\u00e7erse \u00f6\u011frenci do\u011frudan \u00f6\u011frenim g\u00f6rd\u00fc\u011f\u00fc yerin fak\u00fcltesine girerek \u00f6\u011frenimine ba\u015flayabilir. Aksi takdirde bir tak\u0131m dil birimlerini ge\u00e7ip istenilen seviyeye ula\u015ft\u0131ktan sonra ders \u00e7al\u0131\u015fmaya ba\u015flayabilecektir.<\/p>\n<\/div><\/div><div class=\"w-btn-wrapper align_none\"><a class=\"w-btn us-btn-style_1\" title=\"\u062a\u0645\u0627\u0633 \u0628\u0627 \u0645\u0627\" href=\"https:\/\/intime-cyprus.com\/\u062a\u0645\u0627\u0633-\u0628\u0627-\u0645\u0627\/\"><span class=\"w-btn-label\">Tavsiye al<\/span><\/a><\/div><\/div><\/div><div class=\"wpb_column vc_column_container\"><div class=\"vc_column-inner\"><div class=\"w-image align_none\"><div class=\"w-image-h\"><img decoding=\"async\" width=\"998\" height=\"510\" src=\"https:\/\/intime-cyprus.com\/wp-content\/uploads\/2022\/02\/shutterstock_298297466-e1645641952781.jpg\" class=\"attachment-full size-full\" alt=\"\u0641\u0627\u0631\u063a \u0627\u0644\u062a\u062d\u0635\u06cc\u0644\u0627\u0646 \u062f\u0627\u0646\u0634\u06af\u0627\u0647 \u0642\u0628\u0631\u0633 \u0634\u0645\u0627\u0644\u06cc\" loading=\"lazy\" srcset=\"https:\/\/intime-cyprus.com\/wp-content\/uploads\/2022\/02\/shutterstock_298297466-e1645641952781.jpg 998w, https:\/\/intime-cyprus.com\/wp-content\/uploads\/2022\/02\/shutterstock_298297466-e1645641952781-300x153.jpg 300w\" sizes=\"auto, (max-width: 998px) 100vw, 998px\" \/><\/div><\/div><\/div><\/div><\/div><\/div><\/section><section class=\"l-section wpb_row height_medium color_alternate\" id=\"benefits\"><div class=\"l-section-overlay\" style=\"background:rgba(12,26,73,0.55)\"><\/div><div class=\"l-section-h i-cf\"><div class=\"g-cols vc_row via_grid cols_1 laptops-cols_inherit tablets-cols_inherit mobiles-cols_1 valign_top type_default stacking_default\"><div class=\"wpb_column vc_column_container\"><div class=\"vc_column-inner\"><div id=\"ultimate-heading-840069d5bc9b61180\" class=\"uvc-heading ult-adjust-bottom-margin ultimate-heading-840069d5bc9b61180 uvc-3879 \" data-hspacer=\"icon_only\"  data-halign=\"center\" style=\"text-align:center\"><div class=\"uvc-main-heading ult-responsive\"  data-ultimate-target='.uvc-heading.ultimate-heading-840069d5bc9b61180 h2'  data-responsive-json-new='{\"font-size\":\"\",\"line-height\":\"\"}' ><h2 style=\"font-weight:bold;color:#ffffff;\">Kuzey K\u0131br\u0131s'ta e\u011fitim alman\u0131n di\u011fer avantajlar\u0131<\/h2><\/div><div class=\"uvc-heading-spacer icon_only\" style=\"top\"><div class=\"ult-just-icon-wrapper  \"><div class=\"align-icon\" style=\"text-align:center;\">\n<div class=\"aio-icon none \"  style=\"color:#d8aa51;font-size:32px;display:inline-block;\">\n\t<i class=\"Defaults-angle-double-down\"><\/i>\n<\/div><\/div><\/div><\/div><\/div><\/div><\/div><div class=\"wpb_column vc_column_container\"><div class=\"vc_column-inner\"><div class=\"w-tabs us_custom_6df4bc3a has_text_color layout_hor style_modern switch_click has_scrolling\" style=\"--sections-title-size:1em\"><div class=\"w-tabs-list items_3 align_justify\"><div class=\"w-tabs-list-h\"><button class=\"w-tabs-item active\" aria-controls=\"content-1619942562164-4dfcca70-0228\" aria-expanded=\"false\"><span class=\"w-tabs-item-title\">\u00d6\u011frenim ve \u00fccretler<\/span><\/button><button class=\"w-tabs-item\" aria-controls=\"content-1619942563545-9d016520-4977\" aria-expanded=\"false\"><span class=\"w-tabs-item-title\">Kuzey K\u0131br\u0131s&#8217;ta e\u011ftitim g\u00f6ren ba\u015fvuranlar\u0131n ailesinin ikamet\u0131<\/span><\/button><button class=\"w-tabs-item\" aria-controls=\"content-1619942564949-f3143a3c-2aa1\" aria-expanded=\"false\"><span class=\"w-tabs-item-title\">Ka\u00e7\u0131r\u0131lmamas\u0131 gereken bir f\u0131rsat!<\/span><\/button><\/div><\/div><div class=\"w-tabs-sections titles-align_none icon_chevron cpos_right\"><div class=\"w-tabs-section active has_text_color\" id=\"1619942562164-4dfcca70-0228\" style=\"background:rgba(51,51,51,0.45);color:#ffffff;\"><button class=\"w-tabs-section-header active\" aria-controls=\"content-1619942562164-4dfcca70-0228\" aria-expanded=\"true\"><div class=\"w-tabs-section-title\">\u00d6\u011frenim ve \u00fccretler<\/div><div class=\"w-tabs-section-control\"><\/div><\/button><div  class=\"w-tabs-section-content\" id=\"content-1619942562164-4dfcca70-0228\"><div class=\"w-tabs-section-content-h i-cf\"><div class=\"g-cols wpb_row us_custom_38ec8cf5 via_grid cols_2 laptops-cols_inherit tablets-cols_inherit mobiles-cols_1 valign_middle type_default stacking_default\" style=\"--columns-gap:3rem;\"><div class=\"wpb_column vc_column_container\"><div class=\"vc_column-inner\"><div class=\"wpb_text_column us_custom_6df4bc3a list-tab has_text_color\"><div class=\"wpb_wrapper\"><p>\u00d6\u011frenim \u00fccretleri her alan ve \u00fcniversiteye g\u00f6re de\u011fi\u015fmektedir. Kolayl\u0131k sa\u011flamak ve en son ko\u015fullar\u0131 \u00f6\u011frenmek i\u00e7in dan\u0131\u015fman\u0131m\u0131zla ileti\u015fime ge\u00e7ebilirsiniz. Asistanl\u0131k, y\u00fcksek lisans ve doktora \u00f6\u011frencilerinin giderlerinin bir k\u0131sm\u0131n\u0131 \u00f6deme yollar\u0131ndan biridir.<\/p>\n<p>Ayr\u0131ca, Kuzey K\u0131br\u0131s&#8217;ta bir doktora derecesinin maliyetinin \u0130ran&#8217;daki ayn\u0131 dereceye g\u00f6re \u00e7ok daha makul oldu\u011funu s\u00f6yleye biliriz.<\/p>\n<\/div><\/div><div class=\"w-btn-wrapper align_none\"><a class=\"w-btn us-btn-style_1\" title=\"\u062a\u0645\u0627\u0633 \u0628\u0627 \u0645\u0627\" href=\"https:\/\/intime-cyprus.com\/\u062a\u0645\u0627\u0633-\u0628\u0627-\u0645\u0627\/\"><span class=\"w-btn-label\">Tavsiye al<\/span><\/a><\/div><\/div><\/div><div class=\"wpb_column vc_column_container\"><div class=\"vc_column-inner\"><div class=\"w-image align_center\"><div class=\"w-image-h\"><img decoding=\"async\" width=\"997\" height=\"490\" src=\"https:\/\/intime-cyprus.com\/wp-content\/uploads\/2022\/02\/How-Much-Money-Does-It-Take-To--e1645643450819.jpg\" class=\"attachment-full size-full\" alt=\"\u0645\u062d\u0627\u0633\u0628\u0647 \u0634\u0647\u0631\u06cc\u0647 \u062f\u0627\u0646\u0634\u06af\u0627\u0647 \u0642\u0628\u0631\u0633 \u0628\u0627 \u0645\u0627\u0634\u06cc\u0646 \u062d\u0633\u0627\u0628\" loading=\"lazy\" srcset=\"https:\/\/intime-cyprus.com\/wp-content\/uploads\/2022\/02\/How-Much-Money-Does-It-Take-To--e1645643450819.jpg 997w, https:\/\/intime-cyprus.com\/wp-content\/uploads\/2022\/02\/How-Much-Money-Does-It-Take-To--e1645643450819-300x147.jpg 300w\" sizes=\"auto, (max-width: 997px) 100vw, 997px\" \/><\/div><\/div><\/div><\/div><\/div><div class=\"w-separator size_medium\"><\/div><\/div><\/div><\/div><div class=\"w-tabs-section has_text_color\" id=\"1619942563545-9d016520-4977\" style=\"background:rgba(51,51,51,0.45);color:#ffffff;\"><button class=\"w-tabs-section-header\" aria-controls=\"content-1619942563545-9d016520-4977\" aria-expanded=\"false\"><div class=\"w-tabs-section-title\">Kuzey K\u0131br\u0131s&#8217;ta e\u011ftitim g\u00f6ren ba\u015fvuranlar\u0131n ailesinin ikamet\u0131<\/div><div class=\"w-tabs-section-control\"><\/div><\/button><div  class=\"w-tabs-section-content\" id=\"content-1619942563545-9d016520-4977\"><div class=\"w-tabs-section-content-h i-cf\"><div class=\"g-cols wpb_row us_custom_38ec8cf5 via_grid cols_2 laptops-cols_inherit tablets-cols_inherit mobiles-cols_1 valign_middle type_default stacking_default\" style=\"--columns-gap:3rem;\"><div class=\"wpb_column vc_column_container\"><div class=\"vc_column-inner\"><div class=\"wpb_text_column list-tab\"><div class=\"wpb_wrapper\"><p style=\"color: white;\">K\u0131br\u0131s G\u00f6\u00e7menlik Dairesi kurallar\u0131na g\u00f6re birinci s\u0131n\u0131f \u00f6\u011frencilerin aileleri, ebeveynleri ile diledikleri kadar kalabilirler ve herhangi bir k\u0131s\u0131tlama yoktur.<\/p>\n<\/div><\/div><div class=\"w-btn-wrapper align_none\"><a class=\"w-btn us-btn-style_1\" title=\"\u062a\u0645\u0627\u0633 \u0628\u0627 \u0645\u0627\" href=\"https:\/\/intime-cyprus.com\/\u062a\u0645\u0627\u0633-\u0628\u0627-\u0645\u0627\/\"><span class=\"w-btn-label\">Tavsiye al<\/span><\/a><\/div><\/div><\/div><div class=\"wpb_column vc_column_container\"><div class=\"vc_column-inner\"><div class=\"w-image align_center\"><div class=\"w-image-h\"><img decoding=\"async\" width=\"903\" height=\"431\" src=\"https:\/\/intime-cyprus.com\/wp-content\/uploads\/2022\/02\/banner-permits-e1645642794768.jpg\" class=\"attachment-full size-full\" alt=\"\" loading=\"lazy\" srcset=\"https:\/\/intime-cyprus.com\/wp-content\/uploads\/2022\/02\/banner-permits-e1645642794768.jpg 903w, https:\/\/intime-cyprus.com\/wp-content\/uploads\/2022\/02\/banner-permits-e1645642794768-300x143.jpg 300w\" sizes=\"auto, (max-width: 903px) 100vw, 903px\"><\/div><\/div><\/div><\/div><\/div><div class=\"w-separator size_medium\"><\/div><\/div><\/div><\/div><div class=\"w-tabs-section has_text_color\" id=\"1619942564949-f3143a3c-2aa1\" style=\"background:rgba(51,51,51,0.45);color:#ffffff;\"><button class=\"w-tabs-section-header\" aria-controls=\"content-1619942564949-f3143a3c-2aa1\" aria-expanded=\"false\"><div class=\"w-tabs-section-title\">Ka\u00e7\u0131r\u0131lmamas\u0131 gereken bir f\u0131rsat!<\/div><div class=\"w-tabs-section-control\"><\/div><\/button><div  class=\"w-tabs-section-content\" id=\"content-1619942564949-f3143a3c-2aa1\"><div class=\"w-tabs-section-content-h i-cf\"><div class=\"g-cols wpb_row us_custom_38ec8cf5 via_grid cols_2 laptops-cols_inherit tablets-cols_inherit mobiles-cols_1 valign_middle type_default stacking_default\" style=\"--columns-gap:3rem;\"><div class=\"wpb_column vc_column_container\"><div class=\"vc_column-inner\"><div class=\"wpb_text_column list-tab\"><div class=\"wpb_wrapper\"><p>Okumak i\u00e7in uygun bir yer ve iyi bir \u00fcniversite mi ar\u0131yorsunuz?<\/p>\n<p>Kuzey K\u0131br\u0131s&#8217;ta 8 uluslararas\u0131 \u00fcniversite ve d\u00fcnyan\u0131n farkl\u0131 yerlerinden bu b\u00f6lgeye gelen 40.000&#8217;den fazla \u00f6\u011frenci bulunmaktad\u0131r.<\/p>\n<p>Do\u011fu Akdeniz \u00dcniversitesi ve Uluslararas\u0131 K\u0131br\u0131s \u00dcniversitesi, Kuzey K\u0131br\u0131s&#8217;taki iki \u00f6nemli ve taninan \u00fcniversitedir ki bir\u00e7ok ki\u015fi bu iki \u00fcniversitede okumak i\u00e7in bu adaya gelmektedir.<\/p>\n<\/div><\/div><div class=\"w-btn-wrapper align_none\"><a class=\"w-btn us-btn-style_1\" title=\"\u062a\u0645\u0627\u0633 \u0628\u0627 \u0645\u0627\" href=\"https:\/\/intime-cyprus.com\/\u062a\u0645\u0627\u0633-\u0628\u0627-\u0645\u0627\/\"><span class=\"w-btn-label\">Tavsiye al<\/span><\/a><\/div><\/div><\/div><div class=\"wpb_column vc_column_container\"><div class=\"vc_column-inner\"><div class=\"w-image align_center\"><div class=\"w-image-h\"><img decoding=\"async\" width=\"1048\" height=\"564\" src=\"https:\/\/intime-cyprus.com\/wp-content\/uploads\/2022\/02\/Depositphotos_8963151_l-2015-Custom-e1645643263680.jpg\" class=\"attachment-full size-full\" alt=\"\" loading=\"lazy\" srcset=\"https:\/\/intime-cyprus.com\/wp-content\/uploads\/2022\/02\/Depositphotos_8963151_l-2015-Custom-e1645643263680.jpg 1048w, https:\/\/intime-cyprus.com\/wp-content\/uploads\/2022\/02\/Depositphotos_8963151_l-2015-Custom-e1645643263680-300x161.jpg 300w, https:\/\/intime-cyprus.com\/wp-content\/uploads\/2022\/02\/Depositphotos_8963151_l-2015-Custom-e1645643263680-1024x551.jpg 1024w\" sizes=\"auto, (max-width: 1048px) 100vw, 1048px\"><\/div><\/div><\/div><\/div><\/div><div class=\"w-separator size_medium\"><\/div><\/div><\/div><\/div><\/div><\/div><\/div><\/div><\/div><\/div><\/section><div class=\"wpb_column vc_column_container\"><div class=\"vc_column-inner\"><\/div><\/div>\n","protected":false},"excerpt":{"rendered":"Kuzey K\u0131br\u0131s&#8217;ta E\u011fitimKuzey K\u0131br\u0131s&#8217;ta ideal e\u011fitim ko\u015fullar\u0131Kuzey K\u0131br\u0131s, her y\u0131l t\u00fcm \u00fclkelerden \u00e7ok say\u0131da \u00f6\u011frenci kabul eden bir\u00e7ok prestijli \u00fcniversiteye sahiptir. T\u00fcm Kuzey K\u0131br\u0131s \u00fcniversitelerinin uluslararas\u0131 s\u0131ralamalar\u0131 y\u00fcksektir. Bu nedenle, bu \u00fclke bir \u00f6\u011frenci \u00fclkesi ve okumak isteyenler i\u00e7in bir destinasyon olarak bilinir. Kuzey K\u0131br\u0131s&#8217;ta e\u011fitim alman\u0131n en \u00f6nemli avantajlar\u0131ndan biri e\u011fitim ve ya\u015fam maliyetlerinin...","protected":false},"author":2,"featured_media":0,"parent":0,"menu_order":0,"comment_status":"closed","ping_status":"closed","template":"","meta":{"_joinchat":[],"footnotes":""},"class_list":["post-8666","page","type-page","status-publish","hentry"],"_links":{"self":[{"href":"https:\/\/intime-cyprus.com\/tr\/wp-json\/wp\/v2\/pages\/8666","targetHints":{"allow":["GET"]}}],"collection":[{"href":"https:\/\/intime-cyprus.com\/tr\/wp-json\/wp\/v2\/pages"}],"about":[{"href":"https:\/\/intime-cyprus.com\/tr\/wp-json\/wp\/v2\/types\/page"}],"author":[{"embeddable":true,"href":"https:\/\/intime-cyprus.com\/tr\/wp-json\/wp\/v2\/users\/2"}],"replies":[{"embeddable":true,"href":"https:\/\/intime-cyprus.com\/tr\/wp-json\/wp\/v2\/comments?post=8666"}],"version-history":[{"count":2,"href":"https:\/\/intime-cyprus.com\/tr\/wp-json\/wp\/v2\/pages\/8666\/revisions"}],"predecessor-version":[{"id":24743,"href":"https:\/\/intime-cyprus.com\/tr\/wp-json\/wp\/v2\/pages\/8666\/revisions\/24743"}],"wp:attachment":[{"href":"https:\/\/intime-cyprus.com\/tr\/wp-json\/wp\/v2\/media?parent=8666"}],"curies":[{"name":"wp","href":"https:\/\/api.w.org\/{rel}","templated":true}]}}