{"id":8669,"date":"2021-04-26T15:58:19","date_gmt":"2021-04-26T11:28:19","guid":{"rendered":"https:\/\/intime-cyprus.com\/?page_id=8669"},"modified":"2025-06-07T15:00:08","modified_gmt":"2025-06-07T11:30:08","slug":"bize-ulasin","status":"publish","type":"page","link":"https:\/\/intime-cyprus.com\/tr\/bize-ulasin\/","title":{"rendered":"Bize Ula\u015f\u0131n"},"content":{"rendered":"<section class=\"l-section wpb_row height_huge color_secondary with_img parallax_ver\"><div class=\"l-section-img\" role=\"img\" aria-label=\"\u0634\u0631\u06a9\u062a \u0633\u0631\u0645\u0627\u06cc\u0647 \u06af\u0630\u0627\u0631\u06cc \u0647\u0627\u0628\" data-img-width=\"1920\" data-img-height=\"880\" style=\"background-image: url(https:\/\/intime-cyprus.com\/wp-content\/uploads\/2021\/04\/hub-property-about-us.jpg);background-position: top center;\"><\/div><div class=\"l-section-overlay\" style=\"background:rgba(36,38,45,0.50)\"><\/div><div class=\"l-section-h i-cf\"><div class=\"g-cols vc_row via_grid cols_1 laptops-cols_inherit tablets-cols_inherit mobiles-cols_1 valign_top type_default stacking_default\"><div class=\"wpb_column vc_column_container\"><div class=\"vc_column-inner\"><h2 class=\"w-post-elm post_title align_center entry-title color_link_inherit\">Bize Ula\u015f\u0131n<\/h2><\/div><\/div><\/div><\/div><\/section><section class=\"l-section wpb_row us_custom_58b72039 height_medium\"><div class=\"l-section-h i-cf\"><div class=\"g-cols vc_row via_grid cols_3 laptops-cols_inherit tablets-cols_inherit mobiles-cols_1 valign_top type_default stacking_default\" style=\"--columns-gap:4.5rem;\"><div class=\"wpb_column vc_column_container us_custom_46196fac has_bg_color\"><div class=\"vc_column-inner\"><div class=\"w-iconbox us_custom_1e0e9307 iconpos_top style_default color_primary align_center no_text\"><a href=\"tel:00905391171172\" class=\"w-iconbox-link\" aria-label=\"+90 (539) 117 11 72\"><div class=\"w-iconbox-icon\" style=\"font-size:2rem;\"><i class=\"fas fa-phone\"><\/i><\/div><\/a><div class=\"w-iconbox-meta\"><p class=\"w-iconbox-title\"><a href=\"tel:00905391171172\" class=\"w-iconbox-link\" aria-label=\"+90 (539) 117 11 72\">+90 (539) 117 11 72<\/a><\/p><\/div><\/div><\/div><\/div><div class=\"wpb_column vc_column_container us_custom_46196fac has_bg_color\"><div class=\"vc_column-inner\"><div class=\"w-iconbox us_custom_1e0e9307 iconpos_top style_default color_primary align_center no_text\"><a href=\"mailto:info@intime-cyprus.com\" class=\"w-iconbox-link\" aria-label=\"info@intime-cyprus.com\"><div class=\"w-iconbox-icon\" style=\"font-size:2rem;\"><i class=\"fas fa-envelope\"><\/i><\/div><\/a><div class=\"w-iconbox-meta\"><p class=\"w-iconbox-title\"><a href=\"mailto:info@intime-cyprus.com\" class=\"w-iconbox-link\" aria-label=\"info@intime-cyprus.com\">info@intime-cyprus.com<\/a><\/p><\/div><\/div><\/div><\/div><div class=\"wpb_column vc_column_container us_custom_46196fac has_bg_color\"><div class=\"vc_column-inner\"><div class=\"w-iconbox us_custom_1e0e9307 iconpos_top style_default color_primary align_center no_text\"><div class=\"w-iconbox-icon\" style=\"font-size:2rem;\"><i class=\"fas fa-location-arrow\"><\/i><\/div><div class=\"w-iconbox-meta\"><p class=\"w-iconbox-title\">Yeni Bo\u011fazi\u00e7i, Salamis Yolu, Muharrem D\u00f6ve\u00e7 Plaza, D\u00fckkan 8<\/p><\/div><\/div><\/div><\/div><\/div><\/div><\/section><section class=\"l-section wpb_row height_medium\"><div class=\"l-section-h i-cf\"><div class=\"g-cols vc_row via_grid cols_2 laptops-cols_inherit tablets-cols_inherit mobiles-cols_1 valign_middle type_default stacking_default\" style=\"--columns-gap:4.5rem;\"><div class=\"wpb_column vc_column_container\"><div class=\"vc_column-inner\"><div class=\"g-cols wpb_row us_custom_3b9c0e4b via_grid cols_1 laptops-cols_inherit tablets-cols_inherit mobiles-cols_1 valign_top type_default stacking_default\" style=\"--columns-gap:3rem;\"><div class=\"wpb_column vc_column_container us_custom_f1870e9f\"><div class=\"vc_column-inner\"><div class=\"w-separator size_medium\"><\/div><div id=\"ultimate-heading-966269de75c78e1cb\" class=\"uvc-heading ult-adjust-bottom-margin ultimate-heading-966269de75c78e1cb uvc-1677 \" data-hspacer=\"no_spacer\"  data-halign=\"center\" style=\"text-align:center\"><div class=\"uvc-heading-spacer no_spacer\" style=\"top\"><\/div><div class=\"uvc-main-heading ult-responsive\"  data-ultimate-target='.uvc-heading.ultimate-heading-966269de75c78e1cb p'  data-responsive-json-new='{\"font-size\":\"\",\"line-height\":\"\"}' ><p style=\"font-weight:normal;\">Hayalinizdeki eve sahip olmak i\u00e7in asla ge\u00e7 kalmadiniz.<\/p><\/div><\/div><script>\nvar gform;gform||(document.addEventListener(\"gform_main_scripts_loaded\",function(){gform.scriptsLoaded=!0}),document.addEventListener(\"gform\/theme\/scripts_loaded\",function(){gform.themeScriptsLoaded=!0}),window.addEventListener(\"DOMContentLoaded\",function(){gform.domLoaded=!0}),gform={domLoaded:!1,scriptsLoaded:!1,themeScriptsLoaded:!1,isFormEditor:()=>\"function\"==typeof InitializeEditor,callIfLoaded:function(o){return!(!gform.domLoaded||!gform.scriptsLoaded||!gform.themeScriptsLoaded&&!gform.isFormEditor()||(gform.isFormEditor()&&console.warn(\"The use of gform.initializeOnLoaded() is deprecated in the form editor context and will be removed in Gravity Forms 3.1.\"),o(),0))},initializeOnLoaded:function(o){gform.callIfLoaded(o)||(document.addEventListener(\"gform_main_scripts_loaded\",()=>{gform.scriptsLoaded=!0,gform.callIfLoaded(o)}),document.addEventListener(\"gform\/theme\/scripts_loaded\",()=>{gform.themeScriptsLoaded=!0,gform.callIfLoaded(o)}),window.addEventListener(\"DOMContentLoaded\",()=>{gform.domLoaded=!0,gform.callIfLoaded(o)}))},hooks:{action:{},filter:{}},addAction:function(o,r,e,t){gform.addHook(\"action\",o,r,e,t)},addFilter:function(o,r,e,t){gform.addHook(\"filter\",o,r,e,t)},doAction:function(o){gform.doHook(\"action\",o,arguments)},applyFilters:function(o){return gform.doHook(\"filter\",o,arguments)},removeAction:function(o,r){gform.removeHook(\"action\",o,r)},removeFilter:function(o,r,e){gform.removeHook(\"filter\",o,r,e)},addHook:function(o,r,e,t,n){null==gform.hooks[o][r]&&(gform.hooks[o][r]=[]);var d=gform.hooks[o][r];null==n&&(n=r+\"_\"+d.length),gform.hooks[o][r].push({tag:n,callable:e,priority:t=null==t?10:t})},doHook:function(r,o,e){var t;if(e=Array.prototype.slice.call(e,1),null!=gform.hooks[r][o]&&((o=gform.hooks[r][o]).sort(function(o,r){return o.priority-r.priority}),o.forEach(function(o){\"function\"!=typeof(t=o.callable)&&(t=window[t]),\"action\"==r?t.apply(null,e):e[0]=t.apply(null,e)})),\"filter\"==r)return e[0]},removeHook:function(o,r,t,n){var e;null!=gform.hooks[o][r]&&(e=(e=gform.hooks[o][r]).filter(function(o,r,e){return!!(null!=n&&n!=o.tag||null!=t&&t!=o.priority)}),gform.hooks[o][r]=e)}});\n<\/script>\n\n                <div class='gf_browser_gecko gform_wrapper gform_legacy_markup_wrapper gform-theme--no-framework' data-form-theme='legacy' data-form-index='0' id='gform_wrapper_14' ><div id='gf_14' class='gform_anchor' tabindex='-1'><\/div><form method='post' enctype='multipart\/form-data' target='gform_ajax_frame_14' id='gform_14'  action='\/tr\/wp-json\/wp\/v2\/pages\/8669#gf_14' data-formid='14' novalidate>\n                        <div class='gform-body gform_body'><ul id='gform_fields_14' class='gform_fields top_label form_sublabel_below description_below validation_below'><li id=\"field_14_1\" class=\"gfield gfield--type-text gf_right_half gfield_contains_required field_sublabel_below gfield--no-description field_description_below field_validation_below gfield_visibility_visible\"  ><label class='gfield_label gform-field-label' for='input_14_1'>Soyad\u0131<span class=\"gfield_required\"><span class=\"gfield_required gfield_required_asterisk\">*<\/span><\/span><\/label><div class='ginput_container ginput_container_text'><input name='input_1' id='input_14_1' type='text' value='' class='medium'     aria-required=\"true\" aria-invalid=\"false\"   \/><\/div><\/li><li id=\"field_14_5\" class=\"gfield gfield--type-text gf_left_half gfield_contains_required field_sublabel_below gfield--no-description field_description_below field_validation_below gfield_visibility_visible\"  ><label class='gfield_label gform-field-label' for='input_14_5'>ad<span class=\"gfield_required\"><span class=\"gfield_required gfield_required_asterisk\">*<\/span><\/span><\/label><div class='ginput_container ginput_container_text'><input name='input_5' id='input_14_5' type='text' value='' class='medium'     aria-required=\"true\" aria-invalid=\"false\"   \/><\/div><\/li><li id=\"field_14_3\" class=\"gfield gfield--type-phone gf_right_half gfield_contains_required field_sublabel_below gfield--no-description field_description_below field_validation_below gfield_visibility_visible\"  ><label class='gfield_label gform-field-label' for='input_14_3'>Mobil<span class=\"gfield_required\"><span class=\"gfield_required gfield_required_asterisk\">*<\/span><\/span><\/label><div class='ginput_container ginput_container_phone'><input name='input_3' id='input_14_3' type='tel' value='' class='medium'   aria-required=\"true\" aria-invalid=\"false\"   \/><\/div><\/li><li id=\"field_14_6\" class=\"gfield gfield--type-email gf_left_half gfield_contains_required field_sublabel_below gfield--no-description field_description_below field_validation_below gfield_visibility_visible\"  ><label class='gfield_label gform-field-label' for='input_14_6'>E-posta<span class=\"gfield_required\"><span class=\"gfield_required gfield_required_asterisk\">*<\/span><\/span><\/label><div class='ginput_container ginput_container_email'>\n                            <input name='input_6' id='input_14_6' type='email' value='' class='medium'    aria-required=\"true\" aria-invalid=\"false\"  \/>\n                        <\/div><\/li><li id=\"field_14_4\" class=\"gfield gfield--type-textarea field_sublabel_below gfield--no-description field_description_below field_validation_below gfield_visibility_visible\"  ><label class='gfield_label gform-field-label' for='input_14_4'>Tan\u0131m<\/label><div class='ginput_container ginput_container_textarea'><textarea name='input_4' id='input_14_4' class='textarea medium'      aria-invalid=\"false\"   rows='10' cols='50'><\/textarea><\/div><\/li><li id=\"field_14_8\" class=\"gfield gfield--type-hidden gfield--width-full gform_hidden field_sublabel_below gfield--no-description field_description_below field_validation_below gfield_visibility_visible\"  ><div class='ginput_container ginput_container_text'><input name='input_8' id='input_14_8' type='hidden' class='gform_hidden'  aria-invalid=\"false\" value='https:\/\/intime-cyprus.com\/tr\/wp-json\/wp\/v2\/pages\/8669' \/><\/div><\/li><li id=\"field_14_7\" class=\"gfield gfield--type-captcha gfield--width-full field_sublabel_below gfield--no-description field_description_below field_validation_below gfield_visibility_visible\"  ><label class='gfield_label gform-field-label' for='input_14_7'>CAPTCHA<\/label><div id='input_14_7' class='ginput_container ginput_recaptcha' data-sitekey='6LfBtaQhAAAAANrXy_m3Ujyl-LSNURdU17uKLvSW'  data-theme='light' data-tabindex='0'  data-badge=''><\/div><\/li><\/ul><\/div>\n        <div class='gform-footer gform_footer top_label'> <input type='submit' id='gform_submit_button_14' class='gform_button button' onclick='gform.submission.handleButtonClick(this);' data-submission-type='submit' value='G\u00f6ndermek'  \/> <input type='hidden' name='gform_ajax' value='form_id=14&amp;title=&amp;description=&amp;tabindex=0&amp;theme=legacy&amp;styles=[]&amp;hash=a640bb45007bbebb5cfef9c914c55fd3' \/>\n            <input type='hidden' class='gform_hidden' name='gform_submission_method' data-js='gform_submission_method_14' value='iframe' \/>\n            <input type='hidden' class='gform_hidden' name='gform_theme' data-js='gform_theme_14' id='gform_theme_14' value='legacy' \/>\n            <input type='hidden' class='gform_hidden' name='gform_style_settings' data-js='gform_style_settings_14' id='gform_style_settings_14' value='[]' \/>\n            <input type='hidden' class='gform_hidden' name='is_submit_14' value='1' \/>\n            <input type='hidden' class='gform_hidden' name='gform_submit' value='14' \/>\n            \n            <input type='hidden' class='gform_hidden' name='gform_unique_id' value='' \/>\n            <input type='hidden' class='gform_hidden' name='state_14' value='WyJbXSIsImZjZDkwMzU4MTUwNjVkZTZkM2I1Zjg1ZDUwY2EzMTE3Il0=' \/>\n            <input type='hidden' autocomplete='off' class='gform_hidden' name='gform_target_page_number_14' id='gform_target_page_number_14' value='0' \/>\n            <input type='hidden' autocomplete='off' class='gform_hidden' name='gform_source_page_number_14' id='gform_source_page_number_14' value='1' \/>\n            <input type='hidden' name='gform_field_values' value='' \/>\n            \n        <\/div>\n                        <\/form>\n                        <\/div>\n\t\t                <iframe style='display:none;width:0px;height:0px;' src='about:blank' name='gform_ajax_frame_14' id='gform_ajax_frame_14' title='Bu iframe, Ajax destekli Gravity Forms i\u015flemleri i\u00e7in gereken mant\u0131\u011f\u0131 i\u00e7erir.'><\/iframe>\n\t\t                <script>\ngform.initializeOnLoaded( function() {gformInitSpinner( 14, 'https:\/\/intime-cyprus.com\/wp-content\/plugins\/gravityforms\/images\/spinner.svg', true );jQuery('#gform_ajax_frame_14').on('load',function(){var contents = jQuery(this).contents().find('*').html();var is_postback = contents.indexOf('GF_AJAX_POSTBACK') >= 0;if(!is_postback){return;}var form_content = jQuery(this).contents().find('#gform_wrapper_14');var is_confirmation = jQuery(this).contents().find('#gform_confirmation_wrapper_14').length > 0;var is_redirect = contents.indexOf('gformRedirect(){') >= 0;var is_form = form_content.length > 0 && ! is_redirect && ! is_confirmation;var mt = parseInt(jQuery('html').css('margin-top'), 10) + parseInt(jQuery('body').css('margin-top'), 10) + 100;if(is_form){jQuery('#gform_wrapper_14').html(form_content.html());if(form_content.hasClass('gform_validation_error')){jQuery('#gform_wrapper_14').addClass('gform_validation_error');} else {jQuery('#gform_wrapper_14').removeClass('gform_validation_error');}setTimeout( function() { \/* delay the scroll by 50 milliseconds to fix a bug in chrome *\/ jQuery(document).scrollTop(jQuery('#gform_wrapper_14').offset().top - mt); }, 50 );if(window['gformInitDatepicker']) {gformInitDatepicker();}if(window['gformInitPriceFields']) {gformInitPriceFields();}var current_page = jQuery('#gform_source_page_number_14').val();gformInitSpinner( 14, 'https:\/\/intime-cyprus.com\/wp-content\/plugins\/gravityforms\/images\/spinner.svg', true );jQuery(document).trigger('gform_page_loaded', [14, current_page]);window['gf_submitting_14'] = false;}else if(!is_redirect){var confirmation_content = jQuery(this).contents().find('.GF_AJAX_POSTBACK').html();if(!confirmation_content){confirmation_content = contents;}jQuery('#gform_wrapper_14').replaceWith(confirmation_content);jQuery(document).scrollTop(jQuery('#gf_14').offset().top - mt);jQuery(document).trigger('gform_confirmation_loaded', [14]);window['gf_submitting_14'] = false;wp.a11y.speak(jQuery('#gform_confirmation_message_14').text());}else{jQuery('#gform_14').append(contents);if(window['gformRedirect']) {gformRedirect();}}jQuery(document).trigger(\"gform_pre_post_render\", [{ formId: \"14\", currentPage: \"current_page\", abort: function() { this.preventDefault(); } }]);                if (event && event.defaultPrevented) {                return;         }        const gformWrapperDiv = document.getElementById( \"gform_wrapper_14\" );        if ( gformWrapperDiv ) {            const visibilitySpan = document.createElement( \"span\" );            visibilitySpan.id = \"gform_visibility_test_14\";            gformWrapperDiv.insertAdjacentElement( \"afterend\", visibilitySpan );        }        const visibilityTestDiv = document.getElementById( \"gform_visibility_test_14\" );        let postRenderFired = false;                function triggerPostRender() {            if ( postRenderFired ) {                return;            }            postRenderFired = true;            gform.core.triggerPostRenderEvents( 14, current_page );            if ( visibilityTestDiv ) {                visibilityTestDiv.parentNode.removeChild( visibilityTestDiv );            }        }        function debounce( func, wait, immediate ) {            var timeout;            return function() {                var context = this, args = arguments;                var later = function() {                    timeout = null;                    if ( !immediate ) func.apply( context, args );                };                var callNow = immediate && !timeout;                clearTimeout( timeout );                timeout = setTimeout( later, wait );                if ( callNow ) func.apply( context, args );            };        }        const debouncedTriggerPostRender = debounce( function() {            triggerPostRender();        }, 200 );        if ( visibilityTestDiv && visibilityTestDiv.offsetParent === null ) {            const observer = new MutationObserver( ( mutations ) => {                mutations.forEach( ( mutation ) => {                    if ( mutation.type === 'attributes' && visibilityTestDiv.offsetParent !== null ) {                        debouncedTriggerPostRender();                        observer.disconnect();                    }                });            });            observer.observe( document.body, {                attributes: true,                childList: false,                subtree: true,                attributeFilter: [ 'style', 'class' ],            });        } else {            triggerPostRender();        }    } );} );\n<\/script>\n<\/div><\/div><\/div><\/div><\/div><div class=\"wpb_column vc_column_container\"><div class=\"vc_column-inner\"><div id=\"ultimate-heading-691769de75c78f54d\" class=\"uvc-heading ult-adjust-bottom-margin ultimate-heading-691769de75c78f54d uvc-5239 \" data-hspacer=\"no_spacer\"  data-halign=\"left\" style=\"text-align:left\"><div class=\"uvc-heading-spacer no_spacer\" style=\"top\"><\/div><div class=\"uvc-main-heading ult-responsive\"  data-ultimate-target='.uvc-heading.ultimate-heading-691769de75c78f54d h6'  data-responsive-json-new='{\"font-size\":\"\",\"line-height\":\"\"}' ><h6 style=\"font-weight:normal;color:#d8aa51;\">Bize Ula\u015f\u0131n<\/h6><\/div><\/div><div class=\"wpb_text_column\"><div class=\"wpb_wrapper\"><p>\u0130ster Kuzey K\u0131br\u0131s&#8217;ta sat\u0131n almak i\u00e7in uygun bir ev ve ister tatilinizi ge\u00e7irece\u011finiz bir daire olsun CYPRUS INTIME yat\u0131r\u0131m \u015firketi arad\u0131\u011f\u0131n\u0131z daireyi araman\u0131z\u0131 kolayla\u015ft\u0131rmak i\u00e7in burdadir. Birka\u00e7 dakika i\u00e7inde istedi\u011finiz dairey\u0131 bulman\u0131z i\u00e7in size rehberlik edece\u011fiz.<\/p>\n<p>M\u00fc\u015fterilerimize Kuzey K\u0131br\u0131s&#8217;ta bir ev al\u0131p satman\u0131n t\u00fcm y\u00f6nleriyle ilgili yeterli bilgiyi sa\u011fl\u0131yoruz. Herhangi bir sorunuz varsa l\u00fctfen bizimle ileti\u015fime ge\u00e7in!<\/p>\n<\/div><\/div><div class=\"w-socials us_custom_8655d774 has_text_color color_text shape_rounded style_solid hover_fade\" style=\"--gap:5px;\"><div class=\"w-socials-list\"><\/div><\/div><\/div><\/div><\/div><\/div><\/section>\n","protected":false},"excerpt":{"rendered":"Bize Ula\u015f\u0131n+90 (539) 117 11 72info@intime-cyprus.comYeni Bo\u011fazi\u00e7i, Salamis Yolu, Muharrem D\u00f6ve\u00e7 Plaza, D\u00fckkan 8Hayalinizdeki eve sahip olmak i\u00e7in asla ge\u00e7 kalmadiniz. Soyad\u0131*ad*Mobil*E-posta* Tan\u0131mCAPTCHA Bize Ula\u015f\u0131n\u0130ster Kuzey K\u0131br\u0131s&#8217;ta sat\u0131n almak i\u00e7in uygun bir ev ve ister tatilinizi ge\u00e7irece\u011finiz bir daire olsun CYPRUS INTIME yat\u0131r\u0131m \u015firketi arad\u0131\u011f\u0131n\u0131z daireyi araman\u0131z\u0131 kolayla\u015ft\u0131rmak i\u00e7in burdadir. Birka\u00e7 dakika i\u00e7inde istedi\u011finiz dairey\u0131...","protected":false},"author":2,"featured_media":0,"parent":0,"menu_order":0,"comment_status":"closed","ping_status":"closed","template":"","meta":{"_joinchat":[],"footnotes":""},"class_list":["post-8669","page","type-page","status-publish","hentry"],"_links":{"self":[{"href":"https:\/\/intime-cyprus.com\/tr\/wp-json\/wp\/v2\/pages\/8669","targetHints":{"allow":["GET"]}}],"collection":[{"href":"https:\/\/intime-cyprus.com\/tr\/wp-json\/wp\/v2\/pages"}],"about":[{"href":"https:\/\/intime-cyprus.com\/tr\/wp-json\/wp\/v2\/types\/page"}],"author":[{"embeddable":true,"href":"https:\/\/intime-cyprus.com\/tr\/wp-json\/wp\/v2\/users\/2"}],"replies":[{"embeddable":true,"href":"https:\/\/intime-cyprus.com\/tr\/wp-json\/wp\/v2\/comments?post=8669"}],"version-history":[{"count":2,"href":"https:\/\/intime-cyprus.com\/tr\/wp-json\/wp\/v2\/pages\/8669\/revisions"}],"predecessor-version":[{"id":24737,"href":"https:\/\/intime-cyprus.com\/tr\/wp-json\/wp\/v2\/pages\/8669\/revisions\/24737"}],"wp:attachment":[{"href":"https:\/\/intime-cyprus.com\/tr\/wp-json\/wp\/v2\/media?parent=8669"}],"curies":[{"name":"wp","href":"https:\/\/api.w.org\/{rel}","templated":true}]}}