{"id":8690,"date":"2021-04-26T15:58:03","date_gmt":"2021-04-26T11:28:03","guid":{"rendered":"https:\/\/intime-cyprus.com\/?page_id=8690"},"modified":"2025-06-07T15:03:31","modified_gmt":"2025-06-07T11:33:31","slug":"hakkimizda","status":"publish","type":"page","link":"https:\/\/intime-cyprus.com\/tr\/hakkimizda\/","title":{"rendered":"Hakk\u0131m\u0131zda"},"content":{"rendered":"<section class=\"l-section wpb_row height_large with_img\"><div class=\"l-section-img\" role=\"img\" aria-label=\"\u0628\u0627 \u0645\u0627 \u0647\u0645 \u067e\u06cc\u0645\u0627\u0646 \u0628\u0634\u0648\u06cc\u062f\" data-img-width=\"1920\" data-img-height=\"1280\" style=\"background-image: url(https:\/\/intime-cyprus.com\/wp-content\/uploads\/2022\/06\/partner-mice-service-group1920x0.jpg);background-repeat: no-repeat;\"><\/div><div class=\"l-section-overlay\" style=\"background:rgba(255,255,255,0.75)\"><\/div><div class=\"l-section-h i-cf\"><div class=\"g-cols vc_row via_grid cols_custom laptops-cols_inherit tablets-cols_inherit mobiles-cols_1 valign_top type_default stacking_default\" style=\"--custom-columns:1fr 4fr 1fr \"><div class=\"wpb_column vc_column_container\"><div class=\"vc_column-inner\"><\/div><\/div><div class=\"wpb_column vc_column_container\"><div class=\"vc_column-inner\"><div class=\"g-cols wpb_row via_grid cols_1 laptops-cols_inherit tablets-cols_inherit mobiles-cols_1 valign_top type_default stacking_default\" style=\"--columns-gap:3rem;\"><div class=\"wpb_column vc_column_container\"><div class=\"vc_column-inner\"><h2 class=\"w-text us_custom_eb849559\"><span class=\"w-text-h\"><span class=\"w-text-value\">Hakk\u0131m\u0131zda<\/span><\/span><\/h2><div class=\"wpb_text_column us_custom_432d3f53\"><div class=\"wpb_wrapper\"><p>Gayrimenkul al\u0131m-sat\u0131m ve yat\u0131r\u0131m alan\u0131nda uygun ve d\u00fcr\u00fcst hizmetler, g\u00f6\u00e7 etmek ve yat\u0131r\u0131m yapmak isteyenler i\u00e7in belki de en zor se\u00e7imlerden biridir. K\u0131br\u0131s&#8217;ta 15 y\u0131ll\u0131k pazar ara\u015ft\u0131rmas\u0131 ve analizi ve emlak alan\u0131ndaki faaliyetin ard\u0131ndan, al\u0131m, sat\u0131m ve kiralama dahil olmak \u00fczere, K\u0131br\u0131s&#8217;ta ev sat\u0131n almak veya e\u011fitime devam etmek i\u00e7in yat\u0131r\u0131m yapmak isteyenler i\u00e7in en uygun alanlar\u0131n neler olabilece\u011fi konusunda deneyim kazand\u0131k. CYPRUS INTIME firmas\u0131n\u0131n bu y\u0131llarda kat etti\u011fi yol halen devam etmekte ve b\u00fcy\u00fcmekte olma\u0131n tek bir neden\u0131 INTIME m\u00fc\u015fterilerinin memnuniyetidir. Kuzey K\u0131br\u0131s&#8217;ta ev al\u0131m-sat\u0131m\u0131 ve yat\u0131r\u0131m dahil olmak \u00fczere y\u00fczlerce proje uzmanlar taraf\u0131ndan yap\u0131lm\u0131\u015ft\u0131r. bug\u00fcne kadar rehberlik etmi\u015f ve m\u00fc\u015fterilerimizin en b\u00fcy\u00fck reklam kayna\u011f\u0131m\u0131z olmas\u0131ndan gurur duyarak,CYPRUS INTIME hizmetlerinden ald\u0131\u011f\u0131m\u0131z memnuniyet ve kazand\u0131\u011f\u0131m\u0131z g\u00fcven sayesinde eski m\u00fc\u015fterilerimizi s\u00fcrekli olarak dost ve akrabalarla tan\u0131\u015ft\u0131rmaktay\u0131z.<\/p>\n<p>Yat\u0131r\u0131m yaparken dikkat edilmesi gereken as\u0131l konu, \u015fansla yat\u0131r\u0131m yapaca\u011f\u0131n\u0131z bir konu olmad\u0131\u011f\u0131na inan\u0131yoruz. Yat\u0131r\u0131m yapmay\u0131 d\u00fc\u015f\u00fcnd\u00fc\u011f\u00fcn\u00fcz \u00fclkenin deneyimine ve yeterli bilgi birikimine dayanan bir stratejiye ihtiyac\u0131n\u0131z var. Bu deneyim ve bilgi size yat\u0131r\u0131m i\u00e7in analiz ve kar\u015f\u0131la\u015ft\u0131rma g\u00fcc\u00fc sa\u011flayacakt\u0131r. \u015eu anda, y\u0131llar\u0131n deneyimi ve yat\u0131r\u0131m yap\u0131labilir durumlar hakk\u0131nda yeterli bilgimiz sayesinde en iyi se\u00e7imi yapman\u0131z i\u00e7in size en iyi f\u0131rsatlar\u0131 sunuyoruz.<\/p>\n<\/div><\/div><\/div><\/div><\/div><\/div><\/div><div class=\"wpb_column vc_column_container\"><div class=\"vc_column-inner\"><\/div><\/div><\/div><\/div><\/section><section class=\"l-section wpb_row height_medium\"><div class=\"l-section-overlay\" style=\"background:#f5f5f5\"><\/div><div class=\"l-section-h i-cf\"><div class=\"g-cols vc_row via_grid cols_2 laptops-cols_inherit tablets-cols_inherit mobiles-cols_1 valign_top type_default stacking_default\"><div class=\"wpb_column vc_column_container\"><div class=\"vc_column-inner\"><div class=\"wpb_text_column\"><div class=\"wpb_wrapper\"><p>Ba\u015f\u0131ndan beri Kuzey K\u0131br\u0131s&#8217;\u0131n bizim i\u00e7in en iyi se\u00e7im olmas\u0131na bir\u00e7ok sebep vard\u0131. Her aile i\u00e7in as\u0131l mesele \u00e7ocuklar\u0131n g\u00fcvenli\u011fi ve iyi bir e\u011fitim almasidir.<br \/>\nKuzey K\u0131br\u0131s okullar\u0131n\u0131n kaliteli olmas\u0131 ve aile fertlerinizin e\u011fitim seviyeleri ne olursa olsun bu okullarda ve \u00fcniversitelerde okuyabilmeleri ve sizin ve ailenizin d\u00fcnyan\u0131n en g\u00fcvenli be\u015finci \u00fclkesinde ya\u015fayacak olman\u0131z\u0131n yan\u0131 s\u0131ra, bizim i\u00e7in de \u00e7ok de\u011ferlidir.<\/p>\n<\/div><\/div><div class=\"g-cols wpb_row via_grid cols_2 laptops-cols_inherit tablets-cols_inherit mobiles-cols_1 valign_middle type_default stacking_default\" style=\"--columns-gap:3rem;\"><div class=\"wpb_column vc_column_container\"><div class=\"vc_column-inner\"><div class=\"w-counter us_custom_cd16414e color_secondary align_center has_font_size\" data-duration=\"2\"><div class=\"w-counter-value\"><span class=\"w-counter-value-part type_text\" data-final=\"\"><\/span><span class=\"w-counter-value-part type_number\" data-final=\"360\">1<\/span><span class=\"w-counter-value-part type_text\" data-final=\"\"><\/span><\/div><p class=\"w-counter-title\">farkl\u0131 proje<\/p><\/div><div class=\"w-separator size_small\"><\/div><div class=\"w-counter us_custom_cd16414e color_secondary align_center has_font_size\" data-duration=\"2\"><div class=\"w-counter-value\"><span class=\"w-counter-value-part type_text\" data-final=\"\"><\/span><span class=\"w-counter-value-part type_number\" data-final=\"12\">1<\/span><span class=\"w-counter-value-part type_text\" data-final=\"\"><\/span><\/div><div class=\"w-counter-title\">deneyimli dan\u0131\u015fman<\/div><\/div><\/div><\/div><div class=\"wpb_column vc_column_container\"><div class=\"vc_column-inner\"><div class=\"w-counter us_custom_fbd43023 color_secondary align_center has_font_size\" data-duration=\"2\"><div class=\"w-counter-value\"><span class=\"w-counter-value-part type_text\" data-final=\"\"><\/span><span class=\"w-counter-value-part type_number\" data-final=\"15\">1<\/span><span class=\"w-counter-value-part type_text\" data-final=\"+\"><\/span><\/div><p class=\"w-counter-title\">Y\u0131llar\u0131n Deneyimi<\/p><\/div><div class=\"w-separator size_small\"><\/div><div class=\"w-counter us_custom_cd16414e color_secondary align_center has_font_size\" data-duration=\"2\"><div class=\"w-counter-value\"><span class=\"w-counter-value-part type_text\" data-final=\"\"><\/span><span class=\"w-counter-value-part type_number\" data-final=\"257\">1<\/span><span class=\"w-counter-value-part type_text\" data-final=\"\"><\/span><\/div><p class=\"w-counter-title\">Sat\u0131lan daire<\/p><\/div><\/div><\/div><\/div><\/div><\/div><div class=\"wpb_column vc_column_container\"><div class=\"vc_column-inner\"><div class=\"w-image has_ratio align_none\"><div class=\"w-image-h\"><div style=\"padding-bottom:66.6667%\"><\/div><img decoding=\"async\" width=\"1024\" height=\"683\" src=\"https:\/\/intime-cyprus.com\/wp-content\/uploads\/2022\/07\/5-2-1536x1024-1-1024x683.jpg\" class=\"attachment-large size-large\" alt=\"\" loading=\"lazy\"><\/div><\/div><\/div><\/div><\/div><\/div><\/section><section class=\"l-section wpb_row height_medium\"><div class=\"l-section-h i-cf\"><div class=\"g-cols vc_row via_grid cols_2 laptops-cols_inherit tablets-cols_inherit mobiles-cols_1 valign_middle type_default stacking_default\" style=\"--columns-gap:4.5rem;\"><div class=\"wpb_column vc_column_container\"><div class=\"vc_column-inner\"><div class=\"g-cols wpb_row us_custom_3b9c0e4b via_grid cols_1 laptops-cols_inherit tablets-cols_inherit mobiles-cols_1 valign_top type_default stacking_default\" style=\"--columns-gap:3rem;\"><div class=\"wpb_column vc_column_container us_custom_f1870e9f\"><div class=\"vc_column-inner\"><div class=\"w-separator size_medium\"><\/div><div id=\"ultimate-heading-762569dc2cef31f2e\" class=\"uvc-heading ult-adjust-bottom-margin ultimate-heading-762569dc2cef31f2e uvc-9548 \" data-hspacer=\"no_spacer\"  data-halign=\"center\" style=\"text-align:center\"><div class=\"uvc-heading-spacer no_spacer\" style=\"top\"><\/div><div class=\"uvc-main-heading ult-responsive\"  data-ultimate-target='.uvc-heading.ultimate-heading-762569dc2cef31f2e p'  data-responsive-json-new='{\"font-size\":\"\",\"line-height\":\"\"}' ><p style=\"font-weight:normal;\">Hayalinizdeki eve sahip olmak i\u00e7in asla ge\u00e7 de\u011fildir<\/p><\/div><\/div><script>\nvar gform;gform||(document.addEventListener(\"gform_main_scripts_loaded\",function(){gform.scriptsLoaded=!0}),document.addEventListener(\"gform\/theme\/scripts_loaded\",function(){gform.themeScriptsLoaded=!0}),window.addEventListener(\"DOMContentLoaded\",function(){gform.domLoaded=!0}),gform={domLoaded:!1,scriptsLoaded:!1,themeScriptsLoaded:!1,isFormEditor:()=>\"function\"==typeof InitializeEditor,callIfLoaded:function(o){return!(!gform.domLoaded||!gform.scriptsLoaded||!gform.themeScriptsLoaded&&!gform.isFormEditor()||(gform.isFormEditor()&&console.warn(\"The use of gform.initializeOnLoaded() is deprecated in the form editor context and will be removed in Gravity Forms 3.1.\"),o(),0))},initializeOnLoaded:function(o){gform.callIfLoaded(o)||(document.addEventListener(\"gform_main_scripts_loaded\",()=>{gform.scriptsLoaded=!0,gform.callIfLoaded(o)}),document.addEventListener(\"gform\/theme\/scripts_loaded\",()=>{gform.themeScriptsLoaded=!0,gform.callIfLoaded(o)}),window.addEventListener(\"DOMContentLoaded\",()=>{gform.domLoaded=!0,gform.callIfLoaded(o)}))},hooks:{action:{},filter:{}},addAction:function(o,r,e,t){gform.addHook(\"action\",o,r,e,t)},addFilter:function(o,r,e,t){gform.addHook(\"filter\",o,r,e,t)},doAction:function(o){gform.doHook(\"action\",o,arguments)},applyFilters:function(o){return gform.doHook(\"filter\",o,arguments)},removeAction:function(o,r){gform.removeHook(\"action\",o,r)},removeFilter:function(o,r,e){gform.removeHook(\"filter\",o,r,e)},addHook:function(o,r,e,t,n){null==gform.hooks[o][r]&&(gform.hooks[o][r]=[]);var d=gform.hooks[o][r];null==n&&(n=r+\"_\"+d.length),gform.hooks[o][r].push({tag:n,callable:e,priority:t=null==t?10:t})},doHook:function(r,o,e){var t;if(e=Array.prototype.slice.call(e,1),null!=gform.hooks[r][o]&&((o=gform.hooks[r][o]).sort(function(o,r){return o.priority-r.priority}),o.forEach(function(o){\"function\"!=typeof(t=o.callable)&&(t=window[t]),\"action\"==r?t.apply(null,e):e[0]=t.apply(null,e)})),\"filter\"==r)return e[0]},removeHook:function(o,r,t,n){var e;null!=gform.hooks[o][r]&&(e=(e=gform.hooks[o][r]).filter(function(o,r,e){return!!(null!=n&&n!=o.tag||null!=t&&t!=o.priority)}),gform.hooks[o][r]=e)}});\n<\/script>\n\n                <div class='gf_browser_gecko gform_wrapper gform_legacy_markup_wrapper gform-theme--no-framework' data-form-theme='legacy' data-form-index='0' id='gform_wrapper_14' ><div id='gf_14' class='gform_anchor' tabindex='-1'><\/div><form method='post' enctype='multipart\/form-data' target='gform_ajax_frame_14' id='gform_14'  action='\/tr\/wp-json\/wp\/v2\/pages\/8690#gf_14' data-formid='14' novalidate>\n                        <div class='gform-body gform_body'><ul id='gform_fields_14' class='gform_fields top_label form_sublabel_below description_below validation_below'><li id=\"field_14_1\" class=\"gfield gfield--type-text gf_right_half gfield_contains_required field_sublabel_below gfield--no-description field_description_below field_validation_below gfield_visibility_visible\"  ><label class='gfield_label gform-field-label' for='input_14_1'>Soyad\u0131<span class=\"gfield_required\"><span class=\"gfield_required gfield_required_asterisk\">*<\/span><\/span><\/label><div class='ginput_container ginput_container_text'><input name='input_1' id='input_14_1' type='text' value='' class='medium'     aria-required=\"true\" aria-invalid=\"false\"   \/><\/div><\/li><li id=\"field_14_5\" class=\"gfield gfield--type-text gf_left_half gfield_contains_required field_sublabel_below gfield--no-description field_description_below field_validation_below gfield_visibility_visible\"  ><label class='gfield_label gform-field-label' for='input_14_5'>ad<span class=\"gfield_required\"><span class=\"gfield_required gfield_required_asterisk\">*<\/span><\/span><\/label><div class='ginput_container ginput_container_text'><input name='input_5' id='input_14_5' type='text' value='' class='medium'     aria-required=\"true\" aria-invalid=\"false\"   \/><\/div><\/li><li id=\"field_14_3\" class=\"gfield gfield--type-phone gf_right_half gfield_contains_required field_sublabel_below gfield--no-description field_description_below field_validation_below gfield_visibility_visible\"  ><label class='gfield_label gform-field-label' for='input_14_3'>Mobil<span class=\"gfield_required\"><span class=\"gfield_required gfield_required_asterisk\">*<\/span><\/span><\/label><div class='ginput_container ginput_container_phone'><input name='input_3' id='input_14_3' type='tel' value='' class='medium'   aria-required=\"true\" aria-invalid=\"false\"   \/><\/div><\/li><li id=\"field_14_6\" class=\"gfield gfield--type-email gf_left_half gfield_contains_required field_sublabel_below gfield--no-description field_description_below field_validation_below gfield_visibility_visible\"  ><label class='gfield_label gform-field-label' for='input_14_6'>E-posta<span class=\"gfield_required\"><span class=\"gfield_required gfield_required_asterisk\">*<\/span><\/span><\/label><div class='ginput_container ginput_container_email'>\n                            <input name='input_6' id='input_14_6' type='email' value='' class='medium'    aria-required=\"true\" aria-invalid=\"false\"  \/>\n                        <\/div><\/li><li id=\"field_14_4\" class=\"gfield gfield--type-textarea field_sublabel_below gfield--no-description field_description_below field_validation_below gfield_visibility_visible\"  ><label class='gfield_label gform-field-label' for='input_14_4'>Tan\u0131m<\/label><div class='ginput_container ginput_container_textarea'><textarea name='input_4' id='input_14_4' class='textarea medium'      aria-invalid=\"false\"   rows='10' cols='50'><\/textarea><\/div><\/li><li id=\"field_14_8\" class=\"gfield gfield--type-hidden gfield--width-full gform_hidden field_sublabel_below gfield--no-description field_description_below field_validation_below gfield_visibility_visible\"  ><div class='ginput_container ginput_container_text'><input name='input_8' id='input_14_8' type='hidden' class='gform_hidden'  aria-invalid=\"false\" value='https:\/\/intime-cyprus.com\/tr\/wp-json\/wp\/v2\/pages\/8690' \/><\/div><\/li><li id=\"field_14_7\" class=\"gfield gfield--type-captcha gfield--width-full field_sublabel_below gfield--no-description field_description_below field_validation_below gfield_visibility_visible\"  ><label class='gfield_label gform-field-label' for='input_14_7'>CAPTCHA<\/label><div id='input_14_7' class='ginput_container ginput_recaptcha' data-sitekey='6LfBtaQhAAAAANrXy_m3Ujyl-LSNURdU17uKLvSW'  data-theme='light' data-tabindex='0'  data-badge=''><\/div><\/li><\/ul><\/div>\n        <div class='gform-footer gform_footer top_label'> <input type='submit' id='gform_submit_button_14' class='gform_button button' onclick='gform.submission.handleButtonClick(this);' data-submission-type='submit' value='G\u00f6ndermek'  \/> <input type='hidden' name='gform_ajax' value='form_id=14&amp;title=&amp;description=&amp;tabindex=0&amp;theme=legacy&amp;styles=[]&amp;hash=a640bb45007bbebb5cfef9c914c55fd3' \/>\n            <input type='hidden' class='gform_hidden' name='gform_submission_method' data-js='gform_submission_method_14' value='iframe' \/>\n            <input type='hidden' class='gform_hidden' name='gform_theme' data-js='gform_theme_14' id='gform_theme_14' value='legacy' \/>\n            <input type='hidden' class='gform_hidden' name='gform_style_settings' data-js='gform_style_settings_14' id='gform_style_settings_14' value='[]' \/>\n            <input type='hidden' class='gform_hidden' name='is_submit_14' value='1' \/>\n            <input type='hidden' class='gform_hidden' name='gform_submit' value='14' \/>\n            \n            <input type='hidden' class='gform_hidden' name='gform_unique_id' value='' \/>\n            <input type='hidden' class='gform_hidden' name='state_14' value='WyJbXSIsImZjZDkwMzU4MTUwNjVkZTZkM2I1Zjg1ZDUwY2EzMTE3Il0=' \/>\n            <input type='hidden' autocomplete='off' class='gform_hidden' name='gform_target_page_number_14' id='gform_target_page_number_14' value='0' \/>\n            <input type='hidden' autocomplete='off' class='gform_hidden' name='gform_source_page_number_14' id='gform_source_page_number_14' value='1' \/>\n            <input type='hidden' name='gform_field_values' value='' \/>\n            \n        <\/div>\n                        <\/form>\n                        <\/div>\n\t\t                <iframe style='display:none;width:0px;height:0px;' src='about:blank' name='gform_ajax_frame_14' id='gform_ajax_frame_14' title='Bu iframe, Ajax destekli Gravity Forms i\u015flemleri i\u00e7in gereken mant\u0131\u011f\u0131 i\u00e7erir.'><\/iframe>\n\t\t                <script>\ngform.initializeOnLoaded( function() {gformInitSpinner( 14, 'https:\/\/intime-cyprus.com\/wp-content\/plugins\/gravityforms\/images\/spinner.svg', true );jQuery('#gform_ajax_frame_14').on('load',function(){var contents = jQuery(this).contents().find('*').html();var is_postback = contents.indexOf('GF_AJAX_POSTBACK') >= 0;if(!is_postback){return;}var form_content = jQuery(this).contents().find('#gform_wrapper_14');var is_confirmation = jQuery(this).contents().find('#gform_confirmation_wrapper_14').length > 0;var is_redirect = contents.indexOf('gformRedirect(){') >= 0;var is_form = form_content.length > 0 && ! is_redirect && ! is_confirmation;var mt = parseInt(jQuery('html').css('margin-top'), 10) + parseInt(jQuery('body').css('margin-top'), 10) + 100;if(is_form){jQuery('#gform_wrapper_14').html(form_content.html());if(form_content.hasClass('gform_validation_error')){jQuery('#gform_wrapper_14').addClass('gform_validation_error');} else {jQuery('#gform_wrapper_14').removeClass('gform_validation_error');}setTimeout( function() { \/* delay the scroll by 50 milliseconds to fix a bug in chrome *\/ jQuery(document).scrollTop(jQuery('#gform_wrapper_14').offset().top - mt); }, 50 );if(window['gformInitDatepicker']) {gformInitDatepicker();}if(window['gformInitPriceFields']) {gformInitPriceFields();}var current_page = jQuery('#gform_source_page_number_14').val();gformInitSpinner( 14, 'https:\/\/intime-cyprus.com\/wp-content\/plugins\/gravityforms\/images\/spinner.svg', true );jQuery(document).trigger('gform_page_loaded', [14, current_page]);window['gf_submitting_14'] = false;}else if(!is_redirect){var confirmation_content = jQuery(this).contents().find('.GF_AJAX_POSTBACK').html();if(!confirmation_content){confirmation_content = contents;}jQuery('#gform_wrapper_14').replaceWith(confirmation_content);jQuery(document).scrollTop(jQuery('#gf_14').offset().top - mt);jQuery(document).trigger('gform_confirmation_loaded', [14]);window['gf_submitting_14'] = false;wp.a11y.speak(jQuery('#gform_confirmation_message_14').text());}else{jQuery('#gform_14').append(contents);if(window['gformRedirect']) {gformRedirect();}}jQuery(document).trigger(\"gform_pre_post_render\", [{ formId: \"14\", currentPage: \"current_page\", abort: function() { this.preventDefault(); } }]);                if (event && event.defaultPrevented) {                return;         }        const gformWrapperDiv = document.getElementById( \"gform_wrapper_14\" );        if ( gformWrapperDiv ) {            const visibilitySpan = document.createElement( \"span\" );            visibilitySpan.id = \"gform_visibility_test_14\";            gformWrapperDiv.insertAdjacentElement( \"afterend\", visibilitySpan );        }        const visibilityTestDiv = document.getElementById( \"gform_visibility_test_14\" );        let postRenderFired = false;                function triggerPostRender() {            if ( postRenderFired ) {                return;            }            postRenderFired = true;            gform.core.triggerPostRenderEvents( 14, current_page );            if ( visibilityTestDiv ) {                visibilityTestDiv.parentNode.removeChild( visibilityTestDiv );            }        }        function debounce( func, wait, immediate ) {            var timeout;            return function() {                var context = this, args = arguments;                var later = function() {                    timeout = null;                    if ( !immediate ) func.apply( context, args );                };                var callNow = immediate && !timeout;                clearTimeout( timeout );                timeout = setTimeout( later, wait );                if ( callNow ) func.apply( context, args );            };        }        const debouncedTriggerPostRender = debounce( function() {            triggerPostRender();        }, 200 );        if ( visibilityTestDiv && visibilityTestDiv.offsetParent === null ) {            const observer = new MutationObserver( ( mutations ) => {                mutations.forEach( ( mutation ) => {                    if ( mutation.type === 'attributes' && visibilityTestDiv.offsetParent !== null ) {                        debouncedTriggerPostRender();                        observer.disconnect();                    }                });            });            observer.observe( document.body, {                attributes: true,                childList: false,                subtree: true,                attributeFilter: [ 'style', 'class' ],            });        } else {            triggerPostRender();        }    } );} );\n<\/script>\n<\/div><\/div><\/div><\/div><\/div><div class=\"wpb_column vc_column_container\"><div class=\"vc_column-inner\"><div id=\"ultimate-heading-659569dc2cef32fa9\" class=\"uvc-heading ult-adjust-bottom-margin ultimate-heading-659569dc2cef32fa9 uvc-4559 \" data-hspacer=\"no_spacer\"  data-halign=\"left\" style=\"text-align:left\"><div class=\"uvc-heading-spacer no_spacer\" style=\"top\"><\/div><div class=\"uvc-main-heading ult-responsive\"  data-ultimate-target='.uvc-heading.ultimate-heading-659569dc2cef32fa9 h6'  data-responsive-json-new='{\"font-size\":\"\",\"line-height\":\"\"}' ><h6 style=\"font-weight:normal;color:#d8aa51;\">Sizin yaninday\u0131z<\/h6><\/div><\/div><div class=\"wpb_text_column\"><div class=\"wpb_wrapper\"><p>\u0130kametgah\u0131n\u0131 de\u011fi\u015ftirmek ve parlak bir gelece\u011fe ta\u015f\u0131nmak isteyen her aile, Kuzey K\u0131br\u0131s&#8217;ta bir m\u00fclk sat\u0131n al\u0131p uluslararas\u0131 bir hesap a\u00e7arak taksitle \u00f6deyebilir ve 4 y\u0131l i\u00e7inde kendileri ve aileleri i\u00e7in daimi ikametgah sahibi olurlar.<\/p>\n<p>Ve Kuzey K\u0131br\u0131s&#8217;\u0131n emlak sat\u0131n almak ve yat\u0131r\u0131m yapmak i\u00e7in en iyi yer oldu\u011funu bize g\u00f6steren bir\u00e7ok \u015fey, \u00fccretsiz bilgi ve tavsiye i\u00e7in dan\u0131\u015fmanlar\u0131m\u0131zla ileti\u015fime ge\u00e7ebilirsiniz. Sizin i\u00e7in plan\u0131m\u0131z, belirledi\u011finiz hedefe do\u011fru birlikte ad\u0131m ad\u0131m ve tam \u015feffafl\u0131kla hareket etmektir.<\/p>\n<p>G\u00fcvenceniz i\u00e7in de\u011ferli m\u00fc\u015fterilerimiz, yat\u0131r\u0131m ve emlak \u015firketi Cyprus inTime&#8217;\u0131n K\u0131br\u0131s h\u00fck\u00fcmetinden MS&#8217;22764 sicil numaras\u0131 ile faaliyet g\u00f6sterdi\u011fini ve kolayl\u0131kla yat\u0131r\u0131m yapabilece\u011finizi size bildirmek isteriz.<\/p>\n<\/div><\/div><\/div><\/div><\/div><\/div><\/section>\n","protected":false},"excerpt":{"rendered":"Hakk\u0131m\u0131zdaGayrimenkul al\u0131m-sat\u0131m ve yat\u0131r\u0131m alan\u0131nda uygun ve d\u00fcr\u00fcst hizmetler, g\u00f6\u00e7 etmek ve yat\u0131r\u0131m yapmak isteyenler i\u00e7in belki de en zor se\u00e7imlerden biridir. K\u0131br\u0131s&#8217;ta 15 y\u0131ll\u0131k pazar ara\u015ft\u0131rmas\u0131 ve analizi ve emlak alan\u0131ndaki faaliyetin ard\u0131ndan, al\u0131m, sat\u0131m ve kiralama dahil olmak \u00fczere, K\u0131br\u0131s&#8217;ta ev sat\u0131n almak veya e\u011fitime devam etmek i\u00e7in yat\u0131r\u0131m yapmak isteyenler i\u00e7in en...","protected":false},"author":2,"featured_media":0,"parent":0,"menu_order":0,"comment_status":"closed","ping_status":"closed","template":"","meta":{"_joinchat":[],"footnotes":""},"class_list":["post-8690","page","type-page","status-publish","hentry"],"_links":{"self":[{"href":"https:\/\/intime-cyprus.com\/tr\/wp-json\/wp\/v2\/pages\/8690","targetHints":{"allow":["GET"]}}],"collection":[{"href":"https:\/\/intime-cyprus.com\/tr\/wp-json\/wp\/v2\/pages"}],"about":[{"href":"https:\/\/intime-cyprus.com\/tr\/wp-json\/wp\/v2\/types\/page"}],"author":[{"embeddable":true,"href":"https:\/\/intime-cyprus.com\/tr\/wp-json\/wp\/v2\/users\/2"}],"replies":[{"embeddable":true,"href":"https:\/\/intime-cyprus.com\/tr\/wp-json\/wp\/v2\/comments?post=8690"}],"version-history":[{"count":3,"href":"https:\/\/intime-cyprus.com\/tr\/wp-json\/wp\/v2\/pages\/8690\/revisions"}],"predecessor-version":[{"id":24740,"href":"https:\/\/intime-cyprus.com\/tr\/wp-json\/wp\/v2\/pages\/8690\/revisions\/24740"}],"wp:attachment":[{"href":"https:\/\/intime-cyprus.com\/tr\/wp-json\/wp\/v2\/media?parent=8690"}],"curies":[{"name":"wp","href":"https:\/\/api.w.org\/{rel}","templated":true}]}}