{"id":8693,"date":"2022-02-24T13:56:32","date_gmt":"2022-02-24T10:26:32","guid":{"rendered":"https:\/\/intime-cyprus.com\/?page_id=8693"},"modified":"2025-06-07T15:04:10","modified_gmt":"2025-06-07T11:34:10","slug":"hukuk-danismanligi","status":"publish","type":"page","link":"https:\/\/intime-cyprus.com\/tr\/hukuk-danismanligi\/","title":{"rendered":"Hukuk Dan\u0131\u015fmanl\u0131\u011f\u0131"},"content":{"rendered":"<section class=\"l-section wpb_row height_huge color_primary with_img parallax_ver\"><div class=\"l-section-img\" role=\"img\" aria-label=\"\u0686\u06a9\u0634 \u0642\u0627\u0636\u06cc \u062f\u0627\u062f\u06af\u0627\u0647 \u0642\u0628\u0631\u0633 \u0634\u0645\u0627\u0644\u06cc\" data-img-width=\"1400\" data-img-height=\"700\" style=\"background-image: url(https:\/\/intime-cyprus.com\/wp-content\/uploads\/2022\/02\/property-law.jpg);background-position: top center;\"><\/div><div class=\"l-section-overlay\" style=\"background:rgba(36,38,45,0.50)\"><\/div><div class=\"l-section-h i-cf\"><div class=\"g-cols vc_row via_grid cols_1 laptops-cols_inherit tablets-cols_inherit mobiles-cols_1 valign_middle type_default stacking_default\"><div class=\"wpb_column vc_column_container\"><div class=\"vc_column-inner\"><div class=\"w-separator size_small\"><\/div><h2 class=\"w-post-elm post_title us_custom_6df4bc3a has_text_color align_center entry-title color_link_inherit\">Hukuk Dan\u0131\u015fmanl\u0131\u011f\u0131<\/h2><div class=\"w-separator size_small\"><\/div><\/div><\/div><\/div><\/div><\/section><section class=\"l-section wpb_row height_medium\" id=\"about\"><div class=\"l-section-overlay\" style=\"background:#f5f5f5\"><\/div><div class=\"l-section-h i-cf\"><div class=\"g-cols vc_row via_grid cols_2 laptops-cols_inherit tablets-cols_inherit mobiles-cols_1 valign_top type_default stacking_default\"><div class=\"wpb_column vc_column_container\"><div class=\"vc_column-inner\"><h2 class=\"w-text us_custom_f8cd2031 has_text_color\"><span class=\"w-text-h\"><span class=\"w-text-value\">Kuzey K\u0131br\u0131s&#8217;ta gayrimenkul sat\u0131n alma kurallar\u0131<\/span><\/span><\/h2><div class=\"wpb_text_column\"><div class=\"wpb_wrapper\"><p>Mevcut prosed\u00fcre g\u00f6re, yabanc\u0131lar sadece 1 m\u00fclk (daire veya villa) i\u00e7in kesin m\u00fclkiyet belgesi alabilirler, ancak herhangi bir k\u0131s\u0131tlama olmaks\u0131z\u0131n farkl\u0131 m\u00fclk s\u00f6zle\u015fmelerine sahip olabilirler. Bu d\u00fczenlemeler zaman zaman h\u00fck\u00fcmet taraf\u0131ndan ge\u00e7ici olarak 3 daireye kadar de\u011fi\u015ftirilmektedir. \u00d6ncelikle, m\u00fclk sat\u0131n alma s\u00f6zle\u015fmesini imzalamal\u0131 ve vergi dairesine kaydettirmelisiniz. S\u00f6zle\u015fmeyi kaydetmek i\u00e7in toplam sat\u0131n alma fiyat\u0131n\u0131n %5&#8217;ini vergi \u00f6demeniz gerekir.<\/p>\n<p>Dilerseniz, s\u00f6zle\u015fmeyi Vergi Dairesi&#8217;ne kaydettirdikten hemen sonra tapu siciline de tescil ettirebilirsiniz. Tapu Dairesine s\u00f6zle\u015fmenizi kaydetti\u011finizde, hi\u00e7 kimse sizin onay\u0131n\u0131z olmadan m\u00fclk\u00fcn\u00fcz\u00fc \u00fc\u00e7\u00fcnc\u00fc bir ki\u015fiye satamaz, kiralayamaz, ipotek edemez veya rehin edemez. Tapu dairesinde bu kayd\u0131n avantaj\u0131, her hal\u00fckarda sat\u0131c\u0131 iflas etse bile ba\u015fka hi\u00e7bir \u00fc\u00e7\u00fcnc\u00fc ki\u015finin arazinizden kay\u0131tl\u0131 m\u00fclk \u00fczerinde hak iddia edememesidir.<br \/>Maliyet = Tapu kayd\u0131 i\u00e7in 191 lira<\/p>\n<\/div><\/div><\/div><\/div><div class=\"wpb_column vc_column_container\"><div class=\"vc_column-inner\"><div class=\"w-image align_none\"><div class=\"w-image-h\"><img decoding=\"async\" width=\"1395\" height=\"739\" src=\"https:\/\/intime-cyprus.com\/wp-content\/uploads\/2022\/02\/predlozhenie.jpg\" class=\"attachment-full size-full\" alt=\"\u0645\u0634\u0627\u0648\u0631 \u062d\u0642\u0648\u0642\u06cc \u0627\u06cc\u0646\u062a\u0627\u06cc\u0645 \u062f\u0631 \u0642\u0628\u0631\u0633 \u0634\u0645\u0627\u0644\u06cc\" loading=\"lazy\" srcset=\"https:\/\/intime-cyprus.com\/wp-content\/uploads\/2022\/02\/predlozhenie.jpg 1395w, https:\/\/intime-cyprus.com\/wp-content\/uploads\/2022\/02\/predlozhenie-300x159.jpg 300w, https:\/\/intime-cyprus.com\/wp-content\/uploads\/2022\/02\/predlozhenie-1024x542.jpg 1024w\" sizes=\"auto, (max-width: 1395px) 100vw, 1395px\" \/><\/div><\/div><\/div><\/div><\/div><\/div><\/section><section class=\"l-section wpb_row height_medium\"><div class=\"l-section-h i-cf\"><div class=\"g-cols vc_row via_grid cols_2 laptops-cols_inherit tablets-cols_inherit mobiles-cols_1 valign_top type_default reversed stacking_default\"><div class=\"wpb_column vc_column_container\"><div class=\"vc_column-inner\"><div class=\"w-image align_none\"><div class=\"w-image-h\"><img decoding=\"async\" width=\"1024\" height=\"597\" src=\"https:\/\/intime-cyprus.com\/wp-content\/uploads\/2022\/02\/\u0627\u0633\u0646\u0627\u062f-\u0645\u0644\u06a9\u06cc.jpg\" class=\"attachment-full size-full\" alt=\"\u0645\u0634\u0627\u0648\u0631 \u0628\u0631\u0627\u06cc \u0642\u0631\u0627\u0631\u062f\u0627\u062f \u0627\u06cc\u0646\u062a\u0627\u06cc\u0645 \u062f\u0631 \u0642\u0628\u0631\u0633 \u0634\u0645\u0627\u0644\u06cc\" loading=\"lazy\" srcset=\"https:\/\/intime-cyprus.com\/wp-content\/uploads\/2022\/02\/\u0627\u0633\u0646\u0627\u062f-\u0645\u0644\u06a9\u06cc.jpg 1024w, https:\/\/intime-cyprus.com\/wp-content\/uploads\/2022\/02\/\u0627\u0633\u0646\u0627\u062f-\u0645\u0644\u06a9\u06cc-300x175.jpg 300w\" sizes=\"auto, (max-width: 1024px) 100vw, 1024px\" \/><\/div><\/div><\/div><\/div><div class=\"wpb_column vc_column_container\"><div class=\"vc_column-inner\"><h2 class=\"w-text us_custom_f8cd2031 has_text_color\"><span class=\"w-text-h\"><span class=\"w-text-value\">\u0130stenen belgeler<\/span><\/span><\/h2><div class=\"wpb_text_column\"><div class=\"wpb_wrapper\"><p>Kay\u0131tl\u0131 s\u00f6zle\u015fme<br \/>Pasaport<br \/>Adli sicil belgesi (T\u00fcrk\u00e7e veya \u0130ngilizce terc\u00fcmeli)<br \/>ba\u015fvuru Formu<\/p>\n<\/div><\/div><div class=\"wpb_text_column\"><div class=\"wpb_wrapper\"><p>Ba\u015fvuru tamamland\u0131ktan sonra g\u00fcvenlik soru\u015fturmas\u0131 ba\u015flayacakt\u0131r. Bu inceleme sonucunda al\u0131c\u0131n\u0131n uygun g\u00f6rmesi halinde talebi Bakanlar Kuruluna g\u00f6nderilir. Bakanlar Kurulu&#8217;nun takdirine ba\u011fl\u0131 olarak, sat\u0131n alma talebi onaylanacakt\u0131r.<\/p>\n<\/div><\/div><div class=\"w-btn-wrapper align_none\"><a class=\"w-btn us-btn-style_1\" title=\"\u062a\u0645\u0627\u0633 \u0628\u0627 \u0645\u0627\" href=\"https:\/\/intime-cyprus.com\/\u062a\u0645\u0627\u0633-\u0628\u0627-\u0645\u0627\/\"><span class=\"w-btn-label\">Yasal tavsiye al\u0131n<\/span><\/a><\/div><\/div><\/div><\/div><\/div><\/section><section class=\"l-section wpb_row height_medium\"><div class=\"l-section-overlay\" style=\"background:#f5f5f5\"><\/div><div class=\"l-section-h i-cf\"><div class=\"g-cols vc_row via_grid cols_2 laptops-cols_inherit tablets-cols_inherit mobiles-cols_1 valign_top type_default stacking_default\"><div class=\"wpb_column vc_column_container\"><div class=\"vc_column-inner\"><h2 class=\"w-text us_custom_f8cd2031 has_text_color\"><span class=\"w-text-h\"><span class=\"w-text-value\">vergi ko\u015fullar\u0131<\/span><\/span><\/h2><div class=\"wpb_text_column\"><div class=\"wpb_wrapper\"><p>Talep tarihinden itibaren yakla\u015f\u0131k 6 ila 8 ay s\u00fcren g\u00fcvenlik soru\u015fturmas\u0131 s\u00fcrecinden sonra Bakanlar Kurulu onay\u0131 ile ba\u015fvurucu vekiline bir s\u0131ra numaras\u0131 verilerek sat\u0131n al\u0131nan ta\u015f\u0131nmaz\u0131n tapu ile birlikte devri yap\u0131l\u0131r. bu numaran\u0131n Emlak ve Tapu Tescil Kurulu\u015funa bildirilmesi m\u00fcmk\u00fcnd\u00fcr.<\/p>\n<p>ArsaTapu vergisi<\/p>\n<p>140 metrekarenin alt\u0131ndaki ilk gayrimenkul\u00fcn toplam sat\u0131\u015f bedelinin %1&#8217;i ve \u00fczeri i\u00e7in %3 (arsa kay\u0131t harc\u0131), ikinci gayrimenkul i\u00e7in %3 ve \u00fc\u00e7\u00fcnc\u00fc gayrimenkul i\u00e7in %3&#8217;t\u00fcr.<br \/>%5 katma de\u011fer vergisi<\/p>\n<\/div><\/div><div class=\"w-btn-wrapper align_none\"><a class=\"w-btn us-btn-style_1\" title=\"\u062a\u0645\u0627\u0633 \u0628\u0627 \u0645\u0627\" href=\"https:\/\/intime-cyprus.com\/\u062a\u0645\u0627\u0633-\u0628\u0627-\u0645\u0627\/\"><span class=\"w-btn-label\">Yasal tavsiye al\u0131n<\/span><\/a><\/div><\/div><\/div><div class=\"wpb_column vc_column_container\"><div class=\"vc_column-inner\"><div class=\"w-image align_none\"><div class=\"w-image-h\"><img decoding=\"async\" width=\"1121\" height=\"619\" src=\"https:\/\/intime-cyprus.com\/wp-content\/uploads\/2022\/02\/how-do-i-calculate-expected-earnings-when-mining-a-cryptocurrency-e1645700568826.jpg\" class=\"attachment-full size-full\" alt=\"\u0645\u0634\u0627\u0648\u0631 \u0645\u0627\u0644\u06cc\u0627\u062a\u06cc \u0627\u06cc\u0646\u062a\u0627\u06cc\u0645 \u062f\u0631 \u0642\u0628\u0631\u0633 \u0634\u0645\u0627\u0644\u06cc\" loading=\"lazy\" srcset=\"https:\/\/intime-cyprus.com\/wp-content\/uploads\/2022\/02\/how-do-i-calculate-expected-earnings-when-mining-a-cryptocurrency-e1645700568826.jpg 1121w, https:\/\/intime-cyprus.com\/wp-content\/uploads\/2022\/02\/how-do-i-calculate-expected-earnings-when-mining-a-cryptocurrency-e1645700568826-300x166.jpg 300w, https:\/\/intime-cyprus.com\/wp-content\/uploads\/2022\/02\/how-do-i-calculate-expected-earnings-when-mining-a-cryptocurrency-e1645700568826-1024x565.jpg 1024w\" sizes=\"auto, (max-width: 1121px) 100vw, 1121px\" \/><\/div><\/div><\/div><\/div><\/div><\/div><\/section><div class=\"wpb_column vc_column_container\"><div class=\"vc_column-inner\"><\/div><\/div>\n","protected":false},"excerpt":{"rendered":"Hukuk Dan\u0131\u015fmanl\u0131\u011f\u0131Kuzey K\u0131br\u0131s&#8217;ta gayrimenkul sat\u0131n alma kurallar\u0131Mevcut prosed\u00fcre g\u00f6re, yabanc\u0131lar sadece 1 m\u00fclk (daire veya villa) i\u00e7in kesin m\u00fclkiyet belgesi alabilirler, ancak herhangi bir k\u0131s\u0131tlama olmaks\u0131z\u0131n farkl\u0131 m\u00fclk s\u00f6zle\u015fmelerine sahip olabilirler. Bu d\u00fczenlemeler zaman zaman h\u00fck\u00fcmet taraf\u0131ndan ge\u00e7ici olarak 3 daireye kadar de\u011fi\u015ftirilmektedir. \u00d6ncelikle, m\u00fclk sat\u0131n alma s\u00f6zle\u015fmesini imzalamal\u0131 ve vergi dairesine kaydettirmelisiniz. S\u00f6zle\u015fmeyi kaydetmek...","protected":false},"author":2,"featured_media":0,"parent":0,"menu_order":0,"comment_status":"closed","ping_status":"closed","template":"","meta":{"_joinchat":[],"footnotes":""},"class_list":["post-8693","page","type-page","status-publish","hentry"],"_links":{"self":[{"href":"https:\/\/intime-cyprus.com\/tr\/wp-json\/wp\/v2\/pages\/8693","targetHints":{"allow":["GET"]}}],"collection":[{"href":"https:\/\/intime-cyprus.com\/tr\/wp-json\/wp\/v2\/pages"}],"about":[{"href":"https:\/\/intime-cyprus.com\/tr\/wp-json\/wp\/v2\/types\/page"}],"author":[{"embeddable":true,"href":"https:\/\/intime-cyprus.com\/tr\/wp-json\/wp\/v2\/users\/2"}],"replies":[{"embeddable":true,"href":"https:\/\/intime-cyprus.com\/tr\/wp-json\/wp\/v2\/comments?post=8693"}],"version-history":[{"count":3,"href":"https:\/\/intime-cyprus.com\/tr\/wp-json\/wp\/v2\/pages\/8693\/revisions"}],"predecessor-version":[{"id":24741,"href":"https:\/\/intime-cyprus.com\/tr\/wp-json\/wp\/v2\/pages\/8693\/revisions\/24741"}],"wp:attachment":[{"href":"https:\/\/intime-cyprus.com\/tr\/wp-json\/wp\/v2\/media?parent=8693"}],"curies":[{"name":"wp","href":"https:\/\/api.w.org\/{rel}","templated":true}]}}