{"id":8698,"date":"2022-02-24T15:00:56","date_gmt":"2022-02-24T11:30:56","guid":{"rendered":"https:\/\/intime-cyprus.com\/?page_id=8698"},"modified":"2024-04-02T17:08:01","modified_gmt":"2024-04-02T12:38:01","slug":"kuzey-kibrista-mulk-satin-alma-rehberi","status":"publish","type":"page","link":"https:\/\/intime-cyprus.com\/tr\/kuzey-kibrista-mulk-satin-alma-rehberi\/","title":{"rendered":"SSS"},"content":{"rendered":"<section class=\"l-section wpb_row height_huge color_secondary with_img parallax_ver parallaxdir_reversed\"><div class=\"l-section-img\" role=\"img\" aria-label=\"\u0634\u0631\u06a9\u062a \u0633\u0631\u0645\u0627\u06cc\u0647 \u06af\u0630\u0627\u0631\u06cc \u0647\u0627\u0628\" data-img-width=\"1920\" data-img-height=\"880\" style=\"background-image: url(https:\/\/intime-cyprus.com\/wp-content\/uploads\/2021\/04\/hub-property-about-us.jpg);background-position: top center;\"><\/div><div class=\"l-section-overlay\" style=\"background:rgba(36,38,45,0.50)\"><\/div><div class=\"l-section-h i-cf\"><div class=\"g-cols vc_row via_grid cols_1 laptops-cols_inherit tablets-cols_inherit mobiles-cols_1 valign_top type_default stacking_default\"><div class=\"wpb_column vc_column_container\"><div class=\"vc_column-inner\"><h2 class=\"w-post-elm post_title align_center entry-title color_link_inherit\">SSS<\/h2><div class=\"wpb_text_column\"><div class=\"wpb_wrapper\"><p style=\"text-align: center;\"><span style=\"color: #ffffff;\">Kuzey K\u0131br\u0131s&#8217;ta m\u00fclk sat\u0131n alma hakk\u0131nda bilmeniz gereken her \u015fey<\/span><\/p>\n<\/div><\/div><\/div><\/div><\/div><\/div><\/section><section class=\"l-section wpb_row height_medium\"><div class=\"l-section-h i-cf\"><div class=\"g-cols vc_row via_grid cols_2 laptops-cols_inherit tablets-cols_inherit mobiles-cols_1 valign_top type_default stacking_default\"><div class=\"wpb_column vc_column_container\"><div class=\"vc_column-inner\"><div class=\"w-tabs us_custom_58b72039 style_default switch_click accordion has_scrolling\" style=\"--sections-title-size:inherit\"><div class=\"w-tabs-sections titles-align_right icon_chevron cpos_right\"><div class=\"w-tabs-section\" id=\"1619859789501-13020b62-99ec\" itemscope itemprop=\"mainEntity\" itemtype=\"https:\/\/schema.org\/Question\"><button class=\"w-tabs-section-header\" aria-controls=\"content-1619859789501-13020b62-99ec\" aria-expanded=\"false\"><div class=\"w-tabs-section-title\" itemprop=\"name\">Kuzey K\u0131br\u0131s&#8217;ta m\u00fclk sat\u0131n almak i\u00e7in genel ko\u015fullar<\/div><div class=\"w-tabs-section-control\"><\/div><\/button><div  class=\"w-tabs-section-content\" id=\"content-1619859789501-13020b62-99ec\" itemscope itemprop=\"acceptedAnswer\" itemtype=\"https:\/\/schema.org\/Answer\"><div class=\"w-tabs-section-content-h i-cf\" itemprop=\"text\"><div class=\"wpb_text_column\"><div class=\"wpb_wrapper\"><ul>\n<li>\u00d6n sat\u0131\u015f daireler (6 aydan 4 y\u0131la kadar teslim): %30 pe\u015fin + %20 anahtar teslime kadar + kalan %50, 60 ayda faizsiz<br \/>\nHaz\u0131r daireler: Anahtar tesliminde %50 + kalan %50, 24 ay i\u00e7inde faizsiz<\/li>\n<\/ul>\n<\/div><\/div><\/div><\/div><\/div><div class=\"w-tabs-section\" id=\"1645702501182-c0999030-2a7e\" itemscope itemprop=\"mainEntity\" itemtype=\"https:\/\/schema.org\/Question\"><button class=\"w-tabs-section-header\" aria-controls=\"content-1645702501182-c0999030-2a7e\" aria-expanded=\"false\"><div class=\"w-tabs-section-title\" itemprop=\"name\">taksit \u00f6deme plan\u0131<\/div><div class=\"w-tabs-section-control\"><\/div><\/button><div  class=\"w-tabs-section-content\" id=\"content-1645702501182-c0999030-2a7e\" itemscope itemprop=\"acceptedAnswer\" itemtype=\"https:\/\/schema.org\/Answer\"><div class=\"w-tabs-section-content-h i-cf\" itemprop=\"text\"><div class=\"wpb_text_column\"><div class=\"wpb_wrapper\"><p>4 ila 6 ayda bir<\/p>\n<\/div><\/div><\/div><\/div><\/div><div class=\"w-tabs-section\" id=\"1619860166683-74871cfc-50e4\" itemscope itemprop=\"mainEntity\" itemtype=\"https:\/\/schema.org\/Question\"><button class=\"w-tabs-section-header\" aria-controls=\"content-1619860166683-74871cfc-50e4\" aria-expanded=\"false\"><div class=\"w-tabs-section-title\" itemprop=\"name\">M\u00fclk sat\u0131n alman\u0131n yan maliyetleri<\/div><div class=\"w-tabs-section-control\"><\/div><\/button><div  class=\"w-tabs-section-content\" id=\"content-1619860166683-74871cfc-50e4\" itemscope itemprop=\"acceptedAnswer\" itemtype=\"https:\/\/schema.org\/Answer\"><div class=\"w-tabs-section-content-h i-cf\" itemprop=\"text\"><div class=\"wpb_text_column\"><div class=\"wpb_wrapper\"><ul>\n<li>Devlet damga ve m\u00fch\u00fcrlerinin maliyetinin %0,5&#8217;i<br \/>\n%5 vergi (devlete \u00f6deme)<br \/>\nBelge kay\u0131t \u00fccretinin %3&#8217;\u00fc<br \/>\nSu ve elektrik maliyeti i\u00e7in 1000 ila 2500 Pound<\/li>\n<\/ul>\n<\/div><\/div><\/div><\/div><\/div><div class=\"w-tabs-section\" id=\"1619860281395-f9d49f0e-834f\" itemscope itemprop=\"mainEntity\" itemtype=\"https:\/\/schema.org\/Question\"><button class=\"w-tabs-section-header\" aria-controls=\"content-1619860281395-f9d49f0e-834f\" aria-expanded=\"false\"><div class=\"w-tabs-section-title\" itemprop=\"name\">Sat\u0131\u015f \u00f6ncesi birimlerin fiyat\u0131<\/div><div class=\"w-tabs-section-control\"><\/div><\/button><div  class=\"w-tabs-section-content\" id=\"content-1619860281395-f9d49f0e-834f\" itemscope itemprop=\"acceptedAnswer\" itemtype=\"https:\/\/schema.org\/Answer\"><div class=\"w-tabs-section-content-h i-cf\" itemprop=\"text\"><div class=\"wpb_text_column\"><div class=\"wpb_wrapper\"><ul>\n<li>S\u00fcit: 60.000 pound ve \u00fczeri<br \/>\n1 yatak odas\u0131: 70.000 pound veya daha fazla<br \/>\n2 yatak odas\u0131: 88.000 pound ve \u00fcst\u00fc<br \/>\n\u0130l: 150.000 pound ve \u00fczeri<\/li>\n<\/ul>\n<\/div><\/div><\/div><\/div><\/div><div class=\"w-tabs-section\" id=\"1619860427070-db38f8f1-f731\" itemscope itemprop=\"mainEntity\" itemtype=\"https:\/\/schema.org\/Question\"><button class=\"w-tabs-section-header\" aria-controls=\"content-1619860427070-db38f8f1-f731\" aria-expanded=\"false\"><div class=\"w-tabs-section-title\" itemprop=\"name\">Banka hesab\u0131 a\u00e7ma ko\u015fullar\u0131<\/div><div class=\"w-tabs-section-control\"><\/div><\/button><div  class=\"w-tabs-section-content\" id=\"content-1619860427070-db38f8f1-f731\" itemscope itemprop=\"acceptedAnswer\" itemtype=\"https:\/\/schema.org\/Answer\"><div class=\"w-tabs-section-content-h i-cf\" itemprop=\"text\"><div class=\"wpb_text_column\"><div class=\"wpb_wrapper\"><p>S\u00f6zle\u015fmeyi kaydettikten sonra, her ki\u015fi bir g\u00fcn i\u00e7inde t\u00fcm yayg\u0131n para birimlerinde bir banka hesab\u0131 a\u00e7abilir.<\/p>\n<\/div><\/div><\/div><\/div><\/div><div class=\"w-tabs-section\" id=\"1619860327116-cce28305-e4c5\" itemscope itemprop=\"mainEntity\" itemtype=\"https:\/\/schema.org\/Question\"><button class=\"w-tabs-section-header\" aria-controls=\"content-1619860327116-cce28305-e4c5\" aria-expanded=\"false\"><div class=\"w-tabs-section-title\" itemprop=\"name\">Haz\u0131r dairelerin fiyat\u0131<\/div><div class=\"w-tabs-section-control\"><\/div><\/button><div  class=\"w-tabs-section-content\" id=\"content-1619860327116-cce28305-e4c5\" itemscope itemprop=\"acceptedAnswer\" itemtype=\"https:\/\/schema.org\/Answer\"><div class=\"w-tabs-section-content-h i-cf\" itemprop=\"text\"><div class=\"wpb_text_column\"><div class=\"wpb_wrapper\"><p>S\u00fcit: 75.000 pound ve \u00fcst\u00fc<br \/>\n1 yatak odas\u0131: 100.000 pound veya daha fazla<br \/>\n2 yatak odas\u0131: 120.000 pound veya daha fazla<br \/>\nVilla: 170.000 pound ve \u00fcst\u00fc<\/p>\n<\/div><\/div><\/div><\/div><\/div><div class=\"w-tabs-section\" id=\"1619860512705-6a0283ff-4f85\" itemscope itemprop=\"mainEntity\" itemtype=\"https:\/\/schema.org\/Question\"><button class=\"w-tabs-section-header\" aria-controls=\"content-1619860512705-6a0283ff-4f85\" aria-expanded=\"false\"><div class=\"w-tabs-section-title\" itemprop=\"name\">hava durumu<\/div><div class=\"w-tabs-section-control\"><\/div><\/button><div  class=\"w-tabs-section-content\" id=\"content-1619860512705-6a0283ff-4f85\" itemscope itemprop=\"acceptedAnswer\" itemtype=\"https:\/\/schema.org\/Answer\"><div class=\"w-tabs-section-content-h i-cf\" itemprop=\"text\"><div class=\"wpb_text_column\"><div class=\"wpb_wrapper\"><p>300 g\u00fcne\u015fli g\u00fcn ve ho\u015f bir Akdeniz havas\u0131 vard\u0131r.<\/p>\n<\/div><\/div><\/div><\/div><\/div><div class=\"w-tabs-section\" id=\"1619860544735-24da81be-6141\" itemscope itemprop=\"mainEntity\" itemtype=\"https:\/\/schema.org\/Question\"><button class=\"w-tabs-section-header\" aria-controls=\"content-1619860544735-24da81be-6141\" aria-expanded=\"false\"><div class=\"w-tabs-section-title\" itemprop=\"name\">Kuzey K\u0131br\u0131s&#8217;ta G\u00fcvenlik<\/div><div class=\"w-tabs-section-control\"><\/div><\/button><div  class=\"w-tabs-section-content\" id=\"content-1619860544735-24da81be-6141\" itemscope itemprop=\"acceptedAnswer\" itemtype=\"https:\/\/schema.org\/Answer\"><div class=\"w-tabs-section-content-h i-cf\" itemprop=\"text\"><div class=\"wpb_text_column\"><div class=\"wpb_wrapper\"><p>D\u00fcnyan\u0131n en g\u00fcvenli be\u015finci \u00fclkesi<\/p>\n<\/div><\/div><\/div><\/div><\/div><div class=\"w-tabs-section\" id=\"1619860573727-cb222995-e98b\" itemscope itemprop=\"mainEntity\" itemtype=\"https:\/\/schema.org\/Question\"><button class=\"w-tabs-section-header\" aria-controls=\"content-1619860573727-cb222995-e98b\" aria-expanded=\"false\"><div class=\"w-tabs-section-title\" itemprop=\"name\">Kuzey K\u0131br\u0131s&#8217;ta yayg\u0131n para birimi<\/div><div class=\"w-tabs-section-control\"><\/div><\/button><div  class=\"w-tabs-section-content\" id=\"content-1619860573727-cb222995-e98b\" itemscope itemprop=\"acceptedAnswer\" itemtype=\"https:\/\/schema.org\/Answer\"><div class=\"w-tabs-section-content-h i-cf\" itemprop=\"text\"><div class=\"wpb_text_column\"><div class=\"wpb_wrapper\"><ul>\n<li>T\u00fcrk Liras\u0131 olarak g\u00fcnl\u00fck ya\u015fam giderleri<br \/>\n\u0130ngiliz Sterlini ile emlak ve araba al\u0131m sat\u0131m\u0131<\/li>\n<\/ul>\n<\/div><\/div><\/div><\/div><\/div><div class=\"w-tabs-section\" id=\"1619860636514-f3d49d94-ed85\" itemscope itemprop=\"mainEntity\" itemtype=\"https:\/\/schema.org\/Question\"><button class=\"w-tabs-section-header\" aria-controls=\"content-1619860636514-f3d49d94-ed85\" aria-expanded=\"false\"><div class=\"w-tabs-section-title\" itemprop=\"name\">Halk\u0131n leh\u00e7esi<\/div><div class=\"w-tabs-section-control\"><\/div><\/button><div  class=\"w-tabs-section-content\" id=\"content-1619860636514-f3d49d94-ed85\" itemscope itemprop=\"acceptedAnswer\" itemtype=\"https:\/\/schema.org\/Answer\"><div class=\"w-tabs-section-content-h i-cf\" itemprop=\"text\"><div class=\"wpb_text_column\"><div class=\"wpb_wrapper\"><p>\u0130stanbul T\u00fcrk\u00e7esi olarak ama insanlar\u0131n %90&#8217;\u0131 ak\u0131c\u0131 bir \u015fekilde \u0130ngilizce biliyor.<\/p>\n<\/div><\/div><\/div><\/div><\/div><\/div><\/div><\/div><\/div><div class=\"wpb_column vc_column_container\"><div class=\"vc_column-inner\"><div class=\"w-tabs us_custom_58b72039 style_default switch_click accordion has_scrolling\" style=\"--sections-title-size:inherit\"><div class=\"w-tabs-sections titles-align_right icon_chevron cpos_right\"><div class=\"w-tabs-section\" id=\"1619860837384-bc4beedf-2f29\" itemscope itemprop=\"mainEntity\" itemtype=\"https:\/\/schema.org\/Question\"><button class=\"w-tabs-section-header\" aria-controls=\"content-1619860837384-bc4beedf-2f29\" aria-expanded=\"false\"><div class=\"w-tabs-section-title\" itemprop=\"name\">\u0130kamet ko\u015fullar\u0131<\/div><div class=\"w-tabs-section-control\"><\/div><\/button><div  class=\"w-tabs-section-content\" id=\"content-1619860837384-bc4beedf-2f29\" itemscope itemprop=\"acceptedAnswer\" itemtype=\"https:\/\/schema.org\/Answer\"><div class=\"w-tabs-section-content-h i-cf\" itemprop=\"text\"><div class=\"wpb_text_column\"><div class=\"wpb_wrapper\"><p>Konut edinme s\u00fcresi, s\u00f6zle\u015fmenin tescilinden itibaren 21 i\u015f g\u00fcn\u00fc olup, ko\u015fullar haz\u0131r ve \u00f6n al\u0131ml\u0131 daireler i\u00e7in ayn\u0131d\u0131r.<\/p>\n<p>1 ki\u015fi veya bir \u00e7ift i\u00e7in konaklama: minimum s\u00fcit daire<br \/>\n3 ki\u015filik bir aile i\u00e7in konaklama: en az bir yatak odal\u0131 daire<br \/>\n4 veya daha fazla ki\u015filik bir aile i\u00e7in konaklama: en az 2 yatak odal\u0131 daire<\/p>\n<p>\u0130kamet, 4 y\u0131la kadar y\u0131ll\u0131k olarak verilir ve d\u00f6rd\u00fcnc\u00fc y\u0131ldan sonra daimi ikamete d\u00f6n\u00fc\u015ft\u00fcr\u00fclebilir.<\/p>\n<\/div><\/div><\/div><\/div><\/div><div class=\"w-tabs-section\" id=\"1645703941411-a01f7e67-d156\" itemscope itemprop=\"mainEntity\" itemtype=\"https:\/\/schema.org\/Question\"><button class=\"w-tabs-section-header\" aria-controls=\"content-1645703941411-a01f7e67-d156\" aria-expanded=\"false\"><div class=\"w-tabs-section-title\" itemprop=\"name\">Kiradan elde edilen gelir miktar\u0131<\/div><div class=\"w-tabs-section-control\"><\/div><\/button><div  class=\"w-tabs-section-content\" id=\"content-1645703941411-a01f7e67-d156\" itemscope itemprop=\"acceptedAnswer\" itemtype=\"https:\/\/schema.org\/Answer\"><div class=\"w-tabs-section-content-h i-cf\" itemprop=\"text\"><div class=\"wpb_text_column\"><div class=\"wpb_wrapper\"><ul>\n<li>S\u00fcit daireler: ayda 300 ila 350 pound<br \/>\n1 yatak odal\u0131 daireler: ayda 350 ila 450 pound<br \/>\n2 yatak odal\u0131 daireler: ayda 450 ila 600 pound<br \/>\nVilla daireler: ayda 600 pound ve \u00fczeriHer dairenin fiyat fark\u0131, proje, temizlik, ekipman, manzara, kat, tesisler vb. fakt\u00f6rlere ba\u011fl\u0131d\u0131r.G\u00fcnl\u00fck olarak kiralama yap\u0131lmas\u0131 durumunda yukar\u0131daki tutarlar 2 kat\u0131na kadar artt\u0131r\u0131labilir.<\/li>\n<\/ul>\n<\/div><\/div><\/div><\/div><\/div><div class=\"w-tabs-section\" id=\"1645703940203-068fb99e-107b\" itemscope itemprop=\"mainEntity\" itemtype=\"https:\/\/schema.org\/Question\"><button class=\"w-tabs-section-header\" aria-controls=\"content-1645703940203-068fb99e-107b\" aria-expanded=\"false\"><div class=\"w-tabs-section-title\" itemprop=\"name\">hayat masraflar\u0131<\/div><div class=\"w-tabs-section-control\"><\/div><\/button><div  class=\"w-tabs-section-content\" id=\"content-1645703940203-068fb99e-107b\" itemscope itemprop=\"acceptedAnswer\" itemtype=\"https:\/\/schema.org\/Answer\"><div class=\"w-tabs-section-content-h i-cf\" itemprop=\"text\"><div class=\"wpb_text_column\"><div class=\"wpb_wrapper\"><p>\u0130ran&#8217;a \u00e7ok yak\u0131n ve di\u011fer Avrupa \u00fclkelerinden tamamen daha ucuz<\/p>\n<\/div><\/div><\/div><\/div><\/div><div class=\"w-tabs-section\" id=\"1645703939108-a226c011-9a30\" itemscope itemprop=\"mainEntity\" itemtype=\"https:\/\/schema.org\/Question\"><button class=\"w-tabs-section-header\" aria-controls=\"content-1645703939108-a226c011-9a30\" aria-expanded=\"false\"><div class=\"w-tabs-section-title\" itemprop=\"name\">Kuzey K\u0131br\u0131s&#8217;ta E\u011fitim<\/div><div class=\"w-tabs-section-control\"><\/div><\/button><div  class=\"w-tabs-section-content\" id=\"content-1645703939108-a226c011-9a30\" itemscope itemprop=\"acceptedAnswer\" itemtype=\"https:\/\/schema.org\/Answer\"><div class=\"w-tabs-section-content-h i-cf\" itemprop=\"text\"><div class=\"wpb_text_column\"><div class=\"wpb_wrapper\"><p>Kuzey K\u0131br\u0131s&#8217;ta anaokulundan \u00fcniversiteye kadar \u0130ngilizce e\u011fitim alman\u0131n m\u00fcmk\u00fcn oldu\u011fu y\u00fczden fazla uluslararas\u0131, \u00f6zel ve devlet okulu vard\u0131r.<\/p>\n<\/div><\/div><\/div><\/div><\/div><div class=\"w-tabs-section\" id=\"1619860837745-9429fcaf-09d2\" itemscope itemprop=\"mainEntity\" itemtype=\"https:\/\/schema.org\/Question\"><button class=\"w-tabs-section-header\" aria-controls=\"content-1619860837745-9429fcaf-09d2\" aria-expanded=\"false\"><div class=\"w-tabs-section-title\" itemprop=\"name\">\u015eahsen nas\u0131l sat\u0131n al\u0131n\u0131r<\/div><div class=\"w-tabs-section-control\"><\/div><\/button><div  class=\"w-tabs-section-content\" id=\"content-1619860837745-9429fcaf-09d2\" itemscope itemprop=\"acceptedAnswer\" itemtype=\"https:\/\/schema.org\/Answer\"><div class=\"w-tabs-section-content-h i-cf\" itemprop=\"text\"><div class=\"wpb_text_column\"><div class=\"wpb_wrapper\"><p>\u015eu anda Kuzey K\u0131br\u0131s&#8217;a girmek i\u00e7in a\u015f\u0131 ve PCR testi gerekli de\u011fildir.<\/p>\n<\/div><\/div><\/div><\/div><\/div><div class=\"w-tabs-section\" id=\"1619860838149-eb0cf840-e669\" itemscope itemprop=\"mainEntity\" itemtype=\"https:\/\/schema.org\/Question\"><button class=\"w-tabs-section-header\" aria-controls=\"content-1619860838149-eb0cf840-e669\" aria-expanded=\"false\"><div class=\"w-tabs-section-title\" itemprop=\"name\">Online sat\u0131n alma<\/div><div class=\"w-tabs-section-control\"><\/div><\/button><div  class=\"w-tabs-section-content\" id=\"content-1619860838149-eb0cf840-e669\" itemscope itemprop=\"acceptedAnswer\" itemtype=\"https:\/\/schema.org\/Answer\"><div class=\"w-tabs-section-content-h i-cf\" itemprop=\"text\"><div class=\"wpb_text_column\"><div class=\"wpb_wrapper\"><p>Sat\u0131n almakla ilgileniyorsan\u0131z, WhatsApp ve g\u00f6r\u00fcnt\u00fcl\u00fc g\u00f6r\u00fc\u015fmeler yoluyla istedi\u011finiz daireleri g\u00f6rebilir ve se\u00e7tikten sonra, dairenizi 1 ay boyunca 1000 dolar tutar\u0131nda rezerve edin ve ard\u0131ndan pe\u015fin \u00f6demeye ge\u00e7in, online sat\u0131n alma i\u015flemi tamamen Sat\u0131n alma y\u00fcz y\u00fcze olacak ve g\u00f6r\u00fcnt\u00fcl\u00fc g\u00f6r\u00fc\u015fme \u015feklinde t\u00fcm ad\u0131mlarda haz\u0131r bulunacaks\u0131n\u0131z.<\/p>\n<\/div><\/div><\/div><\/div><\/div><div class=\"w-tabs-section\" id=\"1619861053758-5a38c889-2f6c\" itemscope itemprop=\"mainEntity\" itemtype=\"https:\/\/schema.org\/Question\"><button class=\"w-tabs-section-header\" aria-controls=\"content-1619861053758-5a38c889-2f6c\" aria-expanded=\"false\"><div class=\"w-tabs-section-title\" itemprop=\"name\">Rezerve olan dairey\u0131 de\u011fi\u015ftirme imkan\u0131<\/div><div class=\"w-tabs-section-control\"><\/div><\/button><div  class=\"w-tabs-section-content\" id=\"content-1619861053758-5a38c889-2f6c\" itemscope itemprop=\"acceptedAnswer\" itemtype=\"https:\/\/schema.org\/Answer\"><div class=\"w-tabs-section-content-h i-cf\" itemprop=\"text\"><div class=\"wpb_text_column\"><div class=\"wpb_wrapper\"><p>Rezervasyon veya \u00f6n \u00f6deme durumunda, herhangi bir ek \u00fccret \u00f6demeden \u00fcnitenizi istedi\u011finiz zaman daha k\u00fc\u00e7\u00fck veya daha b\u00fcy\u00fck bir \u00fcnite ile de\u011fi\u015ftirebilirsiniz ve bu durum s\u00f6zle\u015fmenizde belirtilecektir.<\/p>\n<\/div><\/div><\/div><\/div><\/div><div class=\"w-tabs-section\" id=\"1619861083333-70769fda-2738\" itemscope itemprop=\"mainEntity\" itemtype=\"https:\/\/schema.org\/Question\"><button class=\"w-tabs-section-header\" aria-controls=\"content-1619861083333-70769fda-2738\" aria-expanded=\"false\"><div class=\"w-tabs-section-title\" itemprop=\"name\">Online olarak al\u0131c\u0131lar i\u00e7in \u00f6zel \u015firket hediyeleri<\/div><div class=\"w-tabs-section-control\"><\/div><\/button><div  class=\"w-tabs-section-content\" id=\"content-1619861083333-70769fda-2738\" itemscope itemprop=\"acceptedAnswer\" itemtype=\"https:\/\/schema.org\/Answer\"><div class=\"w-tabs-section-content-h i-cf\" itemprop=\"text\"><div class=\"wpb_text_column\"><div class=\"wpb_wrapper\"><ul>\n<li>5 adet ana mutfak aleti (f\u0131r\u0131n, davlumbaz, gaz, b\u00fcy\u00fck buzdolab\u0131 ve \u00e7ama\u015f\u0131r makinesi)<\/li>\n<\/ul>\n<\/div><\/div><\/div><\/div><\/div><div class=\"w-tabs-section\" id=\"1619861177135-89018d55-e7eb\" itemscope itemprop=\"mainEntity\" itemtype=\"https:\/\/schema.org\/Question\"><button class=\"w-tabs-section-header\" aria-controls=\"content-1619861177135-89018d55-e7eb\" aria-expanded=\"false\"><div class=\"w-tabs-section-title\" itemprop=\"name\">CYPRUS INTIME \u015firketinin \u00fccretsiz hizmetleri<\/div><div class=\"w-tabs-section-control\"><\/div><\/button><div  class=\"w-tabs-section-content\" id=\"content-1619861177135-89018d55-e7eb\" itemscope itemprop=\"acceptedAnswer\" itemtype=\"https:\/\/schema.org\/Answer\"><div class=\"w-tabs-section-content-h i-cf\" itemprop=\"text\"><div class=\"wpb_text_column\"><div class=\"wpb_wrapper\"><p>Cyprus Intime \u015eirketi olarak Kuzey K\u0131br\u0131s&#8217;ta \u00fccretsiz 3 g\u00fcn konaklama, \u00fccretsiz \u015fehir ve havaalan\u0131 transferi, \u015fehir turu ve Kuzey K\u0131br\u0131s&#8217;\u0131 tan\u0131tma, al\u0131\u015fveri\u015f turu vb. hizmetler sunuyoruz.<\/p>\n<\/div><\/div><\/div><\/div><\/div><div class=\"w-tabs-section\" id=\"1619860990869-e3ab8c53-4c05\" itemscope itemprop=\"mainEntity\" itemtype=\"https:\/\/schema.org\/Question\"><button class=\"w-tabs-section-header\" aria-controls=\"content-1619860990869-e3ab8c53-4c05\" aria-expanded=\"false\"><div class=\"w-tabs-section-title\" itemprop=\"name\">CYPRUS INTIME Investment Company&#8217;nin Kuzey K\u0131br\u0131s&#8217;ta m\u00fclk sat\u0131n alma alan\u0131ndaki hizmetleri<\/div><div class=\"w-tabs-section-control\"><\/div><\/button><div  class=\"w-tabs-section-content\" id=\"content-1619860990869-e3ab8c53-4c05\" itemscope itemprop=\"acceptedAnswer\" itemtype=\"https:\/\/schema.org\/Answer\"><div class=\"w-tabs-section-content-h i-cf\" itemprop=\"text\"><div class=\"wpb_text_column\"><div class=\"wpb_wrapper\"><p>CYPRUS INTIME Investment Company, mulk al\u0131m\u0131 ve yat\u0131r\u0131m\u0131 alan\u0131nda en iyi hizmetleri vererek, \u015f\u00fcphesiz Kuzey K\u0131br\u0131s&#8217;taki de\u011ferli hem\u015fehrilerimizin en iyi yasal temsilcisidir. S\u0131f\u0131rdan y\u00fcze mulk al\u0131m\u0131nda eksiksiz hizmetler, m\u00fc\u015fteri odakl\u0131l\u0131k, garanti ve ge\u00e7erli sat\u0131\u015f sonras\u0131 hizmet ve en eksiksiz koleksiyonu en iyi fiyata se\u00e7mek bu koleksiyonun idealleri aras\u0131ndad\u0131r.CYPRUS INIME Investment Company&#8217;nin hizmetlerinden baz\u0131lar\u0131 \u015funlard\u0131r:<\/p>\n<p>projeleri ziyaret etmek<br \/>\u00dccretsiz havaalan\u0131 transferi<br \/>3 g\u00fcn \u00fccretsiz konaklama<br \/>E\u011flence turlar\u0131<br \/>Al\u0131\u015fveri\u015f merkezi turlar\u0131<br \/>Daire sat\u0131n alma ve ikametin t\u00fcm a\u015famalar\u0131nda e\u015flik etmek<br \/>Banka kredisi dan\u0131\u015fmanl\u0131\u011f\u0131 ve yat\u0131r\u0131m f\u0131rsatlar\u0131<\/p>\n<\/div><\/div><\/div><\/div><\/div><\/div><\/div><\/div><\/div><\/div><\/div><\/section>\n","protected":false},"excerpt":{"rendered":"SSSKuzey K\u0131br\u0131s&#8217;ta m\u00fclk sat\u0131n alma hakk\u0131nda bilmeniz gereken her \u015fey Kuzey K\u0131br\u0131s&#8217;ta m\u00fclk sat\u0131n almak i\u00e7in genel ko\u015fullar \u00d6n sat\u0131\u015f daireler (6 aydan 4 y\u0131la kadar teslim): %30 pe\u015fin + %20 anahtar teslime kadar + kalan %50, 60 ayda faizsiz Haz\u0131r daireler: Anahtar tesliminde %50 + kalan %50, 24 ay i\u00e7inde faizsiz taksit \u00f6deme plan\u01314...","protected":false},"author":2,"featured_media":0,"parent":0,"menu_order":0,"comment_status":"closed","ping_status":"closed","template":"","meta":{"_joinchat":[],"footnotes":""},"class_list":["post-8698","page","type-page","status-publish","hentry"],"_links":{"self":[{"href":"https:\/\/intime-cyprus.com\/tr\/wp-json\/wp\/v2\/pages\/8698","targetHints":{"allow":["GET"]}}],"collection":[{"href":"https:\/\/intime-cyprus.com\/tr\/wp-json\/wp\/v2\/pages"}],"about":[{"href":"https:\/\/intime-cyprus.com\/tr\/wp-json\/wp\/v2\/types\/page"}],"author":[{"embeddable":true,"href":"https:\/\/intime-cyprus.com\/tr\/wp-json\/wp\/v2\/users\/2"}],"replies":[{"embeddable":true,"href":"https:\/\/intime-cyprus.com\/tr\/wp-json\/wp\/v2\/comments?post=8698"}],"version-history":[{"count":2,"href":"https:\/\/intime-cyprus.com\/tr\/wp-json\/wp\/v2\/pages\/8698\/revisions"}],"predecessor-version":[{"id":20808,"href":"https:\/\/intime-cyprus.com\/tr\/wp-json\/wp\/v2\/pages\/8698\/revisions\/20808"}],"wp:attachment":[{"href":"https:\/\/intime-cyprus.com\/tr\/wp-json\/wp\/v2\/media?parent=8698"}],"curies":[{"name":"wp","href":"https:\/\/api.w.org\/{rel}","templated":true}]}}